{"id":24,"date":"2014-04-09T20:41:39","date_gmt":"2014-04-09T18:41:39","guid":{"rendered":"http:\/\/www.elciclobcn.com\/de\/?page_id=24"},"modified":"2016-04-03T11:30:34","modified_gmt":"2016-04-03T09:30:34","slug":"fahrradverleih","status":"publish","type":"page","link":"https:\/\/www.elciclobcn.com\/de\/fahrradverleih\/","title":{"rendered":"Fahrradverleih"},"content":{"rendered":"<h3 style=\"text-align: center\"><strong>Entdecken Sie Barcelona mit dem Fahrrad!<\/strong><\/h3>\n<p>Suchen Sie nach einer originellen und alternativen M\u00f6glichkeit, die Stadt zu erobern? Dann mieten Sie ein Fahrrad bei El Ciclo. In den letzten Jahren hat sich Barcelona zu einer fahrradfreundlichen Stadt mit einem guten Radwegenetz entwickelt. Au\u00dferdem wurden wenig befahrene Stra\u00dfen als sichere Stra\u00dfen f\u00fcr Radfahrer gekennzeichnet, wo Autofahrer Radfahrer respektieren m\u00fcssen. Jedes Jahr kommen neue Radwege hinzu. Heute sind Sie definitiv nicht die einzige Person, die in Barcelona mit dem Rad f\u00e4hrt. Das milde Klima mit vielen Sonnenstunden und warmen Wintern macht die katalanische Hauptstadt zur perfekten \u201cFahrrad-Stadt\u201d.<\/p>\n<p>Im El Ciclo k\u00f6nnen Sie ein komfortables, gepflegtes Rad Ihrer Wahl leihen. Zus\u00e4tzlich erhalten Sie ein Fahrradschlo\u00df ohne Aufpreis. Sie finden uns im Gotischen Viertel, ganz in der N\u00e4he der ber\u00fchmten Ramblas.<\/p>\n<p>M\u00f6chten Sie Barcelona in einer gef\u00fchrten Tour mit einem pers\u00f6nlichen Guide entdecken? Er kennt die sch\u00f6nen, f\u00fcr Ortsfremde verborgenen Winkel der Stadt und f\u00fchrt Sie zu bezaubernden Flecken abseits der Touristenpfade. Die F\u00fchrer von El Ciclo sprechen alle Englisch, aber wir bieten auf Wunsch auch Touren in einer anderen Sprache an.<\/p>\n<h3><strong>Preise f\u00fcr den Fahrradverleih<\/strong><\/h3>\n<p>2 Stunden\u00a0\u00a0\u00a0\u00a0\u00a0\u00a0\u00a0\u00a0\u00a0\u00a0\u00a0 \u00a0\u00a0\u00a0\u00a0\u00a0\u00a0\u00a0\u00a0\u00a0\u00a0\u00a0 \u20ac6<\/p>\n<p>4 Stunden \u00a0\u00a0\u00a0\u00a0\u00a0\u00a0\u00a0\u00a0\u00a0\u00a0\u00a0 \u00a0\u00a0\u00a0\u00a0\u00a0\u00a0\u00a0\u00a0\u00a0\u00a0\u00a0 \u20ac8<\/p>\n<p>8 Stunden \u00a0\u00a0\u00a0\u00a0\u00a0\u00a0\u00a0\u00a0\u00a0\u00a0\u00a0 \u00a0\u00a0\u00a0\u00a0\u00a0\u00a0\u00a0\u00a0\u00a0\u00a0\u00a0 \u20ac12<\/p>\n<p>1 \u00a0Tag (24 Stunden) \u00a0 \u00a0 \u00a0 \u20ac16<\/p>\n<h3><strong>Wie funktioniert es?<\/strong><\/h3>\n<p>&#8211; W\u00e4hlen Sie im Laden das passende Fahrrad aus.<br \/>\n&#8211; F\u00fcllen Sie das Vertragsformular aus.<br \/>\n&#8211; Bezahlen Sie die Leihgeb\u00fchr im Voraus.<br \/>\n&#8211; Falls Sie reservieren m\u00f6chten, k\u00f6nnen Sie entweder im Voraus bezahlen oder das Rad ohne Bezahlung reservieren. Sollten Sie nicht im Voraus bezahlen, wird Ihre Reservierung ung\u00fcltig, wenn Sie nicht innerhalb einer Stunde nach dem vereinbarten Abholtermin erscheinen.<br \/>\n&#8211; Wir erheben eine Geb\u00fchr in H\u00f6he von 50 Euro als Pfand.<br \/>\n&#8211; Falls Sie das Fahrrad l\u00e4nger nutzen wollen, als vertraglich vereinbart, kontaktieren Sie bitte El Ciclo und teilen uns mit, wann Sie das Fahrrad zur\u00fcckbringen m\u00f6chten. Die Extrastunden zahlen Sie dann bei R\u00fcckgabe des Rades:<\/p>\n<p>Kontakt: +34 93 624 3920, ramiro@elciclobcn.com or Facebook.com\/RCicloBCN<\/p>\n<p>Lassen Sie das Fahrrad niemals unverschlossen, und schlie\u00dfen Sie es m\u00f6glichst an einem daf\u00fcr vorgesehen Fahrradst\u00e4nder an.<\/p>\n<h3 style=\"text-align: center\" align=\"center\"><strong>Viel Spa\u00df auf Ihrer Entdeckungsreise per Rad!<\/strong><\/h3>\n","protected":false},"excerpt":{"rendered":"<p>Entdecken Sie Barcelona mit dem Fahrrad! Suchen Sie nach einer originellen und alternativen M\u00f6glichkeit, die Stadt zu erobern? Dann mieten Sie ein Fahrrad bei El Ciclo. In den letzten Jahren hat sich Barcelona zu einer fahrradfreundlichen Stadt mit einem guten Radwegenetz entwickelt. Au\u00dferdem wurden wenig befahrene Stra\u00dfen als sichere Stra\u00dfen f\u00fcr Radfahrer gekennzeichnet, wo Autofahrer [&hellip;]<\/p>\n","protected":false},"author":1,"featured_media":0,"parent":0,"menu_order":0,"comment_status":"open","ping_status":"open","template":"page-full.php","meta":{"_et_pb_use_builder":"","_et_pb_old_content":"","_et_gb_content_width":"","_monsterinsights_skip_tracking":false,"_monsterinsights_sitenote_active":false,"_monsterinsights_sitenote_note":"","_monsterinsights_sitenote_category":0,"footnotes":""},"class_list":["post-24","page","type-page","status-publish","hentry"],"yoast_head":"<!-- This site is optimized with the Yoast SEO plugin v23.2 - https:\/\/yoast.com\/wordpress\/plugins\/seo\/ -->\n<title>Fahrradverleih - El Ciclo Barcelona<\/title>\n<meta name=\"robots\" content=\"index, follow, max-snippet:-1, max-image-preview:large, max-video-preview:-1\" \/>\n<link rel=\"canonical\" href=\"https:\/\/www.elciclobcn.com\/de\/fahrradverleih\/\" \/>\n<meta property=\"og:locale\" content=\"de_DE\" \/>\n<meta property=\"og:type\" content=\"article\" \/>\n<meta property=\"og:title\" content=\"Fahrradverleih - El Ciclo Barcelona\" \/>\n<meta property=\"og:description\" content=\"Entdecken Sie Barcelona mit dem Fahrrad! Suchen Sie nach einer originellen und alternativen M\u00f6glichkeit, die Stadt zu erobern? Dann mieten Sie ein Fahrrad bei El Ciclo. In den letzten Jahren hat sich Barcelona zu einer fahrradfreundlichen Stadt mit einem guten Radwegenetz entwickelt. Au\u00dferdem wurden wenig befahrene Stra\u00dfen als sichere Stra\u00dfen f\u00fcr Radfahrer gekennzeichnet, wo Autofahrer [&hellip;]\" \/>\n<meta property=\"og:url\" content=\"https:\/\/www.elciclobcn.com\/de\/fahrradverleih\/\" \/>\n<meta property=\"og:site_name\" content=\"El Ciclo Barcelona\" \/>\n<meta property=\"article:modified_time\" content=\"2016-04-03T09:30:34+00:00\" \/>\n<meta name=\"twitter:label1\" content=\"Gesch\u00e4tzte Lesezeit\" \/>\n\t<meta name=\"twitter:data1\" content=\"2\u00a0Minuten\" \/>\n<script type=\"application\/ld+json\" class=\"yoast-schema-graph\">{\"@context\":\"https:\/\/schema.org\",\"@graph\":[{\"@type\":\"WebPage\",\"@id\":\"https:\/\/www.elciclobcn.com\/de\/fahrradverleih\/\",\"url\":\"https:\/\/www.elciclobcn.com\/de\/fahrradverleih\/\",\"name\":\"Fahrradverleih - El Ciclo Barcelona\",\"isPartOf\":{\"@id\":\"https:\/\/www.elciclobcn.com\/de\/#website\"},\"datePublished\":\"2014-04-09T18:41:39+00:00\",\"dateModified\":\"2016-04-03T09:30:34+00:00\",\"inLanguage\":\"de\",\"potentialAction\":[{\"@type\":\"ReadAction\",\"target\":[\"https:\/\/www.elciclobcn.com\/de\/fahrradverleih\/\"]}]},{\"@type\":\"WebSite\",\"@id\":\"https:\/\/www.elciclobcn.com\/de\/#website\",\"url\":\"https:\/\/www.elciclobcn.com\/de\/\",\"name\":\"El Ciclo Barcelona\",\"description\":\"bike rental, repair &amp; sale\",\"potentialAction\":[{\"@type\":\"SearchAction\",\"target\":{\"@type\":\"EntryPoint\",\"urlTemplate\":\"https:\/\/www.elciclobcn.com\/de\/?s={search_term_string}\"},\"query-input\":\"required name=search_term_string\"}],\"inLanguage\":\"de\"}]}<\/script>\n<!-- \/ Yoast SEO plugin. -->","yoast_head_json":{"title":"Fahrradverleih - El Ciclo Barcelona","robots":{"index":"index","follow":"follow","max-snippet":"max-snippet:-1","max-image-preview":"max-image-preview:large","max-video-preview":"max-video-preview:-1"},"canonical":"https:\/\/www.elciclobcn.com\/de\/fahrradverleih\/","og_locale":"de_DE","og_type":"article","og_title":"Fahrradverleih - El Ciclo Barcelona","og_description":"Entdecken Sie Barcelona mit dem Fahrrad! Suchen Sie nach einer originellen und alternativen M\u00f6glichkeit, die Stadt zu erobern? Dann mieten Sie ein Fahrrad bei El Ciclo. In den letzten Jahren hat sich Barcelona zu einer fahrradfreundlichen Stadt mit einem guten Radwegenetz entwickelt. Au\u00dferdem wurden wenig befahrene Stra\u00dfen als sichere Stra\u00dfen f\u00fcr Radfahrer gekennzeichnet, wo Autofahrer [&hellip;]","og_url":"https:\/\/www.elciclobcn.com\/de\/fahrradverleih\/","og_site_name":"El Ciclo Barcelona","article_modified_time":"2016-04-03T09:30:34+00:00","twitter_misc":{"Gesch\u00e4tzte Lesezeit":"2\u00a0Minuten"},"schema":{"@context":"https:\/\/schema.org","@graph":[{"@type":"WebPage","@id":"https:\/\/www.elciclobcn.com\/de\/fahrradverleih\/","url":"https:\/\/www.elciclobcn.com\/de\/fahrradverleih\/","name":"Fahrradverleih - El Ciclo Barcelona","isPartOf":{"@id":"https:\/\/www.elciclobcn.com\/de\/#website"},"datePublished":"2014-04-09T18:41:39+00:00","dateModified":"2016-04-03T09:30:34+00:00","inLanguage":"de","potentialAction":[{"@type":"ReadAction","target":["https:\/\/www.elciclobcn.com\/de\/fahrradverleih\/"]}]},{"@type":"WebSite","@id":"https:\/\/www.elciclobcn.com\/de\/#website","url":"https:\/\/www.elciclobcn.com\/de\/","name":"El Ciclo Barcelona","description":"bike rental, repair &amp; sale","potentialAction":[{"@type":"SearchAction","target":{"@type":"EntryPoint","urlTemplate":"https:\/\/www.elciclobcn.com\/de\/?s={search_term_string}"},"query-input":"required name=search_term_string"}],"inLanguage":"de"}]}},"_links":{"self":[{"href":"https:\/\/www.elciclobcn.com\/de\/wp-json\/wp\/v2\/pages\/24","targetHints":{"allow":["GET"]}}],"collection":[{"href":"https:\/\/www.elciclobcn.com\/de\/wp-json\/wp\/v2\/pages"}],"about":[{"href":"https:\/\/www.elciclobcn.com\/de\/wp-json\/wp\/v2\/types\/page"}],"author":[{"embeddable":true,"href":"https:\/\/www.elciclobcn.com\/de\/wp-json\/wp\/v2\/users\/1"}],"replies":[{"embeddable":true,"href":"https:\/\/www.elciclobcn.com\/de\/wp-json\/wp\/v2\/comments?post=24"}],"version-history":[{"count":0,"href":"https:\/\/www.elciclobcn.com\/de\/wp-json\/wp\/v2\/pages\/24\/revisions"}],"wp:attachment":[{"href":"https:\/\/www.elciclobcn.com\/de\/wp-json\/wp\/v2\/media?parent=24"}],"curies":[{"name":"wp","href":"https:\/\/api.w.org\/{rel}","templated":true}]}}