{"id":30,"date":"2014-04-09T20:51:56","date_gmt":"2014-04-09T18:51:56","guid":{"rendered":"http:\/\/www.elciclobcn.com\/de\/?page_id=30"},"modified":"2014-04-09T20:55:10","modified_gmt":"2014-04-09T18:55:10","slug":"produkte","status":"publish","type":"page","link":"https:\/\/www.elciclobcn.com\/de\/produkte\/","title":{"rendered":"Produkte"},"content":{"rendered":"<h3><strong>Produkte<\/strong><\/h3>\n<p>El Ciclo bietet in erster Linie Fahrradverleih und \u2013reparatur, aber wir verkaufen auch Fahrr\u00e4der, vor allem Stadtr\u00e4der und Second-hand-R\u00e4der. Kommen Sie vorbei und machen Sie sich selbst ein Bild. Unsere Leihr\u00e4der stehen auch zum Verkauf, und wir bieten Teile, Komponenten und Zubeh\u00f6r. Au\u00dferdem finden Sie eine <a href=\"http:\/\/www.elciclobcn.com\/de\/lampen\/\">Lampenkollektion<\/a>, hergestellt aus alten Fahrradteilen.<\/p>\n","protected":false},"excerpt":{"rendered":"<p>Produkte El Ciclo bietet in erster Linie Fahrradverleih und \u2013reparatur, aber wir verkaufen auch Fahrr\u00e4der, vor allem Stadtr\u00e4der und Second-hand-R\u00e4der. Kommen Sie vorbei und machen Sie sich selbst ein Bild. Unsere Leihr\u00e4der stehen auch zum Verkauf, und wir bieten Teile, Komponenten und Zubeh\u00f6r. Au\u00dferdem finden Sie eine Lampenkollektion, hergestellt aus alten Fahrradteilen.<\/p>\n","protected":false},"author":1,"featured_media":0,"parent":0,"menu_order":0,"comment_status":"open","ping_status":"open","template":"page-full.php","meta":{"_et_pb_use_builder":"","_et_pb_old_content":"","_et_gb_content_width":"","_monsterinsights_skip_tracking":false,"_monsterinsights_sitenote_active":false,"_monsterinsights_sitenote_note":"","_monsterinsights_sitenote_category":0,"footnotes":""},"class_list":["post-30","page","type-page","status-publish","hentry"],"yoast_head":"<!-- This site is optimized with the Yoast SEO plugin v23.2 - https:\/\/yoast.com\/wordpress\/plugins\/seo\/ -->\n<title>Produkte - El Ciclo Barcelona<\/title>\n<meta name=\"robots\" content=\"index, follow, max-snippet:-1, max-image-preview:large, max-video-preview:-1\" \/>\n<link rel=\"canonical\" href=\"https:\/\/www.elciclobcn.com\/de\/produkte\/\" \/>\n<meta property=\"og:locale\" content=\"de_DE\" \/>\n<meta property=\"og:type\" content=\"article\" \/>\n<meta property=\"og:title\" content=\"Produkte - El Ciclo Barcelona\" \/>\n<meta property=\"og:description\" content=\"Produkte El Ciclo bietet in erster Linie Fahrradverleih und \u2013reparatur, aber wir verkaufen auch Fahrr\u00e4der, vor allem Stadtr\u00e4der und Second-hand-R\u00e4der. Kommen Sie vorbei und machen Sie sich selbst ein Bild. Unsere Leihr\u00e4der stehen auch zum Verkauf, und wir bieten Teile, Komponenten und Zubeh\u00f6r. Au\u00dferdem finden Sie eine Lampenkollektion, hergestellt aus alten Fahrradteilen.\" \/>\n<meta property=\"og:url\" content=\"https:\/\/www.elciclobcn.com\/de\/produkte\/\" \/>\n<meta property=\"og:site_name\" content=\"El Ciclo Barcelona\" \/>\n<meta property=\"article:modified_time\" content=\"2014-04-09T18:55:10+00:00\" \/>\n<script type=\"application\/ld+json\" class=\"yoast-schema-graph\">{\"@context\":\"https:\/\/schema.org\",\"@graph\":[{\"@type\":\"WebPage\",\"@id\":\"https:\/\/www.elciclobcn.com\/de\/produkte\/\",\"url\":\"https:\/\/www.elciclobcn.com\/de\/produkte\/\",\"name\":\"Produkte - El Ciclo Barcelona\",\"isPartOf\":{\"@id\":\"https:\/\/www.elciclobcn.com\/de\/#website\"},\"datePublished\":\"2014-04-09T18:51:56+00:00\",\"dateModified\":\"2014-04-09T18:55:10+00:00\",\"inLanguage\":\"de\",\"potentialAction\":[{\"@type\":\"ReadAction\",\"target\":[\"https:\/\/www.elciclobcn.com\/de\/produkte\/\"]}]},{\"@type\":\"WebSite\",\"@id\":\"https:\/\/www.elciclobcn.com\/de\/#website\",\"url\":\"https:\/\/www.elciclobcn.com\/de\/\",\"name\":\"El Ciclo Barcelona\",\"description\":\"bike rental, repair &amp; sale\",\"potentialAction\":[{\"@type\":\"SearchAction\",\"target\":{\"@type\":\"EntryPoint\",\"urlTemplate\":\"https:\/\/www.elciclobcn.com\/de\/?s={search_term_string}\"},\"query-input\":\"required name=search_term_string\"}],\"inLanguage\":\"de\"}]}<\/script>\n<!-- \/ Yoast SEO plugin. -->","yoast_head_json":{"title":"Produkte - El Ciclo Barcelona","robots":{"index":"index","follow":"follow","max-snippet":"max-snippet:-1","max-image-preview":"max-image-preview:large","max-video-preview":"max-video-preview:-1"},"canonical":"https:\/\/www.elciclobcn.com\/de\/produkte\/","og_locale":"de_DE","og_type":"article","og_title":"Produkte - El Ciclo Barcelona","og_description":"Produkte El Ciclo bietet in erster Linie Fahrradverleih und \u2013reparatur, aber wir verkaufen auch Fahrr\u00e4der, vor allem Stadtr\u00e4der und Second-hand-R\u00e4der. Kommen Sie vorbei und machen Sie sich selbst ein Bild. Unsere Leihr\u00e4der stehen auch zum Verkauf, und wir bieten Teile, Komponenten und Zubeh\u00f6r. Au\u00dferdem finden Sie eine Lampenkollektion, hergestellt aus alten Fahrradteilen.","og_url":"https:\/\/www.elciclobcn.com\/de\/produkte\/","og_site_name":"El Ciclo Barcelona","article_modified_time":"2014-04-09T18:55:10+00:00","schema":{"@context":"https:\/\/schema.org","@graph":[{"@type":"WebPage","@id":"https:\/\/www.elciclobcn.com\/de\/produkte\/","url":"https:\/\/www.elciclobcn.com\/de\/produkte\/","name":"Produkte - El Ciclo Barcelona","isPartOf":{"@id":"https:\/\/www.elciclobcn.com\/de\/#website"},"datePublished":"2014-04-09T18:51:56+00:00","dateModified":"2014-04-09T18:55:10+00:00","inLanguage":"de","potentialAction":[{"@type":"ReadAction","target":["https:\/\/www.elciclobcn.com\/de\/produkte\/"]}]},{"@type":"WebSite","@id":"https:\/\/www.elciclobcn.com\/de\/#website","url":"https:\/\/www.elciclobcn.com\/de\/","name":"El Ciclo Barcelona","description":"bike rental, repair &amp; sale","potentialAction":[{"@type":"SearchAction","target":{"@type":"EntryPoint","urlTemplate":"https:\/\/www.elciclobcn.com\/de\/?s={search_term_string}"},"query-input":"required name=search_term_string"}],"inLanguage":"de"}]}},"_links":{"self":[{"href":"https:\/\/www.elciclobcn.com\/de\/wp-json\/wp\/v2\/pages\/30","targetHints":{"allow":["GET"]}}],"collection":[{"href":"https:\/\/www.elciclobcn.com\/de\/wp-json\/wp\/v2\/pages"}],"about":[{"href":"https:\/\/www.elciclobcn.com\/de\/wp-json\/wp\/v2\/types\/page"}],"author":[{"embeddable":true,"href":"https:\/\/www.elciclobcn.com\/de\/wp-json\/wp\/v2\/users\/1"}],"replies":[{"embeddable":true,"href":"https:\/\/www.elciclobcn.com\/de\/wp-json\/wp\/v2\/comments?post=30"}],"version-history":[{"count":0,"href":"https:\/\/www.elciclobcn.com\/de\/wp-json\/wp\/v2\/pages\/30\/revisions"}],"wp:attachment":[{"href":"https:\/\/www.elciclobcn.com\/de\/wp-json\/wp\/v2\/media?parent=30"}],"curies":[{"name":"wp","href":"https:\/\/api.w.org\/{rel}","templated":true}]}}