{"id":6,"date":"2014-03-22T17:04:56","date_gmt":"2014-03-22T16:04:56","guid":{"rendered":"http:\/\/www.elciclobcn.com\/de\/?page_id=6"},"modified":"2025-06-16T13:28:10","modified_gmt":"2025-06-16T11:28:10","slug":"home","status":"publish","type":"page","link":"https:\/\/www.elciclobcn.com\/de\/","title":{"rendered":"Home"},"content":{"rendered":"<p>[et_pb_section fb_built=&#8220;1&#8243; fullwidth=&#8220;on&#8220; _builder_version=&#8220;4.16&#8243; global_colors_info=&#8220;{}&#8220;][et_pb_fullwidth_header title=&#8220;El Ciclo&#8220; subhead=&#8220;Der beste und originellste Shop f\u00fcr Fahrradtouren, Fahrradvermietung und -kunst in Barcelona&#8220; text_orientation=&#8220;center&#8220; button_one_text=&#8220;Jetzt buchen&#8220; button_one_url=&#8220;https:\/\/www.elciclobcn.com\/de\/buchen\/&#8220; button_two_text=&#8220;Mehr lesen&#8220; _builder_version=&#8220;4.20.2&#8243; title_font=&#8220;|800||on|||||&#8220; title_text_align=&#8220;center&#8220; title_text_color=&#8220;#000000&#8243; title_font_size=&#8220;58px&#8220; title_letter_spacing=&#8220;1px&#8220; title_line_height=&#8220;1.6em&#8220; content_text_align=&#8220;center&#8220; content_text_color=&#8220;#000000&#8243; subhead_text_align=&#8220;center&#8220; subhead_text_color=&#8220;#000000&#8243; subhead_font_size=&#8220;22px&#8220; background_color=&#8220;rgba(255, 255, 255, 0)&#8220; background_image=&#8220;https:\/\/www.elciclobcn.com\/de\/wp-content\/uploads\/sites\/5\/2016\/08\/Fahrrad-mieten-Barcelona.jpg&#8220; custom_button_one=&#8220;on&#8220; button_one_text_color=&#8220;#000000&#8243; custom_button_two=&#8220;on&#8220; button_two_text_color=&#8220;#000000&#8243; background_layout=&#8220;light&#8220; global_colors_info=&#8220;{}&#8220; button_one_text_size__hover_enabled=&#8220;off&#8220; button_two_text_size__hover_enabled=&#8220;off&#8220; button_one_text_color__hover_enabled=&#8220;off&#8220; button_two_text_color__hover_enabled=&#8220;off&#8220; button_one_border_width__hover_enabled=&#8220;off&#8220; button_two_border_width__hover_enabled=&#8220;off&#8220; button_one_border_color__hover_enabled=&#8220;off&#8220; button_two_border_color__hover_enabled=&#8220;off&#8220; button_one_border_radius__hover_enabled=&#8220;off&#8220; button_two_border_radius__hover_enabled=&#8220;off&#8220; button_one_letter_spacing__hover_enabled=&#8220;off&#8220; button_two_letter_spacing__hover_enabled=&#8220;off&#8220; button_one_bg_color__hover_enabled=&#8220;off&#8220; button_two_bg_color__hover_enabled=&#8220;off&#8220;][\/et_pb_fullwidth_header][\/et_pb_section][et_pb_section fb_built=&#8220;1&#8243; _builder_version=&#8220;4.16&#8243; custom_padding=&#8220;5px|0px|0px|0px&#8220; global_colors_info=&#8220;{}&#8220;][et_pb_row column_structure=&#8220;1_3,1_3,1_3&#8243; _builder_version=&#8220;4.16&#8243; background_size=&#8220;initial&#8220; background_position=&#8220;top_left&#8220; background_repeat=&#8220;repeat&#8220; global_colors_info=&#8220;{}&#8220;][et_pb_column type=&#8220;1_3&#8243; _builder_version=&#8220;4.16&#8243; custom_padding=&#8220;|||&#8220; global_colors_info=&#8220;{}&#8220; custom_padding__hover=&#8220;|||&#8220;][et_pb_text _builder_version=&#8220;4.16&#8243; global_colors_info=&#8220;{}&#8220;]<\/p>\n<h2><img loading=\"lazy\" decoding=\"async\" class=\"aligncenter size-full wp-image-181\" src=\"wp-content\/uploads\/sites\/5\/2018\/03\/Fahrradtour.jpg\" alt=\"\" width=\"300\" height=\"225\" \/><\/h2>\n<h2 style=\"text-align: center;\">Fahrradtour<\/h2>\n<p style=\"text-align: center;\">Entdecken Sie das echte Barcelona bei unseren beliebten Fahrradtouren in deutscher Sprache. Sie fahren mit einem privaten F\u00fchrer, der die Geheimnisse der Stadt kennt und Ihnen die sch\u00f6nsten Pl\u00e4tze zeigt. Unsere Guides passen die Tour individuell an jede Gruppe an und geben Ihnen unz\u00e4hlige Tipps f\u00fcr einen perfekten St\u00e4dtetrip.<\/p>\n<p style=\"text-align: center;\"><span style=\"text-decoration: underline;\"><strong><a href=\"private-fahrradtour\/\">&gt;&gt; Weitere Informationen<\/a><\/strong><\/span><br \/>\n<span style=\"text-decoration: underline;\"><strong> <a href=\"buchen\/\">&gt;&gt; Klicken Sie hier, um direkt zu reservieren<\/a><\/strong><\/span><\/p>\n<p>[\/et_pb_text][\/et_pb_column][et_pb_column type=&#8220;1_3&#8243; _builder_version=&#8220;4.16&#8243; custom_padding=&#8220;|||&#8220; global_colors_info=&#8220;{}&#8220; custom_padding__hover=&#8220;|||&#8220;][et_pb_text _builder_version=&#8220;4.16&#8243; global_colors_info=&#8220;{}&#8220;]<\/p>\n<h2><img loading=\"lazy\" decoding=\"async\" class=\"aligncenter size-full wp-image-180\" src=\"wp-content\/uploads\/sites\/5\/2018\/03\/Fahrrad-mieten.jpg\" alt=\"\" width=\"300\" height=\"225\" \/><\/h2>\n<h2 style=\"text-align: center;\">Fahrrad mieten<\/h2>\n<p style=\"text-align: center;\">Bei El Ciclo mieten Sie ein komfortables City-Bike, mit dem Sie die Stadt bequem selbst entdecken k\u00f6nnen. K\u00f6rbe, Kindersitze, gute Schl\u00f6sser und ein Helm sind im Preis inbegriffen. Sehen Sie die Stadt mit den Augen der Einheimischen und entdecken Sie Barcelona auf einem Fahrrad! Reservieren wird empfohlen.<\/p>\n<p style=\"text-align: center;\"><span style=\"text-decoration: underline;\"><strong><a href=\"fahrrad-mieten\/\">&gt;&gt; Weitere Informationen<\/a><\/strong><\/span><br \/>\n<span style=\"text-decoration: underline;\"><strong> <a href=\"buchen\/\">&gt;&gt; Klicken Sie hier, um direkt zu reservieren<\/a><\/strong><\/span><\/p>\n<p>[\/et_pb_text][\/et_pb_column][et_pb_column type=&#8220;1_3&#8243; _builder_version=&#8220;4.16&#8243; custom_padding=&#8220;|||&#8220; global_colors_info=&#8220;{}&#8220; custom_padding__hover=&#8220;|||&#8220;][et_pb_text _builder_version=&#8220;4.16&#8243; global_colors_info=&#8220;{}&#8220;]<\/p>\n<h2><img loading=\"lazy\" decoding=\"async\" class=\"aligncenter wp-image-308 size-full\" src=\"https:\/\/www.elciclobcn.com\/de\/wp-content\/uploads\/sites\/5\/2019\/09\/Ramiro_El_Ciclo_small.jpg\" alt=\"Ramiro El Ciclo\" width=\"300\" height=\"225\" \/><\/h2>\n<h2 style=\"text-align: center;\">Concept Store<\/h2>\n<p style=\"text-align: center;\">El Ciclo\u00a0ist eine wahre Hommage an das Zweirad. Sind Sie ein Fahrradenthusiast? Kommen Sie vorbei! Wir zeigen Ihnen gerne den Laden und die Werkstatt.\u00a0Wer aufmerksam ist, findet \u00fcberall Fahrr\u00e4der und Fahrradteile, manchmal gut versteckt&#8230;<\/p>\n<p style=\"text-align: center;\">\n<p style=\"text-align: center;\"><span style=\"text-decoration: underline;\"><strong><a href=\"https:\/\/www.elciclobcn.com\/de\/theme-store\/\">&gt;&gt; Weitere Informationen<\/a><\/strong><\/span><span style=\"text-decoration: underline;\"><strong><br \/><\/strong><\/span><\/p>\n<p>[\/et_pb_text][\/et_pb_column][\/et_pb_row][\/et_pb_section][et_pb_section fb_built=&#8220;1&#8243; _builder_version=&#8220;4.16&#8243; custom_padding=&#8220;0px|0px|0px|0px&#8220; global_colors_info=&#8220;{}&#8220;][et_pb_row _builder_version=&#8220;4.16&#8243; background_size=&#8220;initial&#8220; background_position=&#8220;top_left&#8220; background_repeat=&#8220;repeat&#8220; custom_padding=&#8220;0px|0px|0px|0px&#8220; global_colors_info=&#8220;{}&#8220;][et_pb_column type=&#8220;4_4&#8243; _builder_version=&#8220;4.16&#8243; custom_padding=&#8220;|||&#8220; global_colors_info=&#8220;{}&#8220; custom_padding__hover=&#8220;|||&#8220;][et_pb_text _builder_version=&#8220;4.16&#8243; global_colors_info=&#8220;{}&#8220;]<\/p>\n<h1 style=\"text-align: center;\">Warum sollten Sie El Ciclo w\u00e4hlen?<\/h1>\n<p>[\/et_pb_text][\/et_pb_column][\/et_pb_row][et_pb_row column_structure=&#8220;1_2,1_2&#8243; _builder_version=&#8220;4.16&#8243; background_size=&#8220;initial&#8220; background_position=&#8220;top_left&#8220; background_repeat=&#8220;repeat&#8220; custom_padding=&#8220;27px|0px|26px|0px|false|false&#8220; global_colors_info=&#8220;{}&#8220;][et_pb_column type=&#8220;1_2&#8243; _builder_version=&#8220;4.16&#8243; custom_padding=&#8220;|||&#8220; global_colors_info=&#8220;{}&#8220; custom_padding__hover=&#8220;|||&#8220;][et_pb_video src=&#8220;https:\/\/www.youtube.com\/watch?v=h5ojOw3CC94&#8243; disabled_on=&#8220;on|on|on&#8220; _builder_version=&#8220;4.20.2&#8243; disabled=&#8220;on&#8220; global_colors_info=&#8220;{}&#8220;]<br \/>\n[\/et_pb_video][et_pb_image src=&#8220;https:\/\/www.elciclobcn.com\/de\/wp-content\/uploads\/sites\/5\/2024\/08\/overlay_video_png.png&#8220; alt=&#8220;overlay foto&#8220; title_text=&#8220;overlay_video_png&#8220; url=&#8220;https:\/\/youtu.be\/h5ojOw3CC94&#8243; url_new_window=&#8220;on&#8220; _builder_version=&#8220;4.20.2&#8243; _module_preset=&#8220;default&#8220; global_colors_info=&#8220;{}&#8220;][\/et_pb_image][\/et_pb_column][et_pb_column type=&#8220;1_2&#8243; _builder_version=&#8220;4.16&#8243; custom_padding=&#8220;|||&#8220; global_colors_info=&#8220;{}&#8220; custom_padding__hover=&#8220;|||&#8220;][et_pb_text _builder_version=&#8220;4.16&#8243; global_colors_info=&#8220;{}&#8220;]<\/p>\n<h3><\/h3>\n<h3>Wir bieten:<\/h3>\n<p>&nbsp;<\/p>\n<ul>\n<li><strong style=\"color: #333333; font-size: 16px;\">einen sehr pers\u00f6nlichen Service und viel Flexibilit\u00e4t.<\/strong><\/li>\n<li>\n<h5><strong>hochwertige Fahrr\u00e4der und Sicherheit an erster Stelle.<\/strong><\/h5>\n<\/li>\n<li>\n<h5><strong>private Guides, die die Stadt wirklich kennen.<\/strong><\/h5>\n<\/li>\n<li>\n<h5><strong>kleine Gruppen, individuelle Betreuung.<\/strong><\/h5>\n<\/li>\n<li>\n<h5><strong>mehr als Radtouren und Vermietungen. <\/strong><\/h5>\n<h5><\/h5>\n<p>&nbsp;<\/li>\n<\/ul>\n<p>[\/et_pb_text][\/et_pb_column][\/et_pb_row][et_pb_row _builder_version=&#8220;4.16&#8243; background_size=&#8220;initial&#8220; background_position=&#8220;top_left&#8220; background_repeat=&#8220;repeat&#8220; custom_padding=&#8220;0px|0px|0|0px|false|false&#8220; global_colors_info=&#8220;{}&#8220;][et_pb_column type=&#8220;4_4&#8243; _builder_version=&#8220;4.16&#8243; custom_padding=&#8220;|||&#8220; global_colors_info=&#8220;{}&#8220; custom_padding__hover=&#8220;|||&#8220;][et_pb_text _builder_version=&#8220;4.16&#8243; global_colors_info=&#8220;{}&#8220;]<\/p>\n<h1 style=\"text-align: center;\">Wie erreichen Sie El Ciclo?<\/h1>\n<p>[\/et_pb_text][\/et_pb_column][\/et_pb_row][et_pb_row column_structure=&#8220;1_3,2_3&#8243; _builder_version=&#8220;4.16&#8243; background_size=&#8220;initial&#8220; background_position=&#8220;top_left&#8220; background_repeat=&#8220;repeat&#8220; custom_padding=&#8220;25.015625px|0px|0px|0px&#8220; global_colors_info=&#8220;{}&#8220;][et_pb_column type=&#8220;1_3&#8243; _builder_version=&#8220;4.16&#8243; custom_padding=&#8220;|||&#8220; global_colors_info=&#8220;{}&#8220; custom_padding__hover=&#8220;|||&#8220;][et_pb_text _builder_version=&#8220;4.27.4&#8243; hover_enabled=&#8220;0&#8243; global_colors_info=&#8220;{}&#8220; sticky_enabled=&#8220;0&#8243;]<\/p>\n<h3 style=\"text-align: center;\">Zu Fu\u00df<\/h3>\n<p style=\"text-align: center;\">Wenn Sie \u00fcber die Ramblas in Richtung Meer gehen, sto\u00dfen Sie am Ende links auf Restaurant Tapa Tapa und die Universit\u00e4t Elisava. Nehmen Sie diese Stra\u00dfe und gehen Sie weiter, bis Sie nach ein paar Minuten auf der Carrer de Nou de Sant Francesc sind und El Ciclo (Nr. 17) sehen.<\/p>\n<h3 style=\"text-align: center;\">Metro<\/h3>\n<p style=\"text-align: center;\">Wenn Sie mit der U-Bahn kommen, nehmen Sie die gr\u00fcne Linie L3 bis zur Metrostation Drassanes. Sie gehen ca. 100 m auf den Ramblas (Richtung Pla\u00e7a Catalunya) und biegen am Burger King rechts ab.<\/p>\n<h3 style=\"text-align: center;\">Unsere Adresse<\/h3>\n<p style=\"text-align: center;\">El Ciclo ist im Gotischen Viertel (barrio g\u00f3tico), in der N\u00e4he der Ramblas, Pla\u00e7a Reial und dem alten Hafen (Port Vell).<\/p>\n<p style=\"text-align: center;\"><strong>Carrer Nou de Sant Francesc 17<br \/>08002 Barcelona, El G\u00f2tic<br \/>0034 936243920 oder 662288751<\/strong><\/p>\n<h3 style=\"text-align: center;\">\u00d6ffnungszeiten<\/h3>\n<p style=\"text-align: center;\">Sommer (April-Oktober) Montag bis Sonntag 10.00-18.00 Uhr oder nach Vereinbarung<br \/>Winter (November-M\u00e4rz) Montag bis Samstag 10.00-18.00 Uhr und Sonntag allein nach Vereinbarung<\/p>\n<p>&nbsp;<\/p>\n<p>[\/et_pb_text][\/et_pb_column][et_pb_column type=&#8220;2_3&#8243; _builder_version=&#8220;4.16&#8243; custom_padding=&#8220;|||&#8220; global_colors_info=&#8220;{}&#8220; custom_padding__hover=&#8220;|||&#8220;][et_pb_text _builder_version=&#8220;4.16&#8243; global_colors_info=&#8220;{}&#8220;]<\/p>\n<p><iframe loading=\"lazy\" style=\"border: 0;\" src=\"https:\/\/www.google.com\/maps\/embed?pb=!4v1539598419241!6m8!1m7!1sCAoSLEFGMVFpcFBzcTNzUDM5c2NSb2pOd2hWQnlGR2NjQTJmTnpFd25xMy1ydnZi!2m2!1d41.37890396217736!2d2.177416658895481!3f30.61!4f3.0400000000000063!5f0.7820865974627469\" width=\"600\" height=\"450\" frameborder=\"0\" allowfullscreen=\"allowfullscreen\"><\/iframe><\/p>\n<p>[\/et_pb_text][et_pb_image src=&#8220;https:\/\/www.elciclobcn.com\/de\/wp-content\/uploads\/sites\/5\/2018\/03\/El-Ciclo-map-Google.jpg&#8220; align_tablet=&#8220;center&#8220; align_phone=&#8220;center&#8220; align_last_edited=&#8220;on|desktop&#8220; _builder_version=&#8220;4.16&#8243; global_colors_info=&#8220;{}&#8220;]<br \/>\n[\/et_pb_image][\/et_pb_column][\/et_pb_row][\/et_pb_section]<\/p>\n","protected":false},"excerpt":{"rendered":"<p>Fahrradtour Entdecken Sie das echte Barcelona bei unseren beliebten Fahrradtouren in deutscher Sprache. Sie fahren mit einem privaten F\u00fchrer, der die Geheimnisse der Stadt kennt und Ihnen die sch\u00f6nsten Pl\u00e4tze zeigt. Unsere Guides passen die Tour individuell an jede Gruppe an und geben Ihnen unz\u00e4hlige Tipps f\u00fcr einen perfekten St\u00e4dtetrip. &gt;&gt; Weitere Informationen &gt;&gt; Klicken [&hellip;]<\/p>\n","protected":false},"author":1,"featured_media":0,"parent":0,"menu_order":0,"comment_status":"open","ping_status":"open","template":"","meta":{"_et_pb_use_builder":"on","_et_pb_old_content":"","_et_gb_content_width":"","_monsterinsights_skip_tracking":false,"_monsterinsights_sitenote_active":false,"_monsterinsights_sitenote_note":"","_monsterinsights_sitenote_category":0,"footnotes":""},"class_list":["post-6","page","type-page","status-publish","hentry"],"yoast_head":"<!-- This site is optimized with the Yoast SEO plugin v23.2 - https:\/\/yoast.com\/wordpress\/plugins\/seo\/ -->\n<title>Home - El Ciclo Barcelona<\/title>\n<meta name=\"robots\" content=\"index, follow, max-snippet:-1, max-image-preview:large, max-video-preview:-1\" \/>\n<link rel=\"canonical\" href=\"https:\/\/www.elciclobcn.com\/de\/\" \/>\n<meta property=\"og:locale\" content=\"de_DE\" \/>\n<meta property=\"og:type\" content=\"article\" \/>\n<meta property=\"og:title\" content=\"Home - El Ciclo Barcelona\" \/>\n<meta property=\"og:description\" content=\"Fahrradtour Entdecken Sie das echte Barcelona bei unseren beliebten Fahrradtouren in deutscher Sprache. Sie fahren mit einem privaten F\u00fchrer, der die Geheimnisse der Stadt kennt und Ihnen die sch\u00f6nsten Pl\u00e4tze zeigt. Unsere Guides passen die Tour individuell an jede Gruppe an und geben Ihnen unz\u00e4hlige Tipps f\u00fcr einen perfekten St\u00e4dtetrip. &gt;&gt; Weitere Informationen &gt;&gt; Klicken [&hellip;]\" \/>\n<meta property=\"og:url\" content=\"https:\/\/www.elciclobcn.com\/de\/\" \/>\n<meta property=\"og:site_name\" content=\"El Ciclo Barcelona\" \/>\n<meta property=\"article:modified_time\" content=\"2025-06-16T11:28:10+00:00\" \/>\n<meta property=\"og:image\" content=\"https:\/\/www.elciclobcn.com\/de\/wp-content\/uploads\/sites\/5\/2019\/09\/Ramiro_El_Ciclo_small.jpg\" \/>\n<meta name=\"twitter:label1\" content=\"Gesch\u00e4tzte Lesezeit\" \/>\n\t<meta name=\"twitter:data1\" content=\"3\u00a0Minuten\" \/>\n<script type=\"application\/ld+json\" class=\"yoast-schema-graph\">{\"@context\":\"https:\/\/schema.org\",\"@graph\":[{\"@type\":\"WebPage\",\"@id\":\"https:\/\/www.elciclobcn.com\/de\/\",\"url\":\"https:\/\/www.elciclobcn.com\/de\/\",\"name\":\"Home - El Ciclo Barcelona\",\"isPartOf\":{\"@id\":\"https:\/\/www.elciclobcn.com\/de\/#website\"},\"primaryImageOfPage\":{\"@id\":\"https:\/\/www.elciclobcn.com\/de\/#primaryimage\"},\"image\":{\"@id\":\"https:\/\/www.elciclobcn.com\/de\/#primaryimage\"},\"thumbnailUrl\":\"https:\/\/www.elciclobcn.com\/de\/wp-content\/uploads\/sites\/5\/2019\/09\/Ramiro_El_Ciclo_small.jpg\",\"datePublished\":\"2014-03-22T16:04:56+00:00\",\"dateModified\":\"2025-06-16T11:28:10+00:00\",\"inLanguage\":\"de\",\"potentialAction\":[{\"@type\":\"ReadAction\",\"target\":[\"https:\/\/www.elciclobcn.com\/de\/\"]}]},{\"@type\":\"ImageObject\",\"inLanguage\":\"de\",\"@id\":\"https:\/\/www.elciclobcn.com\/de\/#primaryimage\",\"url\":\"https:\/\/www.elciclobcn.com\/de\/wp-content\/uploads\/sites\/5\/2019\/09\/Ramiro_El_Ciclo_small.jpg\",\"contentUrl\":\"https:\/\/www.elciclobcn.com\/de\/wp-content\/uploads\/sites\/5\/2019\/09\/Ramiro_El_Ciclo_small.jpg\",\"width\":300,\"height\":225,\"caption\":\"Ramiro El Ciclo\"},{\"@type\":\"WebSite\",\"@id\":\"https:\/\/www.elciclobcn.com\/de\/#website\",\"url\":\"https:\/\/www.elciclobcn.com\/de\/\",\"name\":\"El Ciclo Barcelona\",\"description\":\"bike rental, repair &amp; sale\",\"potentialAction\":[{\"@type\":\"SearchAction\",\"target\":{\"@type\":\"EntryPoint\",\"urlTemplate\":\"https:\/\/www.elciclobcn.com\/de\/?s={search_term_string}\"},\"query-input\":\"required name=search_term_string\"}],\"inLanguage\":\"de\"}]}<\/script>\n<!-- \/ Yoast SEO plugin. -->","yoast_head_json":{"title":"Home - El Ciclo Barcelona","robots":{"index":"index","follow":"follow","max-snippet":"max-snippet:-1","max-image-preview":"max-image-preview:large","max-video-preview":"max-video-preview:-1"},"canonical":"https:\/\/www.elciclobcn.com\/de\/","og_locale":"de_DE","og_type":"article","og_title":"Home - El Ciclo Barcelona","og_description":"Fahrradtour Entdecken Sie das echte Barcelona bei unseren beliebten Fahrradtouren in deutscher Sprache. Sie fahren mit einem privaten F\u00fchrer, der die Geheimnisse der Stadt kennt und Ihnen die sch\u00f6nsten Pl\u00e4tze zeigt. Unsere Guides passen die Tour individuell an jede Gruppe an und geben Ihnen unz\u00e4hlige Tipps f\u00fcr einen perfekten St\u00e4dtetrip. &gt;&gt; Weitere Informationen &gt;&gt; Klicken [&hellip;]","og_url":"https:\/\/www.elciclobcn.com\/de\/","og_site_name":"El Ciclo Barcelona","article_modified_time":"2025-06-16T11:28:10+00:00","og_image":[{"url":"https:\/\/www.elciclobcn.com\/de\/wp-content\/uploads\/sites\/5\/2019\/09\/Ramiro_El_Ciclo_small.jpg"}],"twitter_misc":{"Gesch\u00e4tzte Lesezeit":"3\u00a0Minuten"},"schema":{"@context":"https:\/\/schema.org","@graph":[{"@type":"WebPage","@id":"https:\/\/www.elciclobcn.com\/de\/","url":"https:\/\/www.elciclobcn.com\/de\/","name":"Home - El Ciclo Barcelona","isPartOf":{"@id":"https:\/\/www.elciclobcn.com\/de\/#website"},"primaryImageOfPage":{"@id":"https:\/\/www.elciclobcn.com\/de\/#primaryimage"},"image":{"@id":"https:\/\/www.elciclobcn.com\/de\/#primaryimage"},"thumbnailUrl":"https:\/\/www.elciclobcn.com\/de\/wp-content\/uploads\/sites\/5\/2019\/09\/Ramiro_El_Ciclo_small.jpg","datePublished":"2014-03-22T16:04:56+00:00","dateModified":"2025-06-16T11:28:10+00:00","inLanguage":"de","potentialAction":[{"@type":"ReadAction","target":["https:\/\/www.elciclobcn.com\/de\/"]}]},{"@type":"ImageObject","inLanguage":"de","@id":"https:\/\/www.elciclobcn.com\/de\/#primaryimage","url":"https:\/\/www.elciclobcn.com\/de\/wp-content\/uploads\/sites\/5\/2019\/09\/Ramiro_El_Ciclo_small.jpg","contentUrl":"https:\/\/www.elciclobcn.com\/de\/wp-content\/uploads\/sites\/5\/2019\/09\/Ramiro_El_Ciclo_small.jpg","width":300,"height":225,"caption":"Ramiro El Ciclo"},{"@type":"WebSite","@id":"https:\/\/www.elciclobcn.com\/de\/#website","url":"https:\/\/www.elciclobcn.com\/de\/","name":"El Ciclo Barcelona","description":"bike rental, repair &amp; sale","potentialAction":[{"@type":"SearchAction","target":{"@type":"EntryPoint","urlTemplate":"https:\/\/www.elciclobcn.com\/de\/?s={search_term_string}"},"query-input":"required name=search_term_string"}],"inLanguage":"de"}]}},"_links":{"self":[{"href":"https:\/\/www.elciclobcn.com\/de\/wp-json\/wp\/v2\/pages\/6","targetHints":{"allow":["GET"]}}],"collection":[{"href":"https:\/\/www.elciclobcn.com\/de\/wp-json\/wp\/v2\/pages"}],"about":[{"href":"https:\/\/www.elciclobcn.com\/de\/wp-json\/wp\/v2\/types\/page"}],"author":[{"embeddable":true,"href":"https:\/\/www.elciclobcn.com\/de\/wp-json\/wp\/v2\/users\/1"}],"replies":[{"embeddable":true,"href":"https:\/\/www.elciclobcn.com\/de\/wp-json\/wp\/v2\/comments?post=6"}],"version-history":[{"count":4,"href":"https:\/\/www.elciclobcn.com\/de\/wp-json\/wp\/v2\/pages\/6\/revisions"}],"predecessor-version":[{"id":402,"href":"https:\/\/www.elciclobcn.com\/de\/wp-json\/wp\/v2\/pages\/6\/revisions\/402"}],"wp:attachment":[{"href":"https:\/\/www.elciclobcn.com\/de\/wp-json\/wp\/v2\/media?parent=6"}],"curies":[{"name":"wp","href":"https:\/\/api.w.org\/{rel}","templated":true}]}}