{"id":79,"date":"2016-07-06T13:21:09","date_gmt":"2016-07-06T11:21:09","guid":{"rendered":"http:\/\/www.elciclobcn.com\/de\/?page_id=79"},"modified":"2025-05-02T12:02:19","modified_gmt":"2025-05-02T10:02:19","slug":"private-fahrradtour","status":"publish","type":"page","link":"https:\/\/www.elciclobcn.com\/de\/private-fahrradtour\/","title":{"rendered":"Private Fahrradtour"},"content":{"rendered":"<p>[et_pb_section fb_built=&#8220;1&#8243; fullwidth=&#8220;on&#8220; _builder_version=&#8220;4.16&#8243; custom_padding=&#8220;0px|0px|20px|0px|false|false&#8220; global_colors_info=&#8220;{}&#8220;][et_pb_fullwidth_header title=&#8220;Entdecken Sie Barcelona auf einer privaten Fahrradtour&#8220; text_orientation=&#8220;center&#8220; button_one_text=&#8220;Jetzt buchen!&#8220; button_one_url=&#8220;https:\/\/www.elciclobcn.com\/de\/buchen\/&#8220; _builder_version=&#8220;4.16&#8243; title_font=&#8220;|800||on|||||&#8220; title_text_align=&#8220;center&#8220; title_font_size=&#8220;40px&#8220; background_image=&#8220;https:\/\/www.elciclobcn.com\/de\/wp-content\/uploads\/sites\/5\/2019\/03\/fahradtour-privat-Barcelona.jpg&#8220; custom_button_one=&#8220;on&#8220; button_one_text_color=&#8220;#000000&#8243; button_one_icon_placement=&#8220;left&#8220; global_colors_info=&#8220;{}&#8220;]&nbsp;<\/p>\n<p>&nbsp;<\/p>\n<p>&nbsp;<\/p>\n<p>&nbsp;<\/p>\n<p>&nbsp;<br \/>\n[\/et_pb_fullwidth_header][\/et_pb_section][et_pb_section fb_built=&#8220;1&#8243; specialty=&#8220;on&#8220; _builder_version=&#8220;4.16&#8243; custom_padding=&#8220;0px|0px|54px|0px&#8220; global_colors_info=&#8220;{}&#8220;][et_pb_column type=&#8220;3_4&#8243; specialty_columns=&#8220;3&#8243; _builder_version=&#8220;4.16&#8243; custom_padding=&#8220;|||&#8220; global_colors_info=&#8220;{}&#8220; custom_padding__hover=&#8220;|||&#8220;][et_pb_row_inner admin_label=&#8220;Row&#8220; _builder_version=&#8220;4.16&#8243; custom_padding=&#8220;0px|0px|29.6875px|0px&#8220; global_colors_info=&#8220;{}&#8220;][et_pb_column_inner saved_specialty_column_type=&#8220;3_4&#8243; _builder_version=&#8220;4.16&#8243; custom_padding=&#8220;|||&#8220; global_colors_info=&#8220;{}&#8220; custom_padding__hover=&#8220;|||&#8220;][et_pb_text _builder_version=&#8220;4.27.4&#8243; hover_enabled=&#8220;0&#8243; global_colors_info=&#8220;{}&#8220; sticky_enabled=&#8220;0&#8243;]<\/p>\n<p><strong>El Ciclo bietet Fahrradtouren mit einem pers\u00f6nlichen, deutschsprachigen Guide. Unsere Guides f\u00fchren Sie zu den Highlights der Stadt, aber auch zu den versteckten Pl\u00e4tzen abseits der \u00fcblichen Touristenpfade. Nat\u00fcrlich teilen sie auch ihre pers\u00f6nlichen Favoriten mit Ihnen, um Ihren Aufenthalt in Barcelona noch sch\u00f6ner zu machen.<\/strong><\/p>\n<h4><a href=\"..\/buchen\/\"><strong><span style=\"text-decoration: underline;\">&gt;&gt; Klicken Sie hier, um sofort zu reservieren<\/span><\/strong><\/a><\/h4>\n<h2>\u00a0<\/h2>\n<h2>Ma\u00dfgeschneidert<\/h2>\n<p><img loading=\"lazy\" decoding=\"async\" class=\" wp-image-201 alignleft\" src=\"..\/wp-content\/uploads\/sites\/5\/2018\/03\/Fahrradtour2.jpg\" alt=\"\" width=\"422\" height=\"316\" srcset=\"https:\/\/www.elciclobcn.com\/de\/wp-content\/uploads\/sites\/5\/2018\/03\/Fahrradtour2.jpg 400w, https:\/\/www.elciclobcn.com\/de\/wp-content\/uploads\/sites\/5\/2018\/03\/Fahrradtour2-300x225.jpg 300w\" sizes=\"(max-width: 422px) 100vw, 422px\" \/>Bevor Sie auf Ihr Fahrrad steigen, wird unser Guide zuerst nach Ihren W\u00fcnschen fragen. Lassen Sie ihn wissen, was Sie schon von der Stadt gesehen haben und was Sie dar\u00fcber hinaus interessiert. So holen Sie das Beste aus Ihrer St\u00e4dtereise heraus. Sie k\u00f6nnen auch bestimmte W\u00fcnsche zum Zeitpunkt der Buchung angeben.<\/p>\n<p>Alle Touren sind ma\u00dfgeschneidert. Unsere Guides sind es gewohnt, mit Paaren, Familien mit Kindern, Teenagern, Gruppen von Freunden, Freundinnen oder Kollegen zu fahren und die Tour pers\u00f6nlich zu gestalten. Nicht umsonst gibt es Kunden, die schon mehrere Touren mit uns gemacht haben! Informieren Sie uns auch, wenn Sie sich f\u00fcr Kultur, Geschichte, Shopping oder Kulinarik interessieren.<\/p>\n<h2>In deutscher Sprache<\/h2>\n<p>Unsere Guides sind deutschsprechende Locals, die schon seit l\u00e4ngerem in der katalanischen Metropole leben, die Sprache sprechen, integriert sind und sich gut auskennen. Das kommt der Qualit\u00e4t unserer Touren zugute. Wir arbeiten nicht mit Guides, die erst seit ein oder zwei Monate in der Stadt leben, weil wir aus Erfahrung wissen, dass man Zeit braucht, um eine Stadt und ihre Bewohner wirklich kennen zu lernen.<\/p>\n<h2>Preise<\/h2>\n<p>2 Personen: \u20ac57,50 pro Person*<br \/>3 Personen: \u20ac47,50 pro Person<br \/>4 Personen: \u20ac42,50 pro Person<br \/>5 Personen: \u20ac37,50 pro Person<br \/>6-7 Personen: \u20ac35 pro Person<br \/>8-10 Personen: \u20ac31,50 pro Person<\/p>\n<p>* Mindestteilnehmerzahl: 2 Personen<br \/>Kinder bis einschlie<span class=\"Y2IQFc\" lang=\"de\">\u00dflich 12 Jahre: 22,50 \u20ac (bei mindsestens 2 Erwachsenen)<br \/><\/span>Kinder, die nicht selbst fahren, sondern einen Kindersitz ben\u00f6tigen: kostenlos.<\/p>\n<p>Hinweis: Maximal 10 Personen pro Gruppe. Der Grund daf\u00fcr ist, dass die lokale Bev\u00f6lkerung gr\u00f6\u00dfere Gruppen auf dem Fahrrad nicht sch\u00e4tzt. F\u00fcr uns ist eine nachhaltige Form des Zusammenlebens mit den Einheimischen von gr\u00f6\u00dfter Bedeutung. Es ist auch sicherer, in einer kleinen Gruppe zu fahren. Man muss weniger warten und nat\u00fcrlich bekommt man viel mehr von allem mit.<\/p>\n<h4><a href=\"..\/buchen\/\"><span style=\"text-decoration: underline;\">&gt;&gt; Klicken Sie hier, um sofort zu reservieren<\/span><\/a><\/h4>\n<p><span style=\"font-size: 14px;\">\u00a0<\/span><\/p>\n<h2>Tour reservieren<\/h2>\n<p><img loading=\"lazy\" decoding=\"async\" class=\" wp-image-202 alignleft\" src=\"..\/wp-content\/uploads\/sites\/5\/2018\/03\/Fahrradtour3.jpg\" alt=\"\" width=\"394\" height=\"296\" srcset=\"https:\/\/www.elciclobcn.com\/de\/wp-content\/uploads\/sites\/5\/2018\/03\/Fahrradtour3.jpg 400w, https:\/\/www.elciclobcn.com\/de\/wp-content\/uploads\/sites\/5\/2018\/03\/Fahrradtour3-300x225.jpg 300w\" sizes=\"(max-width: 394px) 100vw, 394px\" \/>M\u00f6chten Sie gerne ein Tour buchen?<br \/>Wenn Sie sichergehen m\u00f6chten, dass Ihre Tour zu einer bestimmten Zeit stattfinden kann, buchen Sie bitte rechtzeitig im Voraus. Denn\u00a0El Ciclo ist ein kleines Unternehmen mit einer begrenzten Anzahl an Fahrr\u00e4dern (und F\u00fchrern).<\/p>\n<p>&nbsp;<\/p>\n<p>Bitte verwenden Sie f\u00fcr die Buchung das Formular auf unserer Webseite oder senden Sie uns eine Email an <strong>ramiro@elciclobcn.com<\/strong>.\u00a0Bitte beachten Sie, dass Touren immer best\u00e4tigt werden m\u00fcssen.\u00a0Im Anschluss an Ihre Reservierung senden wir Ihnen eine entsprechende Best\u00e4tigung per Email.<\/p>\n<p>M\u00f6chten Sie eine Tour innerhalb von 24 Stunden machen? Senden Sie eine WhatsApp-Nachricht an 0034 607824860. Wir informieren Sie, ob die Tour durchf\u00fchrbar ist.<\/p>\n<p>Bitte seien Sie p\u00fcnktlich, damit wir die Verf\u00fcgbarkeit der Tour und der Fahrr\u00e4der garantieren k\u00f6nnen.<\/p>\n<p>[\/et_pb_text][et_pb_text _builder_version=&#8220;4.27.4&#8243; hover_enabled=&#8220;0&#8243; global_colors_info=&#8220;{}&#8220; admin_label=&#8220;Text&#8220; sticky_enabled=&#8220;0&#8243;]<\/p>\n<h2>Praktische Informationen<\/h2>\n<ul>\n<li>Unsere Touren beginnen und enden bei El Ciclo im Gotischen Viertel (barrio g\u00f3tico).<\/li>\n<li>Startzeiten: t\u00e4glich 10.00, 10.30 und 15.00 Uhr<\/li>\n<li>Dauer: ca. 3 Stunden<\/li>\n<li>Kinderfahrr\u00e4der sind verf\u00fcgbar f\u00fcr Kinder ab 6 Jahren.<\/li>\n<li>Kindersitze (vorne und hinten) sind kostenlos erh\u00e4ltlich.<\/li>\n<li>Bei Regen wird mit dem Kunden R\u00fccksprache gehalten.<\/li>\n<li>Ein WC befindet sich im Laden.<\/li>\n<li>Es besteht die M\u00f6glichkeit, Koffer\/Taschen im Laden zu lassen.<\/li>\n<li>Teilnehmer einer Radtour erhalten eine Erm\u00e4\u00dfigung auf den Fahrradverleih.<\/li>\n<\/ul>\n<p>[\/et_pb_text][\/et_pb_column_inner][\/et_pb_row_inner][\/et_pb_column][et_pb_column type=&#8220;1_4&#8243; _builder_version=&#8220;4.16&#8243; custom_padding=&#8220;|||&#8220; global_colors_info=&#8220;{}&#8220; custom_padding__hover=&#8220;|||&#8220;][et_pb_text _builder_version=&#8220;4.16&#8243; global_colors_info=&#8220;{}&#8220;]<\/p>\n<h2 style=\"text-align: center;\">Unsere Guides<\/h2>\n<p>[\/et_pb_text][et_pb_image src=&#8220;https:\/\/www.elciclobcn.com\/de\/wp-content\/uploads\/sites\/5\/2018\/03\/Carola-gids.jpg&#8220; align_tablet=&#8220;center&#8220; align_phone=&#8220;center&#8220; align_last_edited=&#8220;on|desktop&#8220; _builder_version=&#8220;4.16&#8243; global_colors_info=&#8220;{}&#8220;][\/et_pb_image][et_pb_text _builder_version=&#8220;4.16&#8243; global_colors_info=&#8220;{}&#8220;]<\/p>\n<p>Carola lebt seit 2004 in Barcelona und hat jahrelange Erfahrung als Reiseleiterin. Am liebsten f\u00fchrt sie kleine Gruppen. Carola kennt Barcelona und die Einheimischen wie kein anderer.<\/p>\n<p>[\/et_pb_text][\/et_pb_column][\/et_pb_section]<\/p>\n","protected":false},"excerpt":{"rendered":"<p>&nbsp; &nbsp; &nbsp; &nbsp; &nbsp; El Ciclo bietet Fahrradtouren mit einem pers\u00f6nlichen, deutschsprachigen Guide. Unsere Guides f\u00fchren Sie zu den Highlights der Stadt, aber auch zu den versteckten Pl\u00e4tzen abseits der \u00fcblichen Touristenpfade. Nat\u00fcrlich teilen sie auch ihre pers\u00f6nlichen Favoriten mit Ihnen, um Ihren Aufenthalt in Barcelona noch sch\u00f6ner zu machen. &gt;&gt; Klicken Sie hier, [&hellip;]<\/p>\n","protected":false},"author":1,"featured_media":0,"parent":0,"menu_order":0,"comment_status":"closed","ping_status":"closed","template":"","meta":{"_et_pb_use_builder":"on","_et_pb_old_content":"","_et_gb_content_width":"","_monsterinsights_skip_tracking":false,"_monsterinsights_sitenote_active":false,"_monsterinsights_sitenote_note":"","_monsterinsights_sitenote_category":0,"footnotes":""},"class_list":["post-79","page","type-page","status-publish","hentry"],"yoast_head":"<!-- This site is optimized with the Yoast SEO plugin v23.2 - https:\/\/yoast.com\/wordpress\/plugins\/seo\/ -->\n<title>Private Fahrradtour (Deutsch) - El Ciclo Barcelona<\/title>\n<meta name=\"description\" content=\"El Ciclo bietet Fahrradtouren mit einem pers\u00f6nlichen, deutschsprachigen Guide. Unsere Guides f\u00fchren Sie zu den Highlights der Stadt, aber auch zu den versteckten Pl\u00e4tzen abseits der \u00fcblichen Touristenpfade.\" \/>\n<meta name=\"robots\" content=\"index, follow, max-snippet:-1, max-image-preview:large, max-video-preview:-1\" \/>\n<link rel=\"canonical\" href=\"https:\/\/www.elciclobcn.com\/de\/private-fahrradtour\/\" \/>\n<meta property=\"og:locale\" content=\"de_DE\" \/>\n<meta property=\"og:type\" content=\"article\" \/>\n<meta property=\"og:title\" content=\"Private Fahrradtour (Deutsch) - El Ciclo Barcelona\" \/>\n<meta property=\"og:description\" content=\"El Ciclo bietet Fahrradtouren mit einem pers\u00f6nlichen, deutschsprachigen Guide. Unsere Guides f\u00fchren Sie zu den Highlights der Stadt, aber auch zu den versteckten Pl\u00e4tzen abseits der \u00fcblichen Touristenpfade.\" \/>\n<meta property=\"og:url\" content=\"https:\/\/www.elciclobcn.com\/de\/private-fahrradtour\/\" \/>\n<meta property=\"og:site_name\" content=\"El Ciclo Barcelona\" \/>\n<meta property=\"article:modified_time\" content=\"2025-05-02T10:02:19+00:00\" \/>\n<meta name=\"twitter:label1\" content=\"Gesch\u00e4tzte Lesezeit\" \/>\n\t<meta name=\"twitter:data1\" content=\"4\u00a0Minuten\" \/>\n<script type=\"application\/ld+json\" class=\"yoast-schema-graph\">{\"@context\":\"https:\/\/schema.org\",\"@graph\":[{\"@type\":\"WebPage\",\"@id\":\"https:\/\/www.elciclobcn.com\/de\/private-fahrradtour\/\",\"url\":\"https:\/\/www.elciclobcn.com\/de\/private-fahrradtour\/\",\"name\":\"Private Fahrradtour (Deutsch) - El Ciclo Barcelona\",\"isPartOf\":{\"@id\":\"https:\/\/www.elciclobcn.com\/de\/#website\"},\"datePublished\":\"2016-07-06T11:21:09+00:00\",\"dateModified\":\"2025-05-02T10:02:19+00:00\",\"description\":\"El Ciclo bietet Fahrradtouren mit einem pers\u00f6nlichen, deutschsprachigen Guide. Unsere Guides f\u00fchren Sie zu den Highlights der Stadt, aber auch zu den versteckten Pl\u00e4tzen abseits der \u00fcblichen Touristenpfade.\",\"inLanguage\":\"de\",\"potentialAction\":[{\"@type\":\"ReadAction\",\"target\":[\"https:\/\/www.elciclobcn.com\/de\/private-fahrradtour\/\"]}]},{\"@type\":\"WebSite\",\"@id\":\"https:\/\/www.elciclobcn.com\/de\/#website\",\"url\":\"https:\/\/www.elciclobcn.com\/de\/\",\"name\":\"El Ciclo Barcelona\",\"description\":\"bike rental, repair &amp; sale\",\"potentialAction\":[{\"@type\":\"SearchAction\",\"target\":{\"@type\":\"EntryPoint\",\"urlTemplate\":\"https:\/\/www.elciclobcn.com\/de\/?s={search_term_string}\"},\"query-input\":\"required name=search_term_string\"}],\"inLanguage\":\"de\"}]}<\/script>\n<!-- \/ Yoast SEO plugin. -->","yoast_head_json":{"title":"Private Fahrradtour (Deutsch) - El Ciclo Barcelona","description":"El Ciclo bietet Fahrradtouren mit einem pers\u00f6nlichen, deutschsprachigen Guide. Unsere Guides f\u00fchren Sie zu den Highlights der Stadt, aber auch zu den versteckten Pl\u00e4tzen abseits der \u00fcblichen Touristenpfade.","robots":{"index":"index","follow":"follow","max-snippet":"max-snippet:-1","max-image-preview":"max-image-preview:large","max-video-preview":"max-video-preview:-1"},"canonical":"https:\/\/www.elciclobcn.com\/de\/private-fahrradtour\/","og_locale":"de_DE","og_type":"article","og_title":"Private Fahrradtour (Deutsch) - El Ciclo Barcelona","og_description":"El Ciclo bietet Fahrradtouren mit einem pers\u00f6nlichen, deutschsprachigen Guide. Unsere Guides f\u00fchren Sie zu den Highlights der Stadt, aber auch zu den versteckten Pl\u00e4tzen abseits der \u00fcblichen Touristenpfade.","og_url":"https:\/\/www.elciclobcn.com\/de\/private-fahrradtour\/","og_site_name":"El Ciclo Barcelona","article_modified_time":"2025-05-02T10:02:19+00:00","twitter_misc":{"Gesch\u00e4tzte Lesezeit":"4\u00a0Minuten"},"schema":{"@context":"https:\/\/schema.org","@graph":[{"@type":"WebPage","@id":"https:\/\/www.elciclobcn.com\/de\/private-fahrradtour\/","url":"https:\/\/www.elciclobcn.com\/de\/private-fahrradtour\/","name":"Private Fahrradtour (Deutsch) - El Ciclo Barcelona","isPartOf":{"@id":"https:\/\/www.elciclobcn.com\/de\/#website"},"datePublished":"2016-07-06T11:21:09+00:00","dateModified":"2025-05-02T10:02:19+00:00","description":"El Ciclo bietet Fahrradtouren mit einem pers\u00f6nlichen, deutschsprachigen Guide. Unsere Guides f\u00fchren Sie zu den Highlights der Stadt, aber auch zu den versteckten Pl\u00e4tzen abseits der \u00fcblichen Touristenpfade.","inLanguage":"de","potentialAction":[{"@type":"ReadAction","target":["https:\/\/www.elciclobcn.com\/de\/private-fahrradtour\/"]}]},{"@type":"WebSite","@id":"https:\/\/www.elciclobcn.com\/de\/#website","url":"https:\/\/www.elciclobcn.com\/de\/","name":"El Ciclo Barcelona","description":"bike rental, repair &amp; sale","potentialAction":[{"@type":"SearchAction","target":{"@type":"EntryPoint","urlTemplate":"https:\/\/www.elciclobcn.com\/de\/?s={search_term_string}"},"query-input":"required name=search_term_string"}],"inLanguage":"de"}]}},"_links":{"self":[{"href":"https:\/\/www.elciclobcn.com\/de\/wp-json\/wp\/v2\/pages\/79","targetHints":{"allow":["GET"]}}],"collection":[{"href":"https:\/\/www.elciclobcn.com\/de\/wp-json\/wp\/v2\/pages"}],"about":[{"href":"https:\/\/www.elciclobcn.com\/de\/wp-json\/wp\/v2\/types\/page"}],"author":[{"embeddable":true,"href":"https:\/\/www.elciclobcn.com\/de\/wp-json\/wp\/v2\/users\/1"}],"replies":[{"embeddable":true,"href":"https:\/\/www.elciclobcn.com\/de\/wp-json\/wp\/v2\/comments?post=79"}],"version-history":[{"count":1,"href":"https:\/\/www.elciclobcn.com\/de\/wp-json\/wp\/v2\/pages\/79\/revisions"}],"predecessor-version":[{"id":400,"href":"https:\/\/www.elciclobcn.com\/de\/wp-json\/wp\/v2\/pages\/79\/revisions\/400"}],"wp:attachment":[{"href":"https:\/\/www.elciclobcn.com\/de\/wp-json\/wp\/v2\/media?parent=79"}],"curies":[{"name":"wp","href":"https:\/\/api.w.org\/{rel}","templated":true}]}}