{"id":83,"date":"2016-07-06T13:32:15","date_gmt":"2016-07-06T11:32:15","guid":{"rendered":"http:\/\/www.elciclobcn.com\/de\/?page_id=83"},"modified":"2019-09-27T12:52:06","modified_gmt":"2019-09-27T10:52:06","slug":"theme-store","status":"publish","type":"page","link":"https:\/\/www.elciclobcn.com\/de\/theme-store\/","title":{"rendered":"\u00dcber Uns"},"content":{"rendered":"<p>[et_pb_section fb_built=&#8220;1&#8243; _builder_version=&#8220;3.0.47&#8243; custom_padding=&#8220;0px|0px|0px|0px&#8220;][et_pb_row _builder_version=&#8220;3.0.47&#8243; background_size=&#8220;initial&#8220; background_position=&#8220;top_left&#8220; background_repeat=&#8220;repeat&#8220;][et_pb_column type=&#8220;4_4&#8243; _builder_version=&#8220;3.0.47&#8243; parallax=&#8220;off&#8220; parallax_method=&#8220;on&#8220;][et_pb_text _builder_version=&#8220;3.0.97&#8243;]<\/p>\n<h2 style=\"text-align: center;\"><strong>Die Geschichte hinter El Ciclo<\/strong><\/h2>\n<h3 style=\"text-align: center;\">Leidenschaft f\u00fcrs Radfahren im Herzen von Barcelona<\/h3>\n<p>[\/et_pb_text][\/et_pb_column][\/et_pb_row][\/et_pb_section][et_pb_section fb_built=&#8220;1&#8243; specialty=&#8220;on&#8220; _builder_version=&#8220;3.0.47&#8243; custom_padding=&#8220;0px|0px|54px|0px&#8220;][et_pb_column type=&#8220;3_4&#8243; specialty_columns=&#8220;3&#8243; _builder_version=&#8220;3.0.47&#8243; parallax=&#8220;off&#8220; parallax__hover=&#8220;off&#8220; parallax_method=&#8220;on&#8220; parallax_method__hover=&#8220;on&#8220;][et_pb_row_inner custom_padding=&#8220;0px|0px|0px|0px&#8220; admin_label=&#8220;Row&#8220; _builder_version=&#8220;3.0.47&#8243;][et_pb_column_inner type=&#8220;4_4&#8243; saved_specialty_column_type=&#8220;3_4&#8243; _builder_version=&#8220;3.0.47&#8243; parallax=&#8220;off&#8220; parallax__hover=&#8220;off&#8220; parallax_method=&#8220;on&#8220; parallax_method__hover=&#8220;on&#8220;][et_pb_text _builder_version=&#8220;3.0.97&#8243;]<\/p>\n<p><img loading=\"lazy\" decoding=\"async\" class=\"aligncenter size-full wp-image-215\" src=\"..\/wp-content\/uploads\/sites\/5\/2018\/03\/Ramiro-El-Ciclo.jpg\" alt=\"\" width=\"640\" height=\"426\" srcset=\"https:\/\/www.elciclobcn.com\/de\/wp-content\/uploads\/sites\/5\/2018\/03\/Ramiro-El-Ciclo.jpg 640w, https:\/\/www.elciclobcn.com\/de\/wp-content\/uploads\/sites\/5\/2018\/03\/Ramiro-El-Ciclo-300x200.jpg 300w\" sizes=\"(max-width: 640px) 100vw, 640px\" \/><\/p>\n<p><strong>El Ciclo wurde konzipiert und gegr\u00fcndet von Ramiro Sobral und seiner niederl\u00e4ndischen Partnerin Annebeth Vis. Er ist\u00a0in Buenos Aires in Argentinien geboren und im Norden des Landes, in Tucum\u00e1n aufgewachsen. Fahrr\u00e4der waren schon immer Ramiros Leidenschaft und so entstand die Idee, einen Fahrradladen zu gr\u00fcnden. Was mit Reparaturen und Fahrradverleih begann, ist jetzt eine wahre Hommage an das Zweirad.<\/strong><\/p>\n<p>F\u00fcr die Er\u00f6ffnung von El Ciclo erfand Ramiro drei Lampen als Dekoration, die er aus alten Fahrradteilen von seiner Werkstatt herstellte. Bald wurde die erste Kopie verkauft. So entstand das Projekt &#8222;Bicycles which saw the light&#8220;. Ramiro hat mittlerweile Hunderte verschiedener Lampen hergestellt und seine einzigartigen St\u00fccke auf der ganzen Welt verkauft.<\/p>\n<h2>Design &amp; Recycling<\/h2>\n<p><img loading=\"lazy\" decoding=\"async\" class=\" wp-image-214 alignleft\" src=\"..\/wp-content\/uploads\/sites\/5\/2018\/03\/Detail-fietswinkel-El-Ciclo-interieur.jpg\" alt=\"\" width=\"313\" height=\"470\" srcset=\"https:\/\/www.elciclobcn.com\/de\/wp-content\/uploads\/sites\/5\/2018\/03\/Detail-fietswinkel-El-Ciclo-interieur.jpg 427w, https:\/\/www.elciclobcn.com\/de\/wp-content\/uploads\/sites\/5\/2018\/03\/Detail-fietswinkel-El-Ciclo-interieur-200x300.jpg 200w\" sizes=\"(max-width: 313px) 100vw, 313px\" \/>Neben der umfangreichen Lampenkollektion finden Sie auch eine gro\u00dfe Auswahl an Fahrrad-Geschenkartikeln und Sammlerst\u00fccken, die sich alle um die Liebe zum Stahlross drehen. Wer aufmerksam ist, findet \u00fcberall Fahrr\u00e4der und Fahrradteile, manchmal gut versteckt. In den letzten f\u00fcnf Jahren entwickelte sich El Ciclo zu einem Muss f\u00fcr jeden, der gerne Fahrrad f\u00e4hrt oder an Recycling (Upcycling) und Design interessiert ist.<\/p>\n<p>Im Schaufenster finden Sie einige wundersch\u00f6ne Fahrr\u00e4der aus Bambus. Ausserdem stellt Ramiro einige Spezialfahrr\u00e4der aus seiner pers\u00f6nlichen Sammlung aus, z.B. \u201cThe Roulandt\u201d, das erste Liegefahrrad, das in Serie produziert wurde, oder seine private Miniaturfahrrad-Kollektion.<\/p>\n<p>Planen Sie eine Radtour, m\u00f6chten Sie ein Fahrrad mieten, oder sind Sie neugierig geworden auf unsere Bambusr\u00e4der? Interessiert Sie Ramiros Lampenkollektion, andere Gegenst\u00e4nde aus Fahrradteilen oder sind Sie einfach ein Fahrradenthusiast? Kommen Sie vorbei! Wir zeigen Ihnen gerne den Laden und die Werkstatt.<\/p>\n<p>&nbsp;<\/p>\n<p>[\/et_pb_text][\/et_pb_column_inner][\/et_pb_row_inner][et_pb_row_inner custom_padding=&#8220;0px|0px|0px|0px&#8220; admin_label=&#8220;Row&#8220; _builder_version=&#8220;3.0.47&#8243;][et_pb_column_inner type=&#8220;1_2&#8243; saved_specialty_column_type=&#8220;3_4&#8243; _builder_version=&#8220;3.0.47&#8243; parallax=&#8220;off&#8220; parallax__hover=&#8220;off&#8220; parallax_method=&#8220;on&#8220; parallax_method__hover=&#8220;on&#8220;][et_pb_text _builder_version=&#8220;3.0.97&#8243;]<\/p>\n<p>Dieses Video zeigt \u201cLa Campana\u201d. Mit dieser Lampe hat Ramiro den \u201cEmerging Artist Award\u201d als Teil der \u201cResidu\u2019Art Awards 2014\u201d beim Drap-Art Festival 2014 gewonnen.<\/p>\n<p>[\/et_pb_text][et_pb_video src=&#8220;https:\/\/youtu.be\/yWX3zHczczU&#8220; _builder_version=&#8220;3.0.97&#8243;][\/et_pb_video][\/et_pb_column_inner][et_pb_column_inner type=&#8220;1_2&#8243; saved_specialty_column_type=&#8220;3_4&#8243; _builder_version=&#8220;3.0.47&#8243; parallax=&#8220;off&#8220; parallax__hover=&#8220;off&#8220; parallax_method=&#8220;on&#8220; parallax_method__hover=&#8220;on&#8220;][et_pb_text _builder_version=&#8220;3.0.97&#8243;]<\/p>\n<p>Dieses Video zeigt Ramiro im lokalen Fernsehprogramm \u2018Ja t\u2019ho far\u00e0s\u2019.<span style=\"font-size: 14px;\">\u00a0<\/span><\/p>\n<p>[\/et_pb_text][et_pb_video src=&#8220;https:\/\/www.youtube.com\/watch?v=EKOKSOXZySw&#8220; _builder_version=&#8220;3.0.97&#8243;][\/et_pb_video][\/et_pb_column_inner][\/et_pb_row_inner][\/et_pb_column][et_pb_column type=&#8220;1_4&#8243; _builder_version=&#8220;3.0.47&#8243; parallax=&#8220;off&#8220; parallax__hover=&#8220;off&#8220; parallax_method=&#8220;on&#8220; parallax_method__hover=&#8220;on&#8220;][et_pb_text _builder_version=&#8220;3.0.97&#8243;]<\/p>\n<h2 style=\"text-align: center;\">Unsere Fahrradtouren<\/h2>\n<p><img loading=\"lazy\" decoding=\"async\" class=\"aligncenter size-full wp-image-181\" src=\"https:\/\/www.elciclobcn.com\/de\/wp-content\/uploads\/sites\/5\/2018\/03\/Fahrradtour.jpg\" alt=\"\" width=\"300\" height=\"225\" \/><\/p>\n<p style=\"text-align: center;\">Buchen Sie eine Fahrradtour in El Ciclo und entdecken Sie das Beste von Barcelona mit einem pers\u00f6nlichen und professionellen F\u00fchrer. <a href=\"https:\/\/www.elciclobcn.com\/de\/private-fahrradtour\/\">Weitere Informationen<\/a><\/p>\n<p>[\/et_pb_text][et_pb_text _builder_version=&#8220;3.0.97&#8243;]<\/p>\n<h2 style=\"text-align: center;\">Mieten Sie ein Fahrrad<\/h2>\n<h2 style=\"text-align: center;\"><img loading=\"lazy\" decoding=\"async\" class=\"aligncenter size-full wp-image-180\" src=\"..\/wp-content\/uploads\/sites\/5\/2018\/03\/Fahrrad-mieten.jpg\" alt=\"\" width=\"300\" height=\"225\" \/><\/h2>\n<p style=\"text-align: center;\">El Ciclo bietet hochwertige Fahrr\u00e4der, die ein paar Stunden bis zu mehreren Tagen gemietet werden k\u00f6nnen. Die beste Art, sich zu bewegen! <a href=\"..\/fahrrad-mieten\/\">Weitere Informationen<\/a><\/p>\n<p>[\/et_pb_text][\/et_pb_column][\/et_pb_section]<\/p>\n","protected":false},"excerpt":{"rendered":"<p>Die Geschichte hinter El Ciclo Leidenschaft f\u00fcrs Radfahren im Herzen von Barcelona El Ciclo wurde konzipiert und gegr\u00fcndet von Ramiro Sobral und seiner niederl\u00e4ndischen Partnerin Annebeth Vis. Er ist\u00a0in Buenos Aires in Argentinien geboren und im Norden des Landes, in Tucum\u00e1n aufgewachsen. Fahrr\u00e4der waren schon immer Ramiros Leidenschaft und so entstand die Idee, einen Fahrradladen [&hellip;]<\/p>\n","protected":false},"author":1,"featured_media":0,"parent":0,"menu_order":0,"comment_status":"closed","ping_status":"closed","template":"","meta":{"_et_pb_use_builder":"on","_et_pb_old_content":"<p>\u00a0<\/p><p>\u00a0<\/p>","_et_gb_content_width":"","_monsterinsights_skip_tracking":false,"_monsterinsights_sitenote_active":false,"_monsterinsights_sitenote_note":"","_monsterinsights_sitenote_category":0,"footnotes":""},"class_list":["post-83","page","type-page","status-publish","hentry"],"yoast_head":"<!-- This site is optimized with the Yoast SEO plugin v23.2 - https:\/\/yoast.com\/wordpress\/plugins\/seo\/ -->\n<title>\u00dcber Uns - El Ciclo Barcelona<\/title>\n<meta name=\"robots\" content=\"index, follow, max-snippet:-1, max-image-preview:large, max-video-preview:-1\" \/>\n<link rel=\"canonical\" href=\"https:\/\/www.elciclobcn.com\/de\/theme-store\/\" \/>\n<meta property=\"og:locale\" content=\"de_DE\" \/>\n<meta property=\"og:type\" content=\"article\" \/>\n<meta property=\"og:title\" content=\"\u00dcber Uns - El Ciclo Barcelona\" \/>\n<meta property=\"og:description\" content=\"Die Geschichte hinter El Ciclo Leidenschaft f\u00fcrs Radfahren im Herzen von Barcelona El Ciclo wurde konzipiert und gegr\u00fcndet von Ramiro Sobral und seiner niederl\u00e4ndischen Partnerin Annebeth Vis. Er ist\u00a0in Buenos Aires in Argentinien geboren und im Norden des Landes, in Tucum\u00e1n aufgewachsen. Fahrr\u00e4der waren schon immer Ramiros Leidenschaft und so entstand die Idee, einen Fahrradladen [&hellip;]\" \/>\n<meta property=\"og:url\" content=\"https:\/\/www.elciclobcn.com\/de\/theme-store\/\" \/>\n<meta property=\"og:site_name\" content=\"El Ciclo Barcelona\" \/>\n<meta property=\"article:modified_time\" content=\"2019-09-27T10:52:06+00:00\" \/>\n<meta property=\"og:image\" content=\"https:\/\/www.elciclobcn.com\/de\/wp-content\/uploads\/sites\/5\/2018\/03\/Fahrradtour.jpg\" \/>\n<meta name=\"twitter:label1\" content=\"Gesch\u00e4tzte Lesezeit\" \/>\n\t<meta name=\"twitter:data1\" content=\"3\u00a0Minuten\" \/>\n<script type=\"application\/ld+json\" class=\"yoast-schema-graph\">{\"@context\":\"https:\/\/schema.org\",\"@graph\":[{\"@type\":\"WebPage\",\"@id\":\"https:\/\/www.elciclobcn.com\/de\/theme-store\/\",\"url\":\"https:\/\/www.elciclobcn.com\/de\/theme-store\/\",\"name\":\"\u00dcber Uns - El Ciclo Barcelona\",\"isPartOf\":{\"@id\":\"https:\/\/www.elciclobcn.com\/de\/#website\"},\"primaryImageOfPage\":{\"@id\":\"https:\/\/www.elciclobcn.com\/de\/theme-store\/#primaryimage\"},\"image\":{\"@id\":\"https:\/\/www.elciclobcn.com\/de\/theme-store\/#primaryimage\"},\"thumbnailUrl\":\"https:\/\/www.elciclobcn.com\/de\/wp-content\/uploads\/sites\/5\/2018\/03\/Fahrradtour.jpg\",\"datePublished\":\"2016-07-06T11:32:15+00:00\",\"dateModified\":\"2019-09-27T10:52:06+00:00\",\"inLanguage\":\"de\",\"potentialAction\":[{\"@type\":\"ReadAction\",\"target\":[\"https:\/\/www.elciclobcn.com\/de\/theme-store\/\"]}]},{\"@type\":\"ImageObject\",\"inLanguage\":\"de\",\"@id\":\"https:\/\/www.elciclobcn.com\/de\/theme-store\/#primaryimage\",\"url\":\"https:\/\/www.elciclobcn.com\/de\/wp-content\/uploads\/sites\/5\/2018\/03\/Fahrradtour.jpg\",\"contentUrl\":\"https:\/\/www.elciclobcn.com\/de\/wp-content\/uploads\/sites\/5\/2018\/03\/Fahrradtour.jpg\",\"width\":300,\"height\":225},{\"@type\":\"WebSite\",\"@id\":\"https:\/\/www.elciclobcn.com\/de\/#website\",\"url\":\"https:\/\/www.elciclobcn.com\/de\/\",\"name\":\"El Ciclo Barcelona\",\"description\":\"bike rental, repair &amp; sale\",\"potentialAction\":[{\"@type\":\"SearchAction\",\"target\":{\"@type\":\"EntryPoint\",\"urlTemplate\":\"https:\/\/www.elciclobcn.com\/de\/?s={search_term_string}\"},\"query-input\":\"required name=search_term_string\"}],\"inLanguage\":\"de\"}]}<\/script>\n<!-- \/ Yoast SEO plugin. -->","yoast_head_json":{"title":"\u00dcber Uns - El Ciclo Barcelona","robots":{"index":"index","follow":"follow","max-snippet":"max-snippet:-1","max-image-preview":"max-image-preview:large","max-video-preview":"max-video-preview:-1"},"canonical":"https:\/\/www.elciclobcn.com\/de\/theme-store\/","og_locale":"de_DE","og_type":"article","og_title":"\u00dcber Uns - El Ciclo Barcelona","og_description":"Die Geschichte hinter El Ciclo Leidenschaft f\u00fcrs Radfahren im Herzen von Barcelona El Ciclo wurde konzipiert und gegr\u00fcndet von Ramiro Sobral und seiner niederl\u00e4ndischen Partnerin Annebeth Vis. Er ist\u00a0in Buenos Aires in Argentinien geboren und im Norden des Landes, in Tucum\u00e1n aufgewachsen. Fahrr\u00e4der waren schon immer Ramiros Leidenschaft und so entstand die Idee, einen Fahrradladen [&hellip;]","og_url":"https:\/\/www.elciclobcn.com\/de\/theme-store\/","og_site_name":"El Ciclo Barcelona","article_modified_time":"2019-09-27T10:52:06+00:00","og_image":[{"url":"https:\/\/www.elciclobcn.com\/de\/wp-content\/uploads\/sites\/5\/2018\/03\/Fahrradtour.jpg"}],"twitter_misc":{"Gesch\u00e4tzte Lesezeit":"3\u00a0Minuten"},"schema":{"@context":"https:\/\/schema.org","@graph":[{"@type":"WebPage","@id":"https:\/\/www.elciclobcn.com\/de\/theme-store\/","url":"https:\/\/www.elciclobcn.com\/de\/theme-store\/","name":"\u00dcber Uns - El Ciclo Barcelona","isPartOf":{"@id":"https:\/\/www.elciclobcn.com\/de\/#website"},"primaryImageOfPage":{"@id":"https:\/\/www.elciclobcn.com\/de\/theme-store\/#primaryimage"},"image":{"@id":"https:\/\/www.elciclobcn.com\/de\/theme-store\/#primaryimage"},"thumbnailUrl":"https:\/\/www.elciclobcn.com\/de\/wp-content\/uploads\/sites\/5\/2018\/03\/Fahrradtour.jpg","datePublished":"2016-07-06T11:32:15+00:00","dateModified":"2019-09-27T10:52:06+00:00","inLanguage":"de","potentialAction":[{"@type":"ReadAction","target":["https:\/\/www.elciclobcn.com\/de\/theme-store\/"]}]},{"@type":"ImageObject","inLanguage":"de","@id":"https:\/\/www.elciclobcn.com\/de\/theme-store\/#primaryimage","url":"https:\/\/www.elciclobcn.com\/de\/wp-content\/uploads\/sites\/5\/2018\/03\/Fahrradtour.jpg","contentUrl":"https:\/\/www.elciclobcn.com\/de\/wp-content\/uploads\/sites\/5\/2018\/03\/Fahrradtour.jpg","width":300,"height":225},{"@type":"WebSite","@id":"https:\/\/www.elciclobcn.com\/de\/#website","url":"https:\/\/www.elciclobcn.com\/de\/","name":"El Ciclo Barcelona","description":"bike rental, repair &amp; sale","potentialAction":[{"@type":"SearchAction","target":{"@type":"EntryPoint","urlTemplate":"https:\/\/www.elciclobcn.com\/de\/?s={search_term_string}"},"query-input":"required name=search_term_string"}],"inLanguage":"de"}]}},"_links":{"self":[{"href":"https:\/\/www.elciclobcn.com\/de\/wp-json\/wp\/v2\/pages\/83","targetHints":{"allow":["GET"]}}],"collection":[{"href":"https:\/\/www.elciclobcn.com\/de\/wp-json\/wp\/v2\/pages"}],"about":[{"href":"https:\/\/www.elciclobcn.com\/de\/wp-json\/wp\/v2\/types\/page"}],"author":[{"embeddable":true,"href":"https:\/\/www.elciclobcn.com\/de\/wp-json\/wp\/v2\/users\/1"}],"replies":[{"embeddable":true,"href":"https:\/\/www.elciclobcn.com\/de\/wp-json\/wp\/v2\/comments?post=83"}],"version-history":[{"count":0,"href":"https:\/\/www.elciclobcn.com\/de\/wp-json\/wp\/v2\/pages\/83\/revisions"}],"wp:attachment":[{"href":"https:\/\/www.elciclobcn.com\/de\/wp-json\/wp\/v2\/media?parent=83"}],"curies":[{"name":"wp","href":"https:\/\/api.w.org\/{rel}","templated":true}]}}