{"id":11,"date":"2014-03-23T19:27:55","date_gmt":"2014-03-23T18:27:55","guid":{"rendered":"http:\/\/www.elciclobcn.com\/es\/?page_id=11"},"modified":"2025-03-25T08:20:31","modified_gmt":"2025-03-25T07:20:31","slug":"alquiler-de-bicicletas","status":"publish","type":"page","link":"https:\/\/www.elciclobcn.com\/es\/alquiler-de-bicicletas\/","title":{"rendered":"Alquiler"},"content":{"rendered":"<p>[et_pb_section fb_built=\u00bb1&#8243; fullwidth=\u00bbon\u00bb _builder_version=\u00bb4.16&#8243; global_colors_info=\u00bb{}\u00bb][et_pb_fullwidth_header title=\u00bbAlquila una bicicleta y descubre lo mejor de Barcelona\u00bb text_orientation=\u00bbcenter\u00bb button_one_text=\u00bbReservar ahora!\u00bb button_one_url=\u00bbhttps:\/\/www.elciclobcn.com\/es\/reservar\/\u00bb _builder_version=\u00bb4.16&#8243; title_font=\u00bb|800||on|||||\u00bb title_text_align=\u00bbcenter\u00bb title_font_size=\u00bb40px\u00bb background_image=\u00bbhttps:\/\/www.elciclobcn.com\/es\/wp-content\/uploads\/sites\/2\/2019\/03\/bicicletas-alquiler-barcelona.jpg\u00bb custom_button_one=\u00bbon\u00bb button_one_icon_placement=\u00bbleft\u00bb global_colors_info=\u00bb{}\u00bb]<\/p>\n<p>\u00a0<\/p>\n<p>\u00a0<\/p>\n<p>\u00a0<\/p>\n<p>\u00a0<\/p>\n<p>\u00a0<\/p>\n<p>[\/et_pb_fullwidth_header][\/et_pb_section][et_pb_section fb_built=\u00bb1&#8243; specialty=\u00bbon\u00bb _builder_version=\u00bb4.16&#8243; custom_padding=\u00bb0px|0px|54px|0px\u00bb global_colors_info=\u00bb{}\u00bb][et_pb_column type=\u00bb2_3&#8243; specialty_columns=\u00bb2&#8243; _builder_version=\u00bb4.16&#8243; custom_padding=\u00bb|||\u00bb global_colors_info=\u00bb{}\u00bb parallax__hover=\u00bboff\u00bb parallax_method__hover=\u00bbon\u00bb custom_padding__hover=\u00bb|||\u00bb][et_pb_row_inner admin_label=\u00bbRow\u00bb _builder_version=\u00bb4.16&#8243; custom_padding=\u00bb0px|0px|29.6875px|0px\u00bb global_colors_info=\u00bb{}\u00bb][et_pb_column_inner saved_specialty_column_type=\u00bb2_3&#8243; _builder_version=\u00bb4.16&#8243; custom_padding=\u00bb|||\u00bb global_colors_info=\u00bb{}\u00bb parallax__hover=\u00bboff\u00bb parallax_method__hover=\u00bbon\u00bb custom_padding__hover=\u00bb|||\u00bb][et_pb_text _builder_version=\u00bb4.16&#8243; global_colors_info=\u00bb{}\u00bb]<\/p>\n<p><strong><\/strong><\/p>\n<p><strong>Barcelona es una ciudad ideal para descubrir en bicicleta. En El Ciclo alquilamos bicis urbanas muy c\u00f3modas, que te llevar\u00e1n f\u00e1cilmente a cualquier sitio. En una bicicleta ver\u00e1s mucho m\u00e1s de la ciudad y te mover\u00e1s como los mismos barceloneses.<\/strong><\/p>\n<h4><span style=\"text-decoration: underline;\"><strong><\/strong><\/span><\/h4>\n<h4><span style=\"text-decoration: underline;\"><a href=\"..\/reservar\/\"><strong>&gt;&gt;Haz click aqui para reservar tus bicicletas ya<\/strong><\/a><\/span><\/h4>\n<p><span style=\"text-decoration: underline;\"><strong><\/strong><\/span><\/p>\n<h2>Nuestras bicis<\/h2>\n<p><img loading=\"lazy\" decoding=\"async\" class=\"wp-image-349 alignleft\" src=\"..\/wp-content\/uploads\/sites\/2\/2018\/03\/alquilar-bicicleta-barcelona-300x199.jpg\" alt=\"\" width=\"395\" height=\"262\" srcset=\"https:\/\/www.elciclobcn.com\/es\/wp-content\/uploads\/sites\/2\/2018\/03\/alquilar-bicicleta-barcelona-300x199.jpg 300w, https:\/\/www.elciclobcn.com\/es\/wp-content\/uploads\/sites\/2\/2018\/03\/alquilar-bicicleta-barcelona.jpg 500w\" sizes=\"(max-width: 395px) 100vw, 395px\" \/>En El Ciclo alquilamos bicicletas de calidad de las marcas alemanas Kalkhoff y Bergamont. Estas bicis son perfectas para un d\u00eda en la ciudad, pero tambi\u00e9n te llevar\u00e1n f\u00e1cilmente a la Sagrada Fam\u00edlia o incluso al Park G\u00fcell o Camp Nou. Ofrecemos bicicletas urbanas de calidad y bicicletas de ciudad m\u00e1s lujosas, y tenemos varias bicis para ni\u00f1os de todas las edades, sillitas para los peque\u00f1os, y una bici de cargo (con plaza para 1 adulto y 2 ni\u00f1os peque\u00f1os).<\/p>\n<p><span>Los precios de nuestro alquiler est\u00e1n aqu\u00ed al lado o m\u00e1s abajo en esta p\u00e1gina.<\/span><\/p>\n<p>El dep\u00f3sito es de \u20ac50 por bici o \u20ac150 por reserva. Si quieres alquilar bicis despu\u00e9s de una visita guiada, te hacemos un descuento.<\/p>\n<h2>Tour con gu\u00eda privado<\/h2>\n<p>El Ciclo tambi\u00e9n ofrece <strong><a href=\"..\/tour-privado\/\">visitas guiadas en bicicleta<\/a><\/strong>\u00a0con gu\u00eda personal. Nuestros gu\u00edas viven en Barcelona y conocen la ciudad. Te llevar\u00e1n a los lugares m\u00e1s escondidos, fuera del camino t\u00edpico, y a sitios de encanto que probablemente no te hubieras descubierto por tu cuenta. Nuestros gu\u00edas hablan espa\u00f1ol, catal\u00e1n y varios idiomas m\u00e1s.<\/p>\n<h2>Barcelona en bicicleta<\/h2>\n<p>Durante los \u00faltimos a\u00f1os, Barcelona se ha convertido en una ciudad perfecta para moverte en bicicleta, con una red de carriles bien organizada y calles donde las personas en bici se pueden sentir seguras. Cada a\u00f1o hay m\u00e1s carriles bici en toda la ciudad y no ser\u00e1s el \u00fanico que usa este medio de transporte. El clima suave con muchas horas de sol y los inviernos c\u00e1lidos hacen de la capital catalana una ciudad perfecta para descubrir en bicicleta.<\/p>\n<p>[\/et_pb_text][\/et_pb_column_inner][\/et_pb_row_inner][\/et_pb_column][et_pb_column type=\u00bb1_3&#8243; _builder_version=\u00bb4.16&#8243; custom_padding=\u00bb|||\u00bb global_colors_info=\u00bb{}\u00bb parallax__hover=\u00bboff\u00bb parallax_method__hover=\u00bbon\u00bb custom_padding__hover=\u00bb|||\u00bb][et_pb_text _builder_version=\u00bb4.16&#8243; global_colors_info=\u00bb{}\u00bb]<\/p>\n<h2>Precios<\/h2>\n<p>[\/et_pb_text][et_pb_image src=\u00bbhttps:\/\/www.elciclobcn.com\/es\/wp-content\/uploads\/sites\/2\/2018\/03\/Kalkhoff-luxe-bicycle.jpg\u00bb align_tablet=\u00bbcenter\u00bb align_phone=\u00bbcenter\u00bb align_last_edited=\u00bbon|desktop\u00bb _builder_version=\u00bb4.16&#8243; global_colors_info=\u00bb{}\u00bb][\/et_pb_image][et_pb_text _builder_version=\u00bb4.19.4&#8243; global_colors_info=\u00bb{}\u00bb]<\/p>\n<h3>Bicicleta de ciudad (7 velocidades)<\/h3>\n<p>Bicicleta de ciudad 2 horas: \u20ac7<br \/>Bicicleta de ciudad 4 horas: \u20ac10<br \/>Bicicleta de ciudad 8 horas: \u20ac12,50<br \/>Bicicleta de ciudad 24 horas: \u20ac16<br \/>D\u00eda extra: \u20ac10<\/p>\n<p>[\/et_pb_text][et_pb_image src=\u00bbhttps:\/\/www.elciclobcn.com\/es\/wp-content\/uploads\/sites\/2\/2023\/01\/Ontwerp-zonder-titel-9.png\u00bb title_text=\u00bbOntwerp zonder titel (9)\u00bb _builder_version=\u00bb4.19.4&#8243; _module_preset=\u00bbdefault\u00bb global_colors_info=\u00bb{}\u00bb][\/et_pb_image][et_pb_text _builder_version=\u00bb4.20.2&#8243; _module_preset=\u00bbdefault\u00bb global_colors_info=\u00bb{}\u00bb]<\/p>\n<h3 class=\"tw-data-text tw-text-large XcVN5d tw-ta\" dir=\"ltr\" data-placeholder=\"Vertaling\"><span class=\"Y2IQFc\" lang=\"es\">Bicicleta El<\/span><span class=\"Y2IQFc\" lang=\"es\">\u00e9<\/span><span class=\"Y2IQFc\" lang=\"es\">ctrica<\/span><\/h3>\n<p id=\"tw-target-text\" class=\"tw-data-text tw-text-large XcVN5d tw-ta\" dir=\"ltr\" data-placeholder=\"Vertaling\"><span class=\"Y2IQFc\" lang=\"es\">Bicicleta el\u00e9ctrica 2 horas: \u20ac20<br \/><\/span><span class=\"Y2IQFc\" lang=\"es\">Bicicleta el\u00e9ctrica 4 horas: \u20ac25<br \/>Bicicleta el\u00e9ctrica 8-10 horas: \u20ac30<br \/><\/span><\/p>\n<p class=\"p1\"><span class=\"s1\">Candados, un casco o cesta est\u00e1n incluidos en el precio, igual que las sillas para los ni\u00f1os.<\/span><\/p>\n<p>[\/et_pb_text][\/et_pb_column][\/et_pb_section]<\/p>\n","protected":false},"excerpt":{"rendered":"<p>\u00a0\u00a0\u00a0\u00a0\u00a0 Barcelona es una ciudad ideal para descubrir en bicicleta. En El Ciclo alquilamos bicis urbanas muy c\u00f3modas, que te llevar\u00e1n f\u00e1cilmente a cualquier sitio. En una bicicleta ver\u00e1s mucho m\u00e1s de la ciudad y te mover\u00e1s como los mismos barceloneses. &gt;&gt;Haz click aqui para reservar tus bicicletas ya Nuestras bicis En El Ciclo alquilamos [&hellip;]<\/p>\n","protected":false},"author":1,"featured_media":0,"parent":0,"menu_order":0,"comment_status":"open","ping_status":"open","template":"","meta":{"_et_pb_use_builder":"on","_et_pb_old_content":"","_et_gb_content_width":"","_monsterinsights_skip_tracking":false,"_monsterinsights_sitenote_active":false,"_monsterinsights_sitenote_note":"","_monsterinsights_sitenote_category":0,"footnotes":""},"class_list":["post-11","page","type-page","status-publish","hentry"],"yoast_head":"<!-- This site is optimized with the Yoast SEO plugin v23.2 - https:\/\/yoast.com\/wordpress\/plugins\/seo\/ -->\n<title>Alquiler - El Ciclo Barcelona<\/title>\n<meta name=\"robots\" content=\"index, follow, max-snippet:-1, max-image-preview:large, max-video-preview:-1\" \/>\n<link rel=\"canonical\" href=\"https:\/\/www.elciclobcn.com\/es\/alquiler-de-bicicletas\/\" \/>\n<meta property=\"og:locale\" content=\"es_ES\" \/>\n<meta property=\"og:type\" content=\"article\" \/>\n<meta property=\"og:title\" content=\"Alquiler - El Ciclo Barcelona\" \/>\n<meta property=\"og:description\" content=\"\u00a0\u00a0\u00a0\u00a0\u00a0 Barcelona es una ciudad ideal para descubrir en bicicleta. En El Ciclo alquilamos bicis urbanas muy c\u00f3modas, que te llevar\u00e1n f\u00e1cilmente a cualquier sitio. En una bicicleta ver\u00e1s mucho m\u00e1s de la ciudad y te mover\u00e1s como los mismos barceloneses. &gt;&gt;Haz click aqui para reservar tus bicicletas ya Nuestras bicis En El Ciclo alquilamos [&hellip;]\" \/>\n<meta property=\"og:url\" content=\"https:\/\/www.elciclobcn.com\/es\/alquiler-de-bicicletas\/\" \/>\n<meta property=\"og:site_name\" content=\"El Ciclo Barcelona\" \/>\n<meta property=\"article:modified_time\" content=\"2025-03-25T07:20:31+00:00\" \/>\n<meta name=\"twitter:label1\" content=\"Tiempo de lectura\" \/>\n\t<meta name=\"twitter:data1\" content=\"4 minutos\" \/>\n<script type=\"application\/ld+json\" class=\"yoast-schema-graph\">{\"@context\":\"https:\/\/schema.org\",\"@graph\":[{\"@type\":\"WebPage\",\"@id\":\"https:\/\/www.elciclobcn.com\/es\/alquiler-de-bicicletas\/\",\"url\":\"https:\/\/www.elciclobcn.com\/es\/alquiler-de-bicicletas\/\",\"name\":\"Alquiler - El Ciclo Barcelona\",\"isPartOf\":{\"@id\":\"https:\/\/www.elciclobcn.com\/es\/#website\"},\"datePublished\":\"2014-03-23T18:27:55+00:00\",\"dateModified\":\"2025-03-25T07:20:31+00:00\",\"inLanguage\":\"es\",\"potentialAction\":[{\"@type\":\"ReadAction\",\"target\":[\"https:\/\/www.elciclobcn.com\/es\/alquiler-de-bicicletas\/\"]}]},{\"@type\":\"WebSite\",\"@id\":\"https:\/\/www.elciclobcn.com\/es\/#website\",\"url\":\"https:\/\/www.elciclobcn.com\/es\/\",\"name\":\"El Ciclo Barcelona\",\"description\":\"Bicicletas, arte y m\u00e1s\",\"potentialAction\":[{\"@type\":\"SearchAction\",\"target\":{\"@type\":\"EntryPoint\",\"urlTemplate\":\"https:\/\/www.elciclobcn.com\/es\/?s={search_term_string}\"},\"query-input\":\"required name=search_term_string\"}],\"inLanguage\":\"es\"}]}<\/script>\n<!-- \/ Yoast SEO plugin. -->","yoast_head_json":{"title":"Alquiler - El Ciclo Barcelona","robots":{"index":"index","follow":"follow","max-snippet":"max-snippet:-1","max-image-preview":"max-image-preview:large","max-video-preview":"max-video-preview:-1"},"canonical":"https:\/\/www.elciclobcn.com\/es\/alquiler-de-bicicletas\/","og_locale":"es_ES","og_type":"article","og_title":"Alquiler - El Ciclo Barcelona","og_description":"\u00a0\u00a0\u00a0\u00a0\u00a0 Barcelona es una ciudad ideal para descubrir en bicicleta. En El Ciclo alquilamos bicis urbanas muy c\u00f3modas, que te llevar\u00e1n f\u00e1cilmente a cualquier sitio. En una bicicleta ver\u00e1s mucho m\u00e1s de la ciudad y te mover\u00e1s como los mismos barceloneses. &gt;&gt;Haz click aqui para reservar tus bicicletas ya Nuestras bicis En El Ciclo alquilamos [&hellip;]","og_url":"https:\/\/www.elciclobcn.com\/es\/alquiler-de-bicicletas\/","og_site_name":"El Ciclo Barcelona","article_modified_time":"2025-03-25T07:20:31+00:00","twitter_misc":{"Tiempo de lectura":"4 minutos"},"schema":{"@context":"https:\/\/schema.org","@graph":[{"@type":"WebPage","@id":"https:\/\/www.elciclobcn.com\/es\/alquiler-de-bicicletas\/","url":"https:\/\/www.elciclobcn.com\/es\/alquiler-de-bicicletas\/","name":"Alquiler - El Ciclo Barcelona","isPartOf":{"@id":"https:\/\/www.elciclobcn.com\/es\/#website"},"datePublished":"2014-03-23T18:27:55+00:00","dateModified":"2025-03-25T07:20:31+00:00","inLanguage":"es","potentialAction":[{"@type":"ReadAction","target":["https:\/\/www.elciclobcn.com\/es\/alquiler-de-bicicletas\/"]}]},{"@type":"WebSite","@id":"https:\/\/www.elciclobcn.com\/es\/#website","url":"https:\/\/www.elciclobcn.com\/es\/","name":"El Ciclo Barcelona","description":"Bicicletas, arte y m\u00e1s","potentialAction":[{"@type":"SearchAction","target":{"@type":"EntryPoint","urlTemplate":"https:\/\/www.elciclobcn.com\/es\/?s={search_term_string}"},"query-input":"required name=search_term_string"}],"inLanguage":"es"}]}},"jetpack_sharing_enabled":true,"_links":{"self":[{"href":"https:\/\/www.elciclobcn.com\/es\/wp-json\/wp\/v2\/pages\/11","targetHints":{"allow":["GET"]}}],"collection":[{"href":"https:\/\/www.elciclobcn.com\/es\/wp-json\/wp\/v2\/pages"}],"about":[{"href":"https:\/\/www.elciclobcn.com\/es\/wp-json\/wp\/v2\/types\/page"}],"author":[{"embeddable":true,"href":"https:\/\/www.elciclobcn.com\/es\/wp-json\/wp\/v2\/users\/1"}],"replies":[{"embeddable":true,"href":"https:\/\/www.elciclobcn.com\/es\/wp-json\/wp\/v2\/comments?post=11"}],"version-history":[{"count":1,"href":"https:\/\/www.elciclobcn.com\/es\/wp-json\/wp\/v2\/pages\/11\/revisions"}],"predecessor-version":[{"id":945,"href":"https:\/\/www.elciclobcn.com\/es\/wp-json\/wp\/v2\/pages\/11\/revisions\/945"}],"wp:attachment":[{"href":"https:\/\/www.elciclobcn.com\/es\/wp-json\/wp\/v2\/media?parent=11"}],"curies":[{"name":"wp","href":"https:\/\/api.w.org\/{rel}","templated":true}]}}