{"id":110,"date":"2016-05-09T17:48:11","date_gmt":"2016-05-09T15:48:11","guid":{"rendered":"http:\/\/www.elciclobcn.com\/es\/?page_id=110"},"modified":"2025-05-02T11:54:39","modified_gmt":"2025-05-02T09:54:39","slug":"tour-privado","status":"publish","type":"page","link":"https:\/\/www.elciclobcn.com\/es\/tour-privado\/","title":{"rendered":"Tour privado"},"content":{"rendered":"<p>[et_pb_section fb_built=\u00bb1&#8243; fullwidth=\u00bbon\u00bb _builder_version=\u00bb4.16&#8243; global_colors_info=\u00bb{}\u00bb][et_pb_fullwidth_header title=\u00bbDescubre Barcelona durante un tour en bici con gu\u00eda privado\u00bb text_orientation=\u00bbcenter\u00bb button_one_text=\u00bb\u00a1Reservar!\u00bb button_one_url=\u00bbhttps:\/\/www.elciclobcn.com\/es\/reservar\/\u00bb _builder_version=\u00bb4.16&#8243; title_font=\u00bb|800||on|||||\u00bb title_text_align=\u00bbcenter\u00bb title_font_size=\u00bb40px\u00bb background_image=\u00bbhttps:\/\/www.elciclobcn.com\/es\/wp-content\/uploads\/sites\/2\/2019\/03\/tour-bicicleta-privado-barcelona.jpg\u00bb custom_button_one=\u00bbon\u00bb button_one_text_color=\u00bb#000000&#8243; button_one_icon_placement=\u00bbleft\u00bb global_colors_info=\u00bb{}\u00bb]&nbsp;<\/p>\n<p>&nbsp;<\/p>\n<p>&nbsp;<\/p>\n<p>&nbsp;<\/p>\n<p>&nbsp;<br \/>\n[\/et_pb_fullwidth_header][\/et_pb_section][et_pb_section fb_built=\u00bb1&#8243; specialty=\u00bbon\u00bb _builder_version=\u00bb4.16&#8243; custom_padding=\u00bb0px|0px|0px|0px\u00bb global_colors_info=\u00bb{}\u00bb][et_pb_column type=\u00bb3_4&#8243; specialty_columns=\u00bb3&#8243; _builder_version=\u00bb4.16&#8243; custom_padding=\u00bb|||\u00bb global_colors_info=\u00bb{}\u00bb custom_padding__hover=\u00bb|||\u00bb][et_pb_row_inner admin_label=\u00bbRow\u00bb _builder_version=\u00bb4.16&#8243; custom_padding=\u00bb0px|0px|0px|0px\u00bb global_colors_info=\u00bb{}\u00bb][et_pb_column_inner saved_specialty_column_type=\u00bb3_4&#8243; _builder_version=\u00bb4.16&#8243; custom_padding=\u00bb|||\u00bb global_colors_info=\u00bb{}\u00bb custom_padding__hover=\u00bb|||\u00bb][et_pb_text _builder_version=\u00bb4.27.4&#8243; hover_enabled=\u00bb0&#8243; global_colors_info=\u00bb{}\u00bb admin_label=\u00bbTexto\u00bb sticky_enabled=\u00bb0&#8243;]<\/p>\n<p>El Ciclo ofrece tours en bicicleta con gu\u00edas hispanohablantes. Nuestro gu\u00eda te ense\u00f1ara los puntos tur\u00edsticos, pero tambi\u00e9n sabe d\u00f3nde encontrar los sitios escondidos que probablemente no hubieras encontrado solo. Por supuesto compartir\u00e1n sus tips personales y lugares favoritos, que har\u00e1n tu estancia en Barcelona mejor a\u00fan.<\/p>\n<h4><a href=\"..\/reservar\/\"><span style=\"text-decoration: underline;\"><strong>&gt;&gt;Haz click aqu\u00ed para reservar ya<\/strong><\/span><\/a><\/h4>\n<p>&nbsp;<\/p>\n<h2>A medida<\/h2>\n<p><img loading=\"lazy\" decoding=\"async\" class=\" wp-image-355 alignleft\" src=\"..\/wp-content\/uploads\/sites\/2\/2018\/03\/gu\u00eda-bicicleta-barcelona-300x225.jpg\" alt=\"\" width=\"280\" height=\"210\" srcset=\"https:\/\/www.elciclobcn.com\/es\/wp-content\/uploads\/sites\/2\/2018\/03\/gu\u00eda-bicicleta-barcelona-300x225.jpg 300w, https:\/\/www.elciclobcn.com\/es\/wp-content\/uploads\/sites\/2\/2018\/03\/gu\u00eda-bicicleta-barcelona.jpg 400w\" sizes=\"(max-width: 280px) 100vw, 280px\" \/>Antes de ponerte en la bici, nuestro gu\u00eda preguntar\u00e1s por tus deseos. Cu\u00e9ntale qu\u00e9 has visto ya y qu\u00e9 te gustar\u00e1 visitar. As\u00ed obtendr\u00e1s lo m\u00e1ximo de tu viaje. Tambi\u00e9n puedes comunicar tus deseos espec\u00edficos en el momento de hacer la reserva.<\/p>\n<p>Cada tour se adapta a la compa\u00f1\u00eda. Nuestros gu\u00edas est\u00e1n acostumbrados de hacer tours con parejas, familias con ni\u00f1os peque\u00f1os, adolescentes, grupos de amigos y colegas del trabajo, y personalizar los tours. \u00a1Es por eso que tenemos clientes que ya han hecho varios tours con nosotros! Av\u00edsanos tambi\u00e9n se te interesa la cultura, la historia, hacer shopping o gastronom\u00eda.<\/p>\n<h2>Nuestros gu\u00edas<\/h2>\n<p>Nuestros gu\u00edas son locales que viven de manera permanente en Barcelona, hablan perfectamente espa\u00f1ol y saben exactamente d\u00f3nde ir. No trabajamos con gu\u00edas que est\u00e1n viviendo en la ciudad desde poco tiempo, ni que viven aqu\u00ed temporalmente, porque por experiencia sabemos que no se conoce una ciudad y sus habitantes antes de haber vivido por una estancia m\u00e1s larga.<\/p>\n<h2>Precios<\/h2>\n<p>Grupos de 2 personas: \u20ac57,50 por persona*<br \/>Gurpos de 3 personas: \u20ac47,50 por persona<br \/>Gurpos de 4 personas: \u20ac42,50 por persona<br \/>Gurpos de 5 personas: \u20ac37,50 por persona<br \/>Grupos de 6-7 personas: \u20ac35 por persona<br \/>Grupos de 8-10 personas: \u20ac31,50 por persona<br \/>*n\u00famero m\u00ednimo de participantes: 2<\/p>\n<p>Ni\u00f1os hasta 12 a\u00f1os: \u20ac22,50 (con un m\u00ednimo de 2 adultos)<br \/>Ni\u00f1os hasta 6 a\u00f1os en sillita: gratis<\/p>\n<p>Ojo: 10 personas por grupo como m\u00e1ximo. Lo decidimos as\u00ed porque a mucha gente local no le gustan grupos grandes en bici y consideramos muy importante vivir juntos de forma duradera. \u00a1Adem\u00e1s, ir en grupo peque\u00f1o es m\u00e1s seguro, no hace falta esperar tanto y la informaci\u00f3n en el camino te llega con m\u00e1s facilidad!<\/p>\n<h4><a href=\"..\/reservar\/\"><span style=\"text-decoration: underline;\"><strong>&gt;&gt;Haz click aqu\u00ed para reservar tu tour ya<\/strong><\/span><\/a><\/h4>\n<p>&nbsp;<\/p>\n<h2>Reservar tour en bici privado<\/h2>\n<p><img loading=\"lazy\" decoding=\"async\" class=\" wp-image-356 alignleft\" src=\"..\/wp-content\/uploads\/sites\/2\/2018\/03\/tour-privado-en-bicicleta-barcelona1-300x225.jpg\" alt=\"\" width=\"331\" height=\"248\" srcset=\"https:\/\/www.elciclobcn.com\/es\/wp-content\/uploads\/sites\/2\/2018\/03\/tour-privado-en-bicicleta-barcelona1-300x225.jpg 300w, https:\/\/www.elciclobcn.com\/es\/wp-content\/uploads\/sites\/2\/2018\/03\/tour-privado-en-bicicleta-barcelona1.jpg 400w\" sizes=\"(max-width: 331px) 100vw, 331px\" \/>\u00bfQuieres reservar un tour? Usa el<a href=\"..\/reservar\/\"> formulario<\/a> de contacto en nuestra p\u00e1gina web o manda un correo a <strong><a href=\"mailto:ramiro@elciclobcn.com\">ramiro@elciclobcn.com<\/a><\/strong>. El Ciclo es una empresa de peque\u00f1a escala con un numero de bicicletas (y gu\u00edas) limitado. Por eso, es recomendable de reservar con antelaci\u00f3n para estar seguro de un tour en bici con El Ciclo.<\/p>\n<p>Para el tour siempre una bicicleta de extra confort con tres aceralaciones y una silla confortable. Es posible usar una cesta para la bolsa y botella de agua. Tambi\u00e9n tenemos una bicicleta de carga que se puede usar para el tour.<\/p>\n<p>Ten en cuenta que hace falta reservar los tours con 24 horas de antelaci\u00f3n como m\u00ednimo, y que siempre tenemos que confirmarlos. \u00bfFalta menos que 24 horas? Manda un whatsapp a 0034 607824860 y te diremos si haya disponibilidad. Despu\u00e9s de haber recibido la reserva, siempre te mandemos un mail para confirmar el tour.<\/p>\n<p>[\/et_pb_text][et_pb_text _builder_version=\u00bb4.27.4&#8243; hover_enabled=\u00bb0&#8243; global_colors_info=\u00bb{}\u00bb sticky_enabled=\u00bb0&#8243;]<\/p>\n<h2>Informacion practica<\/h2>\n<ul>\n<li>Nuestros tours empiezan y terminan en El Ciclo en el barrio g\u00f3tico.<\/li>\n<li>Horas de empiezo: cada d\u00eda a las 10.00, 10.30 y 15.00h.<\/li>\n<li>Estancia: unas 3 horas<\/li>\n<li>Hay bicis para los ni\u00f1os a partir de 6 a\u00f1os<\/li>\n<li>En caso de lluvia siempre decidimos juntos con el cliente qu\u00e9 hacer<\/li>\n<li>Se puede ir al ba\u00f1o en la tienda<\/li>\n<li>Posibilidades para dejar las maletas\/bolsas en la tienda durante el tour<\/li>\n<li>Los participantes de un tour reciben un descuento a alquilar de bicis.<\/li>\n<\/ul>\n<p>&nbsp;<\/p>\n<p>[\/et_pb_text][\/et_pb_column_inner][\/et_pb_row_inner][\/et_pb_column][et_pb_column type=\u00bb1_4&#8243; _builder_version=\u00bb4.16&#8243; custom_padding=\u00bb|||\u00bb global_colors_info=\u00bb{}\u00bb custom_padding__hover=\u00bb|||\u00bb][et_pb_text _builder_version=\u00bb4.16&#8243; global_colors_info=\u00bb{}\u00bb]<\/p>\n<h2>Nuestros gu\u00edas<\/h2>\n<p>[\/et_pb_text][et_pb_image src=\u00bbhttps:\/\/www.elciclobcn.com\/es\/wp-content\/uploads\/sites\/2\/2018\/03\/Carola-gids.jpg\u00bb align_tablet=\u00bbcenter\u00bb align_phone=\u00bbcenter\u00bb align_last_edited=\u00bbon|desktop\u00bb _builder_version=\u00bb4.16&#8243; global_colors_info=\u00bb{}\u00bb][\/et_pb_image][et_pb_text _builder_version=\u00bb4.16&#8243; global_colors_info=\u00bb{}\u00bb]Carola vive en Barcelona desde 2004 y tiene muchos a\u00f1os de experiencia como gu\u00eda. Prefiere hacer tours en grupos peque\u00f1os. Carola conoce Barcelona \u2013 y su gente local \u2013 como nadie.<br \/>\n[\/et_pb_text][et_pb_image src=\u00bbhttps:\/\/www.elciclobcn.com\/es\/wp-content\/uploads\/sites\/2\/2018\/03\/Annebeth-gids.jpeg\u00bb align_tablet=\u00bbcenter\u00bb align_phone=\u00bbcenter\u00bb align_last_edited=\u00bbon|desktop\u00bb _builder_version=\u00bb4.16&#8243; global_colors_info=\u00bb{}\u00bb][\/et_pb_image][et_pb_text _builder_version=\u00bb4.16&#8243; global_colors_info=\u00bb{}\u00bb]Annebeth arrib\u00f3 en 2002 en el capital catal\u00e1n y es autor de numerosos art\u00edculos y libros de viaje sobre Barcelona. Es la pareja de Ramiro, el propietario de El Ciclo. Le encanta mostrarte su Barcelona.<br \/>\n[\/et_pb_text][\/et_pb_column][\/et_pb_section][et_pb_section fb_built=\u00bb1&#8243; _builder_version=\u00bb4.16&#8243; custom_padding=\u00bb0px|0px|54px|0px\u00bb global_colors_info=\u00bb{}\u00bb][et_pb_row _builder_version=\u00bb4.16&#8243; background_size=\u00bbinitial\u00bb background_position=\u00bbtop_left\u00bb background_repeat=\u00bbrepeat\u00bb global_colors_info=\u00bb{}\u00bb][et_pb_column type=\u00bb4_4&#8243; _builder_version=\u00bb4.16&#8243; custom_padding=\u00bb|||\u00bb global_colors_info=\u00bb{}\u00bb custom_padding__hover=\u00bb|||\u00bb][et_pb_text _builder_version=\u00bb4.16&#8243; global_colors_info=\u00bb{}\u00bb]<\/p>\n<h2>\u00a1Rese\u00f1as de clientes que hicieron un tour con nosotros!<\/h2>\n<p>&nbsp;<\/p>\n<h3>\u2018\u00a1Tour en bici chul\u00edsimo!\u2019<\/h3>\n<p>Hicimos un tour por los puntos tur\u00edsticos con nuestra gu\u00eda Carola. Est\u00e1bamos solos, por lo cual era posible adaptar el tour a lo que todav\u00eda no hab\u00edamos visto y lo que quer\u00edamos ver en otra ocasi\u00f3n. Nos dio muchos consejos para lugares de comer y para los churros. \u00a1Muy recomendable!<\/p>\n<h3>\u2018Tour fant\u00e1stico\u2019<\/h3>\n<p>Bicicletas muy buenas con servicio excelente. Despu\u00e9s el tour pod\u00edamos usar las bicis el resto del d\u00eda. Tour privado con una gu\u00eda que sab\u00eda muy bien c\u00f3mo entusiasmar a los hijos.<\/p>\n<h3>\u2018Tour en bici con gu\u00eda <span style=\"text-decoration: line-through;\">holandesa<\/span>\u2019<\/h3>\n<p>Manera muy divertida para conocer la ciudad de manera interesante. \u00a1Tanto los hijos como nosotros hemos disfrutado la compa\u00f1\u00eda agradable y toda la informaci\u00f3n! Las bicis est\u00e1n de buen estado y muy confortables. \u00a1\u00a1Absolutamente recomendable!!<\/p>\n<p>M\u00e1s rese\u00f1as puedes ver en <a href=\"https:\/\/www.tripadvisor.es\/Attraction_Review-g187497-d5503748-Reviews-El_Ciclo-Barcelona_Catalonia.html\">Tripadvisor<\/a><\/p>\n<p>[\/et_pb_text][\/et_pb_column][\/et_pb_row][\/et_pb_section]<\/p>\n","protected":false},"excerpt":{"rendered":"<p>&nbsp; &nbsp; &nbsp; &nbsp; &nbsp; El Ciclo ofrece tours en bicicleta con gu\u00edas hispanohablantes. Nuestro gu\u00eda te ense\u00f1ara los puntos tur\u00edsticos, pero tambi\u00e9n sabe d\u00f3nde encontrar los sitios escondidos que probablemente no hubieras encontrado solo. Por supuesto compartir\u00e1n sus tips personales y lugares favoritos, que har\u00e1n tu estancia en Barcelona mejor a\u00fan. &gt;&gt;Haz click aqu\u00ed [&hellip;]<\/p>\n","protected":false},"author":1,"featured_media":0,"parent":0,"menu_order":0,"comment_status":"closed","ping_status":"closed","template":"","meta":{"_et_pb_use_builder":"on","_et_pb_old_content":"","_et_gb_content_width":"","_monsterinsights_skip_tracking":false,"_monsterinsights_sitenote_active":false,"_monsterinsights_sitenote_note":"","_monsterinsights_sitenote_category":0,"footnotes":""},"class_list":["post-110","page","type-page","status-publish","hentry"],"yoast_head":"<!-- This site is optimized with the Yoast SEO plugin v23.2 - https:\/\/yoast.com\/wordpress\/plugins\/seo\/ -->\n<title>Tour privado - El Ciclo Barcelona<\/title>\n<meta name=\"robots\" content=\"index, follow, max-snippet:-1, max-image-preview:large, max-video-preview:-1\" \/>\n<link rel=\"canonical\" href=\"https:\/\/www.elciclobcn.com\/es\/tour-privado\/\" \/>\n<meta property=\"og:locale\" content=\"es_ES\" \/>\n<meta property=\"og:type\" content=\"article\" \/>\n<meta property=\"og:title\" content=\"Tour privado - El Ciclo Barcelona\" \/>\n<meta property=\"og:description\" content=\"&nbsp; &nbsp; &nbsp; &nbsp; &nbsp; El Ciclo ofrece tours en bicicleta con gu\u00edas hispanohablantes. Nuestro gu\u00eda te ense\u00f1ara los puntos tur\u00edsticos, pero tambi\u00e9n sabe d\u00f3nde encontrar los sitios escondidos que probablemente no hubieras encontrado solo. Por supuesto compartir\u00e1n sus tips personales y lugares favoritos, que har\u00e1n tu estancia en Barcelona mejor a\u00fan. &gt;&gt;Haz click aqu\u00ed [&hellip;]\" \/>\n<meta property=\"og:url\" content=\"https:\/\/www.elciclobcn.com\/es\/tour-privado\/\" \/>\n<meta property=\"og:site_name\" content=\"El Ciclo Barcelona\" \/>\n<meta property=\"article:modified_time\" content=\"2025-05-02T09:54:39+00:00\" \/>\n<meta name=\"twitter:label1\" content=\"Tiempo de lectura\" \/>\n\t<meta name=\"twitter:data1\" content=\"6 minutos\" \/>\n<script type=\"application\/ld+json\" class=\"yoast-schema-graph\">{\"@context\":\"https:\/\/schema.org\",\"@graph\":[{\"@type\":\"WebPage\",\"@id\":\"https:\/\/www.elciclobcn.com\/es\/tour-privado\/\",\"url\":\"https:\/\/www.elciclobcn.com\/es\/tour-privado\/\",\"name\":\"Tour privado - El Ciclo Barcelona\",\"isPartOf\":{\"@id\":\"https:\/\/www.elciclobcn.com\/es\/#website\"},\"datePublished\":\"2016-05-09T15:48:11+00:00\",\"dateModified\":\"2025-05-02T09:54:39+00:00\",\"inLanguage\":\"es\",\"potentialAction\":[{\"@type\":\"ReadAction\",\"target\":[\"https:\/\/www.elciclobcn.com\/es\/tour-privado\/\"]}]},{\"@type\":\"WebSite\",\"@id\":\"https:\/\/www.elciclobcn.com\/es\/#website\",\"url\":\"https:\/\/www.elciclobcn.com\/es\/\",\"name\":\"El Ciclo Barcelona\",\"description\":\"Bicicletas, arte y m\u00e1s\",\"potentialAction\":[{\"@type\":\"SearchAction\",\"target\":{\"@type\":\"EntryPoint\",\"urlTemplate\":\"https:\/\/www.elciclobcn.com\/es\/?s={search_term_string}\"},\"query-input\":\"required name=search_term_string\"}],\"inLanguage\":\"es\"}]}<\/script>\n<!-- \/ Yoast SEO plugin. -->","yoast_head_json":{"title":"Tour privado - El Ciclo Barcelona","robots":{"index":"index","follow":"follow","max-snippet":"max-snippet:-1","max-image-preview":"max-image-preview:large","max-video-preview":"max-video-preview:-1"},"canonical":"https:\/\/www.elciclobcn.com\/es\/tour-privado\/","og_locale":"es_ES","og_type":"article","og_title":"Tour privado - El Ciclo Barcelona","og_description":"&nbsp; &nbsp; &nbsp; &nbsp; &nbsp; El Ciclo ofrece tours en bicicleta con gu\u00edas hispanohablantes. Nuestro gu\u00eda te ense\u00f1ara los puntos tur\u00edsticos, pero tambi\u00e9n sabe d\u00f3nde encontrar los sitios escondidos que probablemente no hubieras encontrado solo. Por supuesto compartir\u00e1n sus tips personales y lugares favoritos, que har\u00e1n tu estancia en Barcelona mejor a\u00fan. &gt;&gt;Haz click aqu\u00ed [&hellip;]","og_url":"https:\/\/www.elciclobcn.com\/es\/tour-privado\/","og_site_name":"El Ciclo Barcelona","article_modified_time":"2025-05-02T09:54:39+00:00","twitter_misc":{"Tiempo de lectura":"6 minutos"},"schema":{"@context":"https:\/\/schema.org","@graph":[{"@type":"WebPage","@id":"https:\/\/www.elciclobcn.com\/es\/tour-privado\/","url":"https:\/\/www.elciclobcn.com\/es\/tour-privado\/","name":"Tour privado - El Ciclo Barcelona","isPartOf":{"@id":"https:\/\/www.elciclobcn.com\/es\/#website"},"datePublished":"2016-05-09T15:48:11+00:00","dateModified":"2025-05-02T09:54:39+00:00","inLanguage":"es","potentialAction":[{"@type":"ReadAction","target":["https:\/\/www.elciclobcn.com\/es\/tour-privado\/"]}]},{"@type":"WebSite","@id":"https:\/\/www.elciclobcn.com\/es\/#website","url":"https:\/\/www.elciclobcn.com\/es\/","name":"El Ciclo Barcelona","description":"Bicicletas, arte y m\u00e1s","potentialAction":[{"@type":"SearchAction","target":{"@type":"EntryPoint","urlTemplate":"https:\/\/www.elciclobcn.com\/es\/?s={search_term_string}"},"query-input":"required name=search_term_string"}],"inLanguage":"es"}]}},"jetpack_sharing_enabled":true,"_links":{"self":[{"href":"https:\/\/www.elciclobcn.com\/es\/wp-json\/wp\/v2\/pages\/110","targetHints":{"allow":["GET"]}}],"collection":[{"href":"https:\/\/www.elciclobcn.com\/es\/wp-json\/wp\/v2\/pages"}],"about":[{"href":"https:\/\/www.elciclobcn.com\/es\/wp-json\/wp\/v2\/types\/page"}],"author":[{"embeddable":true,"href":"https:\/\/www.elciclobcn.com\/es\/wp-json\/wp\/v2\/users\/1"}],"replies":[{"embeddable":true,"href":"https:\/\/www.elciclobcn.com\/es\/wp-json\/wp\/v2\/comments?post=110"}],"version-history":[{"count":1,"href":"https:\/\/www.elciclobcn.com\/es\/wp-json\/wp\/v2\/pages\/110\/revisions"}],"predecessor-version":[{"id":948,"href":"https:\/\/www.elciclobcn.com\/es\/wp-json\/wp\/v2\/pages\/110\/revisions\/948"}],"wp:attachment":[{"href":"https:\/\/www.elciclobcn.com\/es\/wp-json\/wp\/v2\/media?parent=110"}],"curies":[{"name":"wp","href":"https:\/\/api.w.org\/{rel}","templated":true}]}}