{"id":113,"date":"2016-05-09T17:54:42","date_gmt":"2016-05-09T15:54:42","guid":{"rendered":"http:\/\/www.elciclobcn.com\/es\/?page_id=113"},"modified":"2020-03-11T12:53:39","modified_gmt":"2020-03-11T11:53:39","slug":"tour-bambu","status":"publish","type":"page","link":"https:\/\/www.elciclobcn.com\/es\/tour-bambu\/","title":{"rendered":"Tour bamb\u00fa"},"content":{"rendered":"<p>[et_pb_section bb_built=\u00bb1&#8243; _builder_version=\u00bb3.0.47&#8243; custom_padding=\u00bb0px|0px|15px|0px\u00bb][et_pb_row custom_padding=\u00bb27px|0px|3px|0px\u00bb _builder_version=\u00bb3.0.47&#8243; background_size=\u00bbinitial\u00bb background_position=\u00bbtop_left\u00bb background_repeat=\u00bbrepeat\u00bb][et_pb_column type=\u00bb4_4&#8243;][et_pb_text _builder_version=\u00bb3.19.12&#8243;]<\/p>\n<p><strong>Desafortunadamente El Ciclo ya no ofrece tours en bicicletas de bamb\u00fa por falta de pedido. Si que ofrecemos<a href=\"http:\/\/www.elciclobcn.com\/es\/tour-privado\/\"> tours privados<\/a> en bicicletas cl\u00e1sicas de ciudad y desde esta temporada tambi\u00e9n tenemos bicicletas el\u00e9ctricas para grupos peque\u00f1os.\u00a0<\/strong><\/p>\n<h2>\u00a0<\/h2>\n<h1>Reserva tu visita guiada<\/h1>\n<p>\u00bfQuieres reservar una visita guiada en bicicleta de bamb\u00fa?\u00a0Usa el<strong>\u00a0<span style=\"text-decoration: underline;\"><a href=\"..\/reservar\/\">formulario<\/a><\/span><\/strong>\u00a0en nuestra p\u00e1gina web, o env\u00eda un email a <strong><a href=\"mailto:ramiro@elciclobcn.com\">ramiro@elciclobcn.com<\/a><\/strong>.<\/p>\n<p>El Ciclo es una tienda de alquiler de escala peque\u00f1a, igual que los tours que ofrecemos. Por eso es recomendable reservar con antelaci\u00f3n si quieres estar seguro de poder hacer una visita guiada por Barcelona con El Ciclo.<\/p>\n<p>Ten en cuenta que es necesario reservar los tours con 24 horas de antelaci\u00f3n como m\u00ednimo. \u00bfFaltan menos que 24 horas? Env\u00eda un whatsapp a 0034 662288751 y te avisaremos si a\u00fan tenemos disponibilidad. Despu\u00e9s de haber recibido tu reserva, recibir\u00e1s un email confirmando tu reserva.<\/p>\n<p>[\/et_pb_text][\/et_pb_column][\/et_pb_row][\/et_pb_section]<\/p>\n","protected":false},"excerpt":{"rendered":"<p>Desafortunadamente El Ciclo ya no ofrece tours en bicicletas de bamb\u00fa por falta de pedido. Si que ofrecemos tours privados en bicicletas cl\u00e1sicas de ciudad y desde esta temporada tambi\u00e9n tenemos bicicletas el\u00e9ctricas para grupos peque\u00f1os.\u00a0\u00a0Reserva tu visita guiada\u00bfQuieres reservar una visita guiada en bicicleta de bamb\u00fa?\u00a0Usa el\u00a0formulario\u00a0en nuestra p\u00e1gina web, o env\u00eda un email [&hellip;]<\/p>\n","protected":false},"author":1,"featured_media":368,"parent":0,"menu_order":0,"comment_status":"closed","ping_status":"closed","template":"","meta":{"_et_pb_use_builder":"on","_et_pb_old_content":"","_et_gb_content_width":"","_monsterinsights_skip_tracking":false,"_monsterinsights_sitenote_active":false,"_monsterinsights_sitenote_note":"","_monsterinsights_sitenote_category":0,"footnotes":""},"class_list":["post-113","page","type-page","status-publish","has-post-thumbnail","hentry"],"yoast_head":"<!-- This site is optimized with the Yoast SEO plugin v23.2 - https:\/\/yoast.com\/wordpress\/plugins\/seo\/ -->\n<title>Tour bamb\u00fa - El Ciclo Barcelona<\/title>\n<meta name=\"description\" content=\"Una visita guiada por Barcelona en una bicicleta de bamb\u00fa es sin duda la manera m\u00e1s original de descubrir la ciudad. Aparte de nuestros tours cl\u00e1sicos, tambi\u00e9n ofrecemos street art tours.\" \/>\n<meta name=\"robots\" content=\"index, follow, max-snippet:-1, max-image-preview:large, max-video-preview:-1\" \/>\n<link rel=\"canonical\" href=\"https:\/\/www.elciclobcn.com\/es\/tour-bambu\/\" \/>\n<meta property=\"og:locale\" content=\"es_ES\" \/>\n<meta property=\"og:type\" content=\"article\" \/>\n<meta property=\"og:title\" content=\"Tour bamb\u00fa - El Ciclo Barcelona\" \/>\n<meta property=\"og:description\" content=\"Una visita guiada por Barcelona en una bicicleta de bamb\u00fa es sin duda la manera m\u00e1s original de descubrir la ciudad. Aparte de nuestros tours cl\u00e1sicos, tambi\u00e9n ofrecemos street art tours.\" \/>\n<meta property=\"og:url\" content=\"https:\/\/www.elciclobcn.com\/es\/tour-bambu\/\" \/>\n<meta property=\"og:site_name\" content=\"El Ciclo Barcelona\" \/>\n<meta property=\"article:modified_time\" content=\"2020-03-11T11:53:39+00:00\" \/>\n<meta property=\"og:image\" content=\"https:\/\/www.elciclobcn.com\/es\/wp-content\/uploads\/sites\/2\/2018\/03\/Bamboe-Fiets-Tour-.jpg\" \/>\n\t<meta property=\"og:image:width\" content=\"449\" \/>\n\t<meta property=\"og:image:height\" content=\"300\" \/>\n\t<meta property=\"og:image:type\" content=\"image\/jpeg\" \/>\n<meta name=\"twitter:label1\" content=\"Tiempo de lectura\" \/>\n\t<meta name=\"twitter:data1\" content=\"1 minuto\" \/>\n<script type=\"application\/ld+json\" class=\"yoast-schema-graph\">{\"@context\":\"https:\/\/schema.org\",\"@graph\":[{\"@type\":\"WebPage\",\"@id\":\"https:\/\/www.elciclobcn.com\/es\/tour-bambu\/\",\"url\":\"https:\/\/www.elciclobcn.com\/es\/tour-bambu\/\",\"name\":\"Tour bamb\u00fa - El Ciclo Barcelona\",\"isPartOf\":{\"@id\":\"https:\/\/www.elciclobcn.com\/es\/#website\"},\"primaryImageOfPage\":{\"@id\":\"https:\/\/www.elciclobcn.com\/es\/tour-bambu\/#primaryimage\"},\"image\":{\"@id\":\"https:\/\/www.elciclobcn.com\/es\/tour-bambu\/#primaryimage\"},\"thumbnailUrl\":\"https:\/\/www.elciclobcn.com\/es\/wp-content\/uploads\/sites\/2\/2018\/03\/Bamboe-Fiets-Tour-.jpg\",\"datePublished\":\"2016-05-09T15:54:42+00:00\",\"dateModified\":\"2020-03-11T11:53:39+00:00\",\"description\":\"Una visita guiada por Barcelona en una bicicleta de bamb\u00fa es sin duda la manera m\u00e1s original de descubrir la ciudad. Aparte de nuestros tours cl\u00e1sicos, tambi\u00e9n ofrecemos street art tours.\",\"inLanguage\":\"es\",\"potentialAction\":[{\"@type\":\"ReadAction\",\"target\":[\"https:\/\/www.elciclobcn.com\/es\/tour-bambu\/\"]}]},{\"@type\":\"ImageObject\",\"inLanguage\":\"es\",\"@id\":\"https:\/\/www.elciclobcn.com\/es\/tour-bambu\/#primaryimage\",\"url\":\"https:\/\/www.elciclobcn.com\/es\/wp-content\/uploads\/sites\/2\/2018\/03\/Bamboe-Fiets-Tour-.jpg\",\"contentUrl\":\"https:\/\/www.elciclobcn.com\/es\/wp-content\/uploads\/sites\/2\/2018\/03\/Bamboe-Fiets-Tour-.jpg\",\"width\":449,\"height\":300},{\"@type\":\"WebSite\",\"@id\":\"https:\/\/www.elciclobcn.com\/es\/#website\",\"url\":\"https:\/\/www.elciclobcn.com\/es\/\",\"name\":\"El Ciclo Barcelona\",\"description\":\"Bicicletas, arte y m\u00e1s\",\"potentialAction\":[{\"@type\":\"SearchAction\",\"target\":{\"@type\":\"EntryPoint\",\"urlTemplate\":\"https:\/\/www.elciclobcn.com\/es\/?s={search_term_string}\"},\"query-input\":\"required name=search_term_string\"}],\"inLanguage\":\"es\"}]}<\/script>\n<!-- \/ Yoast SEO plugin. -->","yoast_head_json":{"title":"Tour bamb\u00fa - El Ciclo Barcelona","description":"Una visita guiada por Barcelona en una bicicleta de bamb\u00fa es sin duda la manera m\u00e1s original de descubrir la ciudad. Aparte de nuestros tours cl\u00e1sicos, tambi\u00e9n ofrecemos street art tours.","robots":{"index":"index","follow":"follow","max-snippet":"max-snippet:-1","max-image-preview":"max-image-preview:large","max-video-preview":"max-video-preview:-1"},"canonical":"https:\/\/www.elciclobcn.com\/es\/tour-bambu\/","og_locale":"es_ES","og_type":"article","og_title":"Tour bamb\u00fa - El Ciclo Barcelona","og_description":"Una visita guiada por Barcelona en una bicicleta de bamb\u00fa es sin duda la manera m\u00e1s original de descubrir la ciudad. Aparte de nuestros tours cl\u00e1sicos, tambi\u00e9n ofrecemos street art tours.","og_url":"https:\/\/www.elciclobcn.com\/es\/tour-bambu\/","og_site_name":"El Ciclo Barcelona","article_modified_time":"2020-03-11T11:53:39+00:00","og_image":[{"width":449,"height":300,"url":"https:\/\/www.elciclobcn.com\/es\/wp-content\/uploads\/sites\/2\/2018\/03\/Bamboe-Fiets-Tour-.jpg","type":"image\/jpeg"}],"twitter_misc":{"Tiempo de lectura":"1 minuto"},"schema":{"@context":"https:\/\/schema.org","@graph":[{"@type":"WebPage","@id":"https:\/\/www.elciclobcn.com\/es\/tour-bambu\/","url":"https:\/\/www.elciclobcn.com\/es\/tour-bambu\/","name":"Tour bamb\u00fa - El Ciclo Barcelona","isPartOf":{"@id":"https:\/\/www.elciclobcn.com\/es\/#website"},"primaryImageOfPage":{"@id":"https:\/\/www.elciclobcn.com\/es\/tour-bambu\/#primaryimage"},"image":{"@id":"https:\/\/www.elciclobcn.com\/es\/tour-bambu\/#primaryimage"},"thumbnailUrl":"https:\/\/www.elciclobcn.com\/es\/wp-content\/uploads\/sites\/2\/2018\/03\/Bamboe-Fiets-Tour-.jpg","datePublished":"2016-05-09T15:54:42+00:00","dateModified":"2020-03-11T11:53:39+00:00","description":"Una visita guiada por Barcelona en una bicicleta de bamb\u00fa es sin duda la manera m\u00e1s original de descubrir la ciudad. Aparte de nuestros tours cl\u00e1sicos, tambi\u00e9n ofrecemos street art tours.","inLanguage":"es","potentialAction":[{"@type":"ReadAction","target":["https:\/\/www.elciclobcn.com\/es\/tour-bambu\/"]}]},{"@type":"ImageObject","inLanguage":"es","@id":"https:\/\/www.elciclobcn.com\/es\/tour-bambu\/#primaryimage","url":"https:\/\/www.elciclobcn.com\/es\/wp-content\/uploads\/sites\/2\/2018\/03\/Bamboe-Fiets-Tour-.jpg","contentUrl":"https:\/\/www.elciclobcn.com\/es\/wp-content\/uploads\/sites\/2\/2018\/03\/Bamboe-Fiets-Tour-.jpg","width":449,"height":300},{"@type":"WebSite","@id":"https:\/\/www.elciclobcn.com\/es\/#website","url":"https:\/\/www.elciclobcn.com\/es\/","name":"El Ciclo Barcelona","description":"Bicicletas, arte y m\u00e1s","potentialAction":[{"@type":"SearchAction","target":{"@type":"EntryPoint","urlTemplate":"https:\/\/www.elciclobcn.com\/es\/?s={search_term_string}"},"query-input":"required name=search_term_string"}],"inLanguage":"es"}]}},"jetpack_sharing_enabled":true,"_links":{"self":[{"href":"https:\/\/www.elciclobcn.com\/es\/wp-json\/wp\/v2\/pages\/113","targetHints":{"allow":["GET"]}}],"collection":[{"href":"https:\/\/www.elciclobcn.com\/es\/wp-json\/wp\/v2\/pages"}],"about":[{"href":"https:\/\/www.elciclobcn.com\/es\/wp-json\/wp\/v2\/types\/page"}],"author":[{"embeddable":true,"href":"https:\/\/www.elciclobcn.com\/es\/wp-json\/wp\/v2\/users\/1"}],"replies":[{"embeddable":true,"href":"https:\/\/www.elciclobcn.com\/es\/wp-json\/wp\/v2\/comments?post=113"}],"version-history":[{"count":0,"href":"https:\/\/www.elciclobcn.com\/es\/wp-json\/wp\/v2\/pages\/113\/revisions"}],"wp:featuredmedia":[{"embeddable":true,"href":"https:\/\/www.elciclobcn.com\/es\/wp-json\/wp\/v2\/media\/368"}],"wp:attachment":[{"href":"https:\/\/www.elciclobcn.com\/es\/wp-json\/wp\/v2\/media?parent=113"}],"curies":[{"name":"wp","href":"https:\/\/api.w.org\/{rel}","templated":true}]}}