{"id":116,"date":"2016-05-09T17:59:03","date_gmt":"2016-05-09T15:59:03","guid":{"rendered":"http:\/\/www.elciclobcn.com\/es\/?page_id=116"},"modified":"2025-09-06T10:08:54","modified_gmt":"2025-09-06T08:08:54","slug":"concept-store","status":"publish","type":"page","link":"https:\/\/www.elciclobcn.com\/es\/concept-store\/","title":{"rendered":"Concept store"},"content":{"rendered":"<p>[et_pb_section fb_built=\u00bb1&#8243; _builder_version=\u00bb4.16&#8243; custom_padding=\u00bb0px|0px|0px|0px\u00bb global_colors_info=\u00bb{}\u00bb][et_pb_row _builder_version=\u00bb4.16&#8243; background_size=\u00bbinitial\u00bb background_position=\u00bbtop_left\u00bb background_repeat=\u00bbrepeat\u00bb custom_padding=\u00bb27px|0px|0px|0px\u00bb global_colors_info=\u00bb{}\u00bb][et_pb_column type=\u00bb4_4&#8243; _builder_version=\u00bb4.16&#8243; custom_padding=\u00bb|||\u00bb global_colors_info=\u00bb{}\u00bb custom_padding__hover=\u00bb|||\u00bb][et_pb_text _builder_version=\u00bb4.16&#8243; global_colors_info=\u00bb{}\u00bb]<\/p>\n<h2 style=\"text-align: center;\"><strong>La historia de El Ciclo<\/strong><\/h2>\n<h3 style=\"text-align: center;\">Pasi\u00f3n por las bicicletas en el coraz\u00f3n de Barcelona<\/h3>\n<p>[\/et_pb_text][\/et_pb_column][\/et_pb_row][\/et_pb_section][et_pb_section fb_built=\u00bb1&#8243; specialty=\u00bbon\u00bb _builder_version=\u00bb4.16&#8243; custom_padding=\u00bb0px|0px|0px|0px\u00bb global_colors_info=\u00bb{}\u00bb][et_pb_column type=\u00bb3_4&#8243; specialty_columns=\u00bb3&#8243; _builder_version=\u00bb4.16&#8243; custom_padding=\u00bb|||\u00bb global_colors_info=\u00bb{}\u00bb custom_padding__hover=\u00bb|||\u00bb][et_pb_row_inner admin_label=\u00bbRow\u00bb _builder_version=\u00bb4.16&#8243; custom_padding=\u00bb29.6875px|0px|0px|0px\u00bb global_colors_info=\u00bb{}\u00bb][et_pb_column_inner saved_specialty_column_type=\u00bb3_4&#8243; _builder_version=\u00bb4.16&#8243; custom_padding=\u00bb|||\u00bb global_colors_info=\u00bb{}\u00bb custom_padding__hover=\u00bb|||\u00bb][et_pb_image src=\u00bbhttps:\/\/www.elciclobcn.com\/es\/wp-content\/uploads\/sites\/2\/2018\/03\/Ramiro-El-Ciclo.jpg\u00bb align=\u00bbcenter\u00bb align_tablet=\u00bbcenter\u00bb align_last_edited=\u00bbon|desktop\u00bb _builder_version=\u00bb4.16&#8243; global_colors_info=\u00bb{}\u00bb align_phone=\u00bbcenter\u00bb]<\/p>\n<p>&nbsp;<\/p>\n<p>[\/et_pb_image][et_pb_text _builder_version=\u00bb4.27.4&#8243; hover_enabled=\u00bb0&#8243; global_colors_info=\u00bb{}\u00bb sticky_enabled=\u00bb0&#8243;]<\/p>\n<p><strong>El Ciclo fue creado y fundado por Ramiro Sobral, nacido en Buenos Aires y criado en la ciudad de Tucum\u00e1n en el norte de Argentina, con la ayuda de su pareja holandesa Annebeth Vis. Las bicicletas siempre han sido la pasi\u00f3n de Ramiro y as\u00ed naci\u00f3 la idea de abrir una tienda ciclista. Lo que empez\u00f3 con reparaciones y alquiler, se convirti\u00f3 en todo un homenaje a la bicicleta.<\/strong><\/p>\n<p>Para decorar su tienda, Ramiro cre\u00f3 tres l\u00e1mparas con partes de bicicletas antiguas que ten\u00eda guardadas en su taller. Nada m\u00e1s abrir, ya ten\u00eda un cliente para el primer ejemplar. As\u00ed empez\u00f3 el proyecto \u2018Bicicletas que vieron la luz\u2019. Hoy en d\u00eda ha hecho cientos de l\u00e1mparas diferentes y ha vendido sus piezas \u00fanicas por todo el mundo.<\/p>\n<h2>Dise\u00f1o y reciclaje<\/h2>\n<p><img loading=\"lazy\" decoding=\"async\" class=\" wp-image-367 alignleft\" src=\"..\/wp-content\/uploads\/sites\/2\/2018\/03\/tienda-de-bicicletas.jpg\" alt=\"\" width=\"282\" height=\"422\" srcset=\"https:\/\/www.elciclobcn.com\/es\/wp-content\/uploads\/sites\/2\/2018\/03\/tienda-de-bicicletas.jpg 427w, https:\/\/www.elciclobcn.com\/es\/wp-content\/uploads\/sites\/2\/2018\/03\/tienda-de-bicicletas-200x300.jpg 200w\" sizes=\"(max-width: 282px) 100vw, 282px\" \/>Aparte de la extendida colecci\u00f3n de l\u00e1mparas, en la tienda tambi\u00e9n se encuentra muchos art\u00edculos de regalo relacionados con la bici y piezas para las coleccionistas amantes de las dos ruedas. Descubrir\u00e1s bicicletas y partes de bicis en todos los lados, a veces bien escondidas. Durante los \u00faltimos cinco a\u00f1os, El Ciclo se convirti\u00f3 en una tienda que simplemente no puedes perderte si te gustan las bicicletas o si te interesa el reciclaje y el dise\u00f1o.<\/p>\n<p>En el escaparate ver\u00e1s unas preciosas bicicletas de bamb\u00fa. Tambi\u00e9n encontrar\u00e1s bicicletas especiales de la colecci\u00f3n del propio Ramiro, como la \u2018Roulandt\u2019, la primera bicicleta reclinada que se produjo en serie, y su extendida colecci\u00f3n privada de bicicletas de miniatura.<\/p>\n<p>\u00bfPlaneas hacer un tour en bici, alquilar bicicletas, o simplemente est\u00e1s curioso por la colecci\u00f3n de l\u00e1mparas u otros objetos hechos de partes de bici o para los amantes de la bicicleta? \u00a1P\u00e1sate! Nos encanta mostrarte la tienda y el taller.<\/p>\n<p>Estos dos videos te dar\u00e1n una peque\u00f1a impresi\u00f3n:<\/p>\n<p>&nbsp;<\/p>\n<p>[\/et_pb_text][\/et_pb_column_inner][\/et_pb_row_inner][et_pb_row_inner admin_label=\u00bbRow\u00bb _builder_version=\u00bb4.16&#8243; custom_padding=\u00bb2px|0px|29.6875px|0px\u00bb global_colors_info=\u00bb{}\u00bb column_structure=\u00bb1_2,1_2&#8243;][et_pb_column_inner type=\u00bb1_2&#8243; saved_specialty_column_type=\u00bb3_4&#8243; _builder_version=\u00bb4.16&#8243; custom_padding=\u00bb|||\u00bb global_colors_info=\u00bb{}\u00bb custom_padding__hover=\u00bb|||\u00bb][et_pb_video src=\u00bbhttps:\/\/www.youtube.com\/watch?v=EKOKSOXZySw\u00bb play_icon_color=\u00bb#e02b20&#8243; _builder_version=\u00bb4.16&#8243; global_colors_info=\u00bb{}\u00bb]<\/p>\n<p>&nbsp;<\/p>\n<p>[\/et_pb_video][et_pb_text _builder_version=\u00bb4.16&#8243; global_colors_info=\u00bb{}\u00bb]<\/p>\n<p>El programa de televisi\u00f3n catalana Yo ha far\u00e1s estaba de visita en El Ciclo y usaba las l\u00e1mparas de Ramiro en el escenario.<\/p>\n<p>[\/et_pb_text][\/et_pb_column_inner][et_pb_column_inner type=\u00bb1_2&#8243; saved_specialty_column_type=\u00bb3_4&#8243; _builder_version=\u00bb4.16&#8243; custom_padding=\u00bb|||\u00bb global_colors_info=\u00bb{}\u00bb custom_padding__hover=\u00bb|||\u00bb][et_pb_video src=\u00bbhttps:\/\/www.youtube.com\/watch?v=yWX3zHczczU\u00bb _builder_version=\u00bb4.16&#8243; global_colors_info=\u00bb{}\u00bb]<\/p>\n<p>&nbsp;<\/p>\n<p>[\/et_pb_video][et_pb_text _builder_version=\u00bb4.16&#8243; global_colors_info=\u00bb{}\u00bb]<\/p>\n<p>En este video ver\u00e1s La Campana, el ganador del Premio para Artistas Emergentes dentro de los Residu\u2019Art Awards 2014 durante el Festival de Drap-Art 2014 en Barcelona.<\/p>\n<p>[\/et_pb_text][\/et_pb_column_inner][\/et_pb_row_inner][\/et_pb_column][et_pb_column type=\u00bb1_4&#8243; _builder_version=\u00bb4.16&#8243; custom_padding=\u00bb|||\u00bb global_colors_info=\u00bb{}\u00bb custom_padding__hover=\u00bb|||\u00bb][et_pb_text _builder_version=\u00bb4.16&#8243; global_colors_info=\u00bb{}\u00bb]<\/p>\n<h2 style=\"text-align: center;\">Nuestros tours en bicicleta<\/h2>\n<p><img loading=\"lazy\" decoding=\"async\" class=\"alignnone wp-image-335 \" src=\"..\/wp-content\/uploads\/sites\/2\/2018\/03\/tour-privado-en-bicicleta-Barcelona.jpg\" alt=\"\" width=\"279\" height=\"209\" \/><\/p>\n<p>Reserva un tour en El Ciclo y descubre lo mejor de Barcelona con un gu\u00eda privado y profesional. <a href=\"https:\/\/www.elciclobcn.com\/es\/tour-privado\/\">M\u00e1s informaci\u00f3n.<\/a><\/p>\n<p>[\/et_pb_text][et_pb_text _builder_version=\u00bb4.16&#8243; global_colors_info=\u00bb{}\u00bb]<\/p>\n<h2 style=\"text-align: center;\">Alquila una bicicleta<\/h2>\n<p><img loading=\"lazy\" decoding=\"async\" class=\"size-medium wp-image-336 alignnone\" src=\"..\/wp-content\/uploads\/sites\/2\/2018\/03\/tour-en-bicicleta-espanol-Barcelona-300x225.jpg\" alt=\"\" width=\"300\" height=\"225\" \/><\/p>\n<p>El Ciclo ofrece bicicletas de calidad que puedes alquilar durante un par de horas o varios d\u00edas. \u00a1Sin duda la mejor manera m\u00e1s de moverte por la ciudad!<a href=\"https:\/\/www.elciclobcn.com\/es\/alquiler-de-bicicletas\/\"> Mas informaci\u00f3n.<\/a><\/p>\n<p>[\/et_pb_text][\/et_pb_column][\/et_pb_section]<\/p>\n","protected":false},"excerpt":{"rendered":"<p>La historia de El Ciclo Pasi\u00f3n por las bicicletas en el coraz\u00f3n de Barcelona &nbsp; El Ciclo fue creado y fundado por Ramiro Sobral, nacido en Buenos Aires y criado en la ciudad de Tucum\u00e1n en el norte de Argentina, con la ayuda de su pareja holandesa Annebeth Vis. Las bicicletas siempre han sido la [&hellip;]<\/p>\n","protected":false},"author":1,"featured_media":0,"parent":0,"menu_order":0,"comment_status":"closed","ping_status":"closed","template":"","meta":{"_et_pb_use_builder":"on","_et_pb_old_content":"","_et_gb_content_width":"","_monsterinsights_skip_tracking":false,"_monsterinsights_sitenote_active":false,"_monsterinsights_sitenote_note":"","_monsterinsights_sitenote_category":0,"footnotes":""},"class_list":["post-116","page","type-page","status-publish","hentry"],"yoast_head":"<!-- This site is optimized with the Yoast SEO plugin v23.2 - https:\/\/yoast.com\/wordpress\/plugins\/seo\/ -->\n<title>Concept store - El Ciclo Barcelona<\/title>\n<meta name=\"robots\" content=\"index, follow, max-snippet:-1, max-image-preview:large, max-video-preview:-1\" \/>\n<link rel=\"canonical\" href=\"https:\/\/www.elciclobcn.com\/es\/concept-store\/\" \/>\n<meta property=\"og:locale\" content=\"es_ES\" \/>\n<meta property=\"og:type\" content=\"article\" \/>\n<meta property=\"og:title\" content=\"Concept store - El Ciclo Barcelona\" \/>\n<meta property=\"og:description\" content=\"La historia de El Ciclo Pasi\u00f3n por las bicicletas en el coraz\u00f3n de Barcelona &nbsp; El Ciclo fue creado y fundado por Ramiro Sobral, nacido en Buenos Aires y criado en la ciudad de Tucum\u00e1n en el norte de Argentina, con la ayuda de su pareja holandesa Annebeth Vis. Las bicicletas siempre han sido la [&hellip;]\" \/>\n<meta property=\"og:url\" content=\"https:\/\/www.elciclobcn.com\/es\/concept-store\/\" \/>\n<meta property=\"og:site_name\" content=\"El Ciclo Barcelona\" \/>\n<meta property=\"article:modified_time\" content=\"2025-09-06T08:08:54+00:00\" \/>\n<meta name=\"twitter:label1\" content=\"Tiempo de lectura\" \/>\n\t<meta name=\"twitter:data1\" content=\"3 minutos\" \/>\n<script type=\"application\/ld+json\" class=\"yoast-schema-graph\">{\"@context\":\"https:\/\/schema.org\",\"@graph\":[{\"@type\":\"WebPage\",\"@id\":\"https:\/\/www.elciclobcn.com\/es\/concept-store\/\",\"url\":\"https:\/\/www.elciclobcn.com\/es\/concept-store\/\",\"name\":\"Concept store - El Ciclo Barcelona\",\"isPartOf\":{\"@id\":\"https:\/\/www.elciclobcn.com\/es\/#website\"},\"datePublished\":\"2016-05-09T15:59:03+00:00\",\"dateModified\":\"2025-09-06T08:08:54+00:00\",\"inLanguage\":\"es\",\"potentialAction\":[{\"@type\":\"ReadAction\",\"target\":[\"https:\/\/www.elciclobcn.com\/es\/concept-store\/\"]}]},{\"@type\":\"WebSite\",\"@id\":\"https:\/\/www.elciclobcn.com\/es\/#website\",\"url\":\"https:\/\/www.elciclobcn.com\/es\/\",\"name\":\"El Ciclo Barcelona\",\"description\":\"Bicicletas, arte y m\u00e1s\",\"potentialAction\":[{\"@type\":\"SearchAction\",\"target\":{\"@type\":\"EntryPoint\",\"urlTemplate\":\"https:\/\/www.elciclobcn.com\/es\/?s={search_term_string}\"},\"query-input\":\"required name=search_term_string\"}],\"inLanguage\":\"es\"}]}<\/script>\n<!-- \/ Yoast SEO plugin. -->","yoast_head_json":{"title":"Concept store - El Ciclo Barcelona","robots":{"index":"index","follow":"follow","max-snippet":"max-snippet:-1","max-image-preview":"max-image-preview:large","max-video-preview":"max-video-preview:-1"},"canonical":"https:\/\/www.elciclobcn.com\/es\/concept-store\/","og_locale":"es_ES","og_type":"article","og_title":"Concept store - El Ciclo Barcelona","og_description":"La historia de El Ciclo Pasi\u00f3n por las bicicletas en el coraz\u00f3n de Barcelona &nbsp; El Ciclo fue creado y fundado por Ramiro Sobral, nacido en Buenos Aires y criado en la ciudad de Tucum\u00e1n en el norte de Argentina, con la ayuda de su pareja holandesa Annebeth Vis. Las bicicletas siempre han sido la [&hellip;]","og_url":"https:\/\/www.elciclobcn.com\/es\/concept-store\/","og_site_name":"El Ciclo Barcelona","article_modified_time":"2025-09-06T08:08:54+00:00","twitter_misc":{"Tiempo de lectura":"3 minutos"},"schema":{"@context":"https:\/\/schema.org","@graph":[{"@type":"WebPage","@id":"https:\/\/www.elciclobcn.com\/es\/concept-store\/","url":"https:\/\/www.elciclobcn.com\/es\/concept-store\/","name":"Concept store - El Ciclo Barcelona","isPartOf":{"@id":"https:\/\/www.elciclobcn.com\/es\/#website"},"datePublished":"2016-05-09T15:59:03+00:00","dateModified":"2025-09-06T08:08:54+00:00","inLanguage":"es","potentialAction":[{"@type":"ReadAction","target":["https:\/\/www.elciclobcn.com\/es\/concept-store\/"]}]},{"@type":"WebSite","@id":"https:\/\/www.elciclobcn.com\/es\/#website","url":"https:\/\/www.elciclobcn.com\/es\/","name":"El Ciclo Barcelona","description":"Bicicletas, arte y m\u00e1s","potentialAction":[{"@type":"SearchAction","target":{"@type":"EntryPoint","urlTemplate":"https:\/\/www.elciclobcn.com\/es\/?s={search_term_string}"},"query-input":"required name=search_term_string"}],"inLanguage":"es"}]}},"jetpack_sharing_enabled":true,"_links":{"self":[{"href":"https:\/\/www.elciclobcn.com\/es\/wp-json\/wp\/v2\/pages\/116","targetHints":{"allow":["GET"]}}],"collection":[{"href":"https:\/\/www.elciclobcn.com\/es\/wp-json\/wp\/v2\/pages"}],"about":[{"href":"https:\/\/www.elciclobcn.com\/es\/wp-json\/wp\/v2\/types\/page"}],"author":[{"embeddable":true,"href":"https:\/\/www.elciclobcn.com\/es\/wp-json\/wp\/v2\/users\/1"}],"replies":[{"embeddable":true,"href":"https:\/\/www.elciclobcn.com\/es\/wp-json\/wp\/v2\/comments?post=116"}],"version-history":[{"count":1,"href":"https:\/\/www.elciclobcn.com\/es\/wp-json\/wp\/v2\/pages\/116\/revisions"}],"predecessor-version":[{"id":954,"href":"https:\/\/www.elciclobcn.com\/es\/wp-json\/wp\/v2\/pages\/116\/revisions\/954"}],"wp:attachment":[{"href":"https:\/\/www.elciclobcn.com\/es\/wp-json\/wp\/v2\/media?parent=116"}],"curies":[{"name":"wp","href":"https:\/\/api.w.org\/{rel}","templated":true}]}}