{"id":23,"date":"2014-03-23T19:30:46","date_gmt":"2014-03-23T18:30:46","guid":{"rendered":"http:\/\/www.elciclobcn.com\/es\/?page_id=23"},"modified":"2014-06-17T18:28:51","modified_gmt":"2014-06-17T16:28:51","slug":"lamparas","status":"publish","type":"page","link":"https:\/\/www.elciclobcn.com\/es\/lamparas\/","title":{"rendered":"L\u00e1mparas"},"content":{"rendered":"<h2 style=\"text-align: center;\"><strong>Bicicletas viejas que vieron la luz<\/strong><\/h2>\n<h4 style=\"text-align: center;\">En El Ciclo utilizamos piezas usadas de bicicletas de nuestro taller, como radios, bujes, pi\u00f1ones, aros de llantas, discos de freno o eslabones de cadena etc., para crear l\u00e1mparas nuevas. Nuestra colecci\u00f3n incluye l\u00e1mparas de techo, de pared y de pie y tambi\u00e9n las hacemos a medida. Todas nuestras l\u00e1mparas son \u00fanicas y de diferentes tama\u00f1os.<\/h4>\n<p>&nbsp;<\/p>\n<p><a href=\"http:\/\/www.elciclobcn.com\/wp-content\/uploads\/2014\/03\/MG_0222.jpg\"><img loading=\"lazy\" decoding=\"async\" class=\"alignnone size-full wp-image-192\" alt=\"_MG_0222\" src=\"http:\/\/www.elciclobcn.com\/wp-content\/uploads\/2014\/03\/MG_0222.jpg\" width=\"450\" height=\"300\" \/><\/a><a href=\"http:\/\/www.elciclobcn.com\/wp-content\/uploads\/2014\/03\/MG_0233.jpg\"><img loading=\"lazy\" decoding=\"async\" class=\"alignnone size-full wp-image-194\" alt=\"_MG_0233\" src=\"http:\/\/www.elciclobcn.com\/wp-content\/uploads\/2014\/03\/MG_0233.jpg\" width=\"450\" height=\"300\" \/><\/a><a href=\"http:\/\/www.elciclobcn.com\/wp-content\/uploads\/2014\/03\/MG_0214.jpg\"><img loading=\"lazy\" decoding=\"async\" class=\"alignnone size-full wp-image-195\" alt=\"_MG_0214\" src=\"http:\/\/www.elciclobcn.com\/wp-content\/uploads\/2014\/03\/MG_0214.jpg\" width=\"450\" height=\"300\" \/><\/a><a href=\"http:\/\/www.elciclobcn.com\/wp-content\/uploads\/2014\/03\/MG_0254.jpg\"><img loading=\"lazy\" decoding=\"async\" class=\"alignnone size-full wp-image-196\" alt=\"_MG_0254\" src=\"http:\/\/www.elciclobcn.com\/wp-content\/uploads\/2014\/03\/MG_0254.jpg\" width=\"450\" height=\"300\" \/><\/a><a href=\"http:\/\/www.elciclobcn.com\/wp-content\/uploads\/2014\/03\/MG_0211.jpg\"><img loading=\"lazy\" decoding=\"async\" class=\"alignnone size-full wp-image-197\" alt=\"_MG_0211\" src=\"http:\/\/www.elciclobcn.com\/wp-content\/uploads\/2014\/03\/MG_0211.jpg\" width=\"450\" height=\"300\" \/><\/a><a href=\"http:\/\/www.elciclobcn.com\/wp-content\/uploads\/2014\/03\/MG_0234.jpg\"><img loading=\"lazy\" decoding=\"async\" class=\"alignnone size-full wp-image-198\" alt=\"_MG_0234\" src=\"http:\/\/www.elciclobcn.com\/wp-content\/uploads\/2014\/03\/MG_0234.jpg\" width=\"450\" height=\"300\" \/><\/a><\/p>\n","protected":false},"excerpt":{"rendered":"<p>Bicicletas viejas que vieron la luz En El Ciclo utilizamos piezas usadas de bicicletas de nuestro taller, como radios, bujes, pi\u00f1ones, aros de llantas, discos de freno o eslabones de cadena etc., para crear l\u00e1mparas nuevas. Nuestra colecci\u00f3n incluye l\u00e1mparas de techo, de pared y de pie y tambi\u00e9n las hacemos a medida. Todas nuestras [&hellip;]<\/p>\n","protected":false},"author":1,"featured_media":0,"parent":0,"menu_order":0,"comment_status":"open","ping_status":"open","template":"page-full.php","meta":{"_et_pb_use_builder":"","_et_pb_old_content":"","_et_gb_content_width":"","_monsterinsights_skip_tracking":false,"_monsterinsights_sitenote_active":false,"_monsterinsights_sitenote_note":"","_monsterinsights_sitenote_category":0,"footnotes":""},"class_list":["post-23","page","type-page","status-publish","hentry"],"yoast_head":"<!-- This site is optimized with the Yoast SEO plugin v23.2 - https:\/\/yoast.com\/wordpress\/plugins\/seo\/ -->\n<title>L\u00e1mparas - El Ciclo Barcelona<\/title>\n<meta name=\"robots\" content=\"index, follow, max-snippet:-1, max-image-preview:large, max-video-preview:-1\" \/>\n<link rel=\"canonical\" href=\"https:\/\/www.elciclobcn.com\/es\/lamparas\/\" \/>\n<meta property=\"og:locale\" content=\"es_ES\" \/>\n<meta property=\"og:type\" content=\"article\" \/>\n<meta property=\"og:title\" content=\"L\u00e1mparas - El Ciclo Barcelona\" \/>\n<meta property=\"og:description\" content=\"Bicicletas viejas que vieron la luz En El Ciclo utilizamos piezas usadas de bicicletas de nuestro taller, como radios, bujes, pi\u00f1ones, aros de llantas, discos de freno o eslabones de cadena etc., para crear l\u00e1mparas nuevas. Nuestra colecci\u00f3n incluye l\u00e1mparas de techo, de pared y de pie y tambi\u00e9n las hacemos a medida. Todas nuestras [&hellip;]\" \/>\n<meta property=\"og:url\" content=\"https:\/\/www.elciclobcn.com\/es\/lamparas\/\" \/>\n<meta property=\"og:site_name\" content=\"El Ciclo Barcelona\" \/>\n<meta property=\"article:modified_time\" content=\"2014-06-17T16:28:51+00:00\" \/>\n<meta property=\"og:image\" content=\"http:\/\/www.elciclobcn.com\/wp-content\/uploads\/2014\/03\/MG_0222.jpg\" \/>\n<script type=\"application\/ld+json\" class=\"yoast-schema-graph\">{\"@context\":\"https:\/\/schema.org\",\"@graph\":[{\"@type\":\"WebPage\",\"@id\":\"https:\/\/www.elciclobcn.com\/es\/lamparas\/\",\"url\":\"https:\/\/www.elciclobcn.com\/es\/lamparas\/\",\"name\":\"L\u00e1mparas - El Ciclo Barcelona\",\"isPartOf\":{\"@id\":\"https:\/\/www.elciclobcn.com\/es\/#website\"},\"primaryImageOfPage\":{\"@id\":\"https:\/\/www.elciclobcn.com\/es\/lamparas\/#primaryimage\"},\"image\":{\"@id\":\"https:\/\/www.elciclobcn.com\/es\/lamparas\/#primaryimage\"},\"thumbnailUrl\":\"http:\/\/www.elciclobcn.com\/wp-content\/uploads\/2014\/03\/MG_0222.jpg\",\"datePublished\":\"2014-03-23T18:30:46+00:00\",\"dateModified\":\"2014-06-17T16:28:51+00:00\",\"inLanguage\":\"es\",\"potentialAction\":[{\"@type\":\"ReadAction\",\"target\":[\"https:\/\/www.elciclobcn.com\/es\/lamparas\/\"]}]},{\"@type\":\"ImageObject\",\"inLanguage\":\"es\",\"@id\":\"https:\/\/www.elciclobcn.com\/es\/lamparas\/#primaryimage\",\"url\":\"http:\/\/www.elciclobcn.com\/wp-content\/uploads\/2014\/03\/MG_0222.jpg\",\"contentUrl\":\"http:\/\/www.elciclobcn.com\/wp-content\/uploads\/2014\/03\/MG_0222.jpg\"},{\"@type\":\"WebSite\",\"@id\":\"https:\/\/www.elciclobcn.com\/es\/#website\",\"url\":\"https:\/\/www.elciclobcn.com\/es\/\",\"name\":\"El Ciclo Barcelona\",\"description\":\"Bicicletas, arte y m\u00e1s\",\"potentialAction\":[{\"@type\":\"SearchAction\",\"target\":{\"@type\":\"EntryPoint\",\"urlTemplate\":\"https:\/\/www.elciclobcn.com\/es\/?s={search_term_string}\"},\"query-input\":\"required name=search_term_string\"}],\"inLanguage\":\"es\"}]}<\/script>\n<!-- \/ Yoast SEO plugin. -->","yoast_head_json":{"title":"L\u00e1mparas - El Ciclo Barcelona","robots":{"index":"index","follow":"follow","max-snippet":"max-snippet:-1","max-image-preview":"max-image-preview:large","max-video-preview":"max-video-preview:-1"},"canonical":"https:\/\/www.elciclobcn.com\/es\/lamparas\/","og_locale":"es_ES","og_type":"article","og_title":"L\u00e1mparas - El Ciclo Barcelona","og_description":"Bicicletas viejas que vieron la luz En El Ciclo utilizamos piezas usadas de bicicletas de nuestro taller, como radios, bujes, pi\u00f1ones, aros de llantas, discos de freno o eslabones de cadena etc., para crear l\u00e1mparas nuevas. Nuestra colecci\u00f3n incluye l\u00e1mparas de techo, de pared y de pie y tambi\u00e9n las hacemos a medida. Todas nuestras [&hellip;]","og_url":"https:\/\/www.elciclobcn.com\/es\/lamparas\/","og_site_name":"El Ciclo Barcelona","article_modified_time":"2014-06-17T16:28:51+00:00","og_image":[{"url":"http:\/\/www.elciclobcn.com\/wp-content\/uploads\/2014\/03\/MG_0222.jpg"}],"schema":{"@context":"https:\/\/schema.org","@graph":[{"@type":"WebPage","@id":"https:\/\/www.elciclobcn.com\/es\/lamparas\/","url":"https:\/\/www.elciclobcn.com\/es\/lamparas\/","name":"L\u00e1mparas - El Ciclo Barcelona","isPartOf":{"@id":"https:\/\/www.elciclobcn.com\/es\/#website"},"primaryImageOfPage":{"@id":"https:\/\/www.elciclobcn.com\/es\/lamparas\/#primaryimage"},"image":{"@id":"https:\/\/www.elciclobcn.com\/es\/lamparas\/#primaryimage"},"thumbnailUrl":"http:\/\/www.elciclobcn.com\/wp-content\/uploads\/2014\/03\/MG_0222.jpg","datePublished":"2014-03-23T18:30:46+00:00","dateModified":"2014-06-17T16:28:51+00:00","inLanguage":"es","potentialAction":[{"@type":"ReadAction","target":["https:\/\/www.elciclobcn.com\/es\/lamparas\/"]}]},{"@type":"ImageObject","inLanguage":"es","@id":"https:\/\/www.elciclobcn.com\/es\/lamparas\/#primaryimage","url":"http:\/\/www.elciclobcn.com\/wp-content\/uploads\/2014\/03\/MG_0222.jpg","contentUrl":"http:\/\/www.elciclobcn.com\/wp-content\/uploads\/2014\/03\/MG_0222.jpg"},{"@type":"WebSite","@id":"https:\/\/www.elciclobcn.com\/es\/#website","url":"https:\/\/www.elciclobcn.com\/es\/","name":"El Ciclo Barcelona","description":"Bicicletas, arte y m\u00e1s","potentialAction":[{"@type":"SearchAction","target":{"@type":"EntryPoint","urlTemplate":"https:\/\/www.elciclobcn.com\/es\/?s={search_term_string}"},"query-input":"required name=search_term_string"}],"inLanguage":"es"}]}},"jetpack_sharing_enabled":true,"_links":{"self":[{"href":"https:\/\/www.elciclobcn.com\/es\/wp-json\/wp\/v2\/pages\/23","targetHints":{"allow":["GET"]}}],"collection":[{"href":"https:\/\/www.elciclobcn.com\/es\/wp-json\/wp\/v2\/pages"}],"about":[{"href":"https:\/\/www.elciclobcn.com\/es\/wp-json\/wp\/v2\/types\/page"}],"author":[{"embeddable":true,"href":"https:\/\/www.elciclobcn.com\/es\/wp-json\/wp\/v2\/users\/1"}],"replies":[{"embeddable":true,"href":"https:\/\/www.elciclobcn.com\/es\/wp-json\/wp\/v2\/comments?post=23"}],"version-history":[{"count":0,"href":"https:\/\/www.elciclobcn.com\/es\/wp-json\/wp\/v2\/pages\/23\/revisions"}],"wp:attachment":[{"href":"https:\/\/www.elciclobcn.com\/es\/wp-json\/wp\/v2\/media?parent=23"}],"curies":[{"name":"wp","href":"https:\/\/api.w.org\/{rel}","templated":true}]}}