{"id":27,"date":"2014-05-27T18:47:28","date_gmt":"2014-05-27T16:47:28","guid":{"rendered":"http:\/\/www.elciclobcn.com\/fr\/?page_id=27"},"modified":"2016-04-03T11:31:26","modified_gmt":"2016-04-03T09:31:26","slug":"27-2","status":"publish","type":"page","link":"https:\/\/www.elciclobcn.com\/fr\/27-2\/","title":{"rendered":"Louer un v\u00e9lo"},"content":{"rendered":"<h2 style=\"text-align: center\">D\u00e9couvrez Barcelone en petite reine!<\/h2>\n<p>Vous cherchez une mani\u00e8re originale de d\u00e9couvrir la ville?\u00a0 Louez un v\u00e9lo chez El Ciclo!\u00a0 Ces derni\u00e8res ann\u00e9es Barcelone est devenue la ville v\u00e9lo par excellence, avec un r\u00e9seau cyclable dense. Et un nombre croissant de rues sont rebaptis\u00e9es \u00ab\u00a0rues tranquilles \u00bb o\u00f9 les cyclistes peuvent\u00a0circuler en toute s\u00e9curit\u00e9.<\/p>\n<p>Le climat doux avec ses nombreuses heures de soleil et ses hivers relativement chauds font de la capitale catalane un Eldorado pour les adeptes du cyclotourisme.<\/p>\n<p>El Ciclo vous offre un v\u00e9lo confortable et bien entretenu au choix. Cadenas inclus.\u00a0El Ciclo se trouve au Quartier Gothique, \u00e0 deux tours de p\u00e9dale des fameux Ramblas<\/p>\n<p>Et que diriez-vous d\u2019un tour priv\u00e9 accompagn\u00e9 par un guide? El Ciclo propose des visites de Barcelone avec votre propre guide.\u00a0 Nos guides vous montreront les endroits cach\u00e9s et lieux insolites de la ville, que les touristes souvent ne connaissent pas.\u00a0Nous offrons aussi des tours en fran\u00e7ais.<\/p>\n<h2>Prix de location<\/h2>\n<p>2 heures \u20ac 6<\/p>\n<p>4 heures \u20ac 8<\/p>\n<p>8 heures \u20ac 12<\/p>\n<p>1 jour (24 heures) \u20ac 16<\/p>\n<h2>Comment \u00e7a fonctionne?<\/h2>\n<p>&#8211; Vous choisissez une bicyclette dans la boutique<br \/>\n&#8211; Vous remplissez le formulaire<br \/>\n&#8211; Vous payez pour la p\u00e9riode choisie<\/p>\n<p>&#8211; Il est possible de r\u00e9server un v\u00e9lo. Si vous ne payez pas d\u2019avance nous garderons la bicyclette \u00e0 votre disposition jusqu\u2019\u00e0 une heure ( maximum ) apr\u00e8s l\u2019heure convenue, sauf si vous nous contactez pour dire que vous viendrez plus tard.<\/p>\n<p>&#8211; Si vous d\u00e9sirez garder le v\u00e9lo plus longtemps que pr\u00e9vu dans le contrat, contactez El Ciclo au +34 93 624 3920, \u00a0<a href=\"mailto:ramiro@elciclobcn.com\">ramiro@elciclobcn.com<\/a> ou Facebook.com\/RCicloBCN et faites-nous savoir quand vous retournerez la bicyclette.<\/p>\n<p>Quand vous vous \u00e9loignez du v\u00e9lo, veillez toujours \u00e0 ce que le cadenas soit bien ferm\u00e9 et que vous stationniez le v\u00e9lo dans un endroit o\u00f9 c\u2019est permis.<\/p>\n","protected":false},"excerpt":{"rendered":"<p>D\u00e9couvrez Barcelone en petite reine! Vous cherchez une mani\u00e8re originale de d\u00e9couvrir la ville?\u00a0 Louez un v\u00e9lo chez El Ciclo!\u00a0 Ces derni\u00e8res ann\u00e9es Barcelone est devenue la ville v\u00e9lo par excellence, avec un r\u00e9seau cyclable dense. Et un nombre croissant de rues sont rebaptis\u00e9es \u00ab\u00a0rues tranquilles \u00bb o\u00f9 les cyclistes peuvent\u00a0circuler en toute s\u00e9curit\u00e9. Le [&hellip;]<\/p>\n","protected":false},"author":1,"featured_media":0,"parent":0,"menu_order":0,"comment_status":"open","ping_status":"open","template":"","meta":{"_et_pb_use_builder":"","_et_pb_old_content":"","_et_gb_content_width":"","_monsterinsights_skip_tracking":false,"_monsterinsights_sitenote_active":false,"_monsterinsights_sitenote_note":"","_monsterinsights_sitenote_category":0,"footnotes":""},"class_list":["post-27","page","type-page","status-publish","hentry"],"yoast_head":"<!-- This site is optimized with the Yoast SEO plugin v23.2 - https:\/\/yoast.com\/wordpress\/plugins\/seo\/ -->\n<title>Louer un v\u00e9lo - El Ciclo Barcelona<\/title>\n<meta name=\"robots\" content=\"index, follow, max-snippet:-1, max-image-preview:large, max-video-preview:-1\" \/>\n<link rel=\"canonical\" href=\"https:\/\/www.elciclobcn.com\/fr\/27-2\/\" \/>\n<meta property=\"og:locale\" content=\"fr_FR\" \/>\n<meta property=\"og:type\" content=\"article\" \/>\n<meta property=\"og:title\" content=\"Louer un v\u00e9lo - El Ciclo Barcelona\" \/>\n<meta property=\"og:description\" content=\"D\u00e9couvrez Barcelone en petite reine! Vous cherchez une mani\u00e8re originale de d\u00e9couvrir la ville?\u00a0 Louez un v\u00e9lo chez El Ciclo!\u00a0 Ces derni\u00e8res ann\u00e9es Barcelone est devenue la ville v\u00e9lo par excellence, avec un r\u00e9seau cyclable dense. Et un nombre croissant de rues sont rebaptis\u00e9es \u00ab\u00a0rues tranquilles \u00bb o\u00f9 les cyclistes peuvent\u00a0circuler en toute s\u00e9curit\u00e9. Le [&hellip;]\" \/>\n<meta property=\"og:url\" content=\"https:\/\/www.elciclobcn.com\/fr\/27-2\/\" \/>\n<meta property=\"og:site_name\" content=\"El Ciclo Barcelona\" \/>\n<meta property=\"article:modified_time\" content=\"2016-04-03T09:31:26+00:00\" \/>\n<meta name=\"twitter:label1\" content=\"Dur\u00e9e de lecture estim\u00e9e\" \/>\n\t<meta name=\"twitter:data1\" content=\"2 minutes\" \/>\n<script type=\"application\/ld+json\" class=\"yoast-schema-graph\">{\"@context\":\"https:\/\/schema.org\",\"@graph\":[{\"@type\":\"WebPage\",\"@id\":\"https:\/\/www.elciclobcn.com\/fr\/27-2\/\",\"url\":\"https:\/\/www.elciclobcn.com\/fr\/27-2\/\",\"name\":\"Louer un v\u00e9lo - El Ciclo Barcelona\",\"isPartOf\":{\"@id\":\"https:\/\/www.elciclobcn.com\/fr\/#website\"},\"datePublished\":\"2014-05-27T16:47:28+00:00\",\"dateModified\":\"2016-04-03T09:31:26+00:00\",\"inLanguage\":\"fr-FR\",\"potentialAction\":[{\"@type\":\"ReadAction\",\"target\":[\"https:\/\/www.elciclobcn.com\/fr\/27-2\/\"]}]},{\"@type\":\"WebSite\",\"@id\":\"https:\/\/www.elciclobcn.com\/fr\/#website\",\"url\":\"https:\/\/www.elciclobcn.com\/fr\/\",\"name\":\"El Ciclo Barcelona\",\"description\":\"Location de v\u00e9los, tours &amp; concept store\",\"potentialAction\":[{\"@type\":\"SearchAction\",\"target\":{\"@type\":\"EntryPoint\",\"urlTemplate\":\"https:\/\/www.elciclobcn.com\/fr\/?s={search_term_string}\"},\"query-input\":\"required name=search_term_string\"}],\"inLanguage\":\"fr-FR\"}]}<\/script>\n<!-- \/ Yoast SEO plugin. -->","yoast_head_json":{"title":"Louer un v\u00e9lo - El Ciclo Barcelona","robots":{"index":"index","follow":"follow","max-snippet":"max-snippet:-1","max-image-preview":"max-image-preview:large","max-video-preview":"max-video-preview:-1"},"canonical":"https:\/\/www.elciclobcn.com\/fr\/27-2\/","og_locale":"fr_FR","og_type":"article","og_title":"Louer un v\u00e9lo - El Ciclo Barcelona","og_description":"D\u00e9couvrez Barcelone en petite reine! Vous cherchez une mani\u00e8re originale de d\u00e9couvrir la ville?\u00a0 Louez un v\u00e9lo chez El Ciclo!\u00a0 Ces derni\u00e8res ann\u00e9es Barcelone est devenue la ville v\u00e9lo par excellence, avec un r\u00e9seau cyclable dense. Et un nombre croissant de rues sont rebaptis\u00e9es \u00ab\u00a0rues tranquilles \u00bb o\u00f9 les cyclistes peuvent\u00a0circuler en toute s\u00e9curit\u00e9. Le [&hellip;]","og_url":"https:\/\/www.elciclobcn.com\/fr\/27-2\/","og_site_name":"El Ciclo Barcelona","article_modified_time":"2016-04-03T09:31:26+00:00","twitter_misc":{"Dur\u00e9e de lecture estim\u00e9e":"2 minutes"},"schema":{"@context":"https:\/\/schema.org","@graph":[{"@type":"WebPage","@id":"https:\/\/www.elciclobcn.com\/fr\/27-2\/","url":"https:\/\/www.elciclobcn.com\/fr\/27-2\/","name":"Louer un v\u00e9lo - El Ciclo Barcelona","isPartOf":{"@id":"https:\/\/www.elciclobcn.com\/fr\/#website"},"datePublished":"2014-05-27T16:47:28+00:00","dateModified":"2016-04-03T09:31:26+00:00","inLanguage":"fr-FR","potentialAction":[{"@type":"ReadAction","target":["https:\/\/www.elciclobcn.com\/fr\/27-2\/"]}]},{"@type":"WebSite","@id":"https:\/\/www.elciclobcn.com\/fr\/#website","url":"https:\/\/www.elciclobcn.com\/fr\/","name":"El Ciclo Barcelona","description":"Location de v\u00e9los, tours &amp; concept store","potentialAction":[{"@type":"SearchAction","target":{"@type":"EntryPoint","urlTemplate":"https:\/\/www.elciclobcn.com\/fr\/?s={search_term_string}"},"query-input":"required name=search_term_string"}],"inLanguage":"fr-FR"}]}},"_links":{"self":[{"href":"https:\/\/www.elciclobcn.com\/fr\/wp-json\/wp\/v2\/pages\/27","targetHints":{"allow":["GET"]}}],"collection":[{"href":"https:\/\/www.elciclobcn.com\/fr\/wp-json\/wp\/v2\/pages"}],"about":[{"href":"https:\/\/www.elciclobcn.com\/fr\/wp-json\/wp\/v2\/types\/page"}],"author":[{"embeddable":true,"href":"https:\/\/www.elciclobcn.com\/fr\/wp-json\/wp\/v2\/users\/1"}],"replies":[{"embeddable":true,"href":"https:\/\/www.elciclobcn.com\/fr\/wp-json\/wp\/v2\/comments?post=27"}],"version-history":[{"count":0,"href":"https:\/\/www.elciclobcn.com\/fr\/wp-json\/wp\/v2\/pages\/27\/revisions"}],"wp:attachment":[{"href":"https:\/\/www.elciclobcn.com\/fr\/wp-json\/wp\/v2\/media?parent=27"}],"curies":[{"name":"wp","href":"https:\/\/api.w.org\/{rel}","templated":true}]}}