{"id":80,"date":"2016-08-08T11:38:25","date_gmt":"2016-08-08T09:38:25","guid":{"rendered":"http:\/\/www.elciclobcn.com\/fr\/?page_id=80"},"modified":"2025-03-25T08:22:28","modified_gmt":"2025-03-25T07:22:28","slug":"louer-un-velo","status":"publish","type":"page","link":"https:\/\/www.elciclobcn.com\/fr\/louer-un-velo\/","title":{"rendered":"Louer un velo"},"content":{"rendered":"<p>[et_pb_section fb_built=\u00a0\u00bb1&Prime; fullwidth=\u00a0\u00bbon\u00a0\u00bb _builder_version=\u00a0\u00bb4.16&Prime; custom_padding=\u00a0\u00bb0px|0px|0|0px|false|false\u00a0\u00bb global_colors_info=\u00a0\u00bb{}\u00a0\u00bb][et_pb_fullwidth_header title=\u00a0\u00bbD\u00e9couvrez Barcelone a v\u00e9los!\u00a0\u00bb text_orientation=\u00a0\u00bbcenter\u00a0\u00bb button_one_text=\u00a0\u00bbReserv\u00e9z maintenant\u00a0\u00bb button_one_url=\u00a0\u00bbhttps:\/\/www.elciclobcn.com\/fr\/reserver\/\u00a0\u00bb _builder_version=\u00a0\u00bb4.16&Prime; title_font=\u00a0\u00bb|800||on|||||\u00a0\u00bb title_text_align=\u00a0\u00bbcenter\u00a0\u00bb title_font_size=\u00a0\u00bb40px\u00a0\u00bb background_image=\u00a0\u00bbhttps:\/\/www.elciclobcn.com\/fr\/wp-content\/uploads\/sites\/4\/2019\/03\/velo-louer-barcelona.jpg\u00a0\u00bb custom_button_one=\u00a0\u00bbon\u00a0\u00bb button_one_icon_placement=\u00a0\u00bbleft\u00a0\u00bb global_colors_info=\u00a0\u00bb{}\u00a0\u00bb]<\/p>\n<p>&nbsp;<\/p>\n<p>&nbsp;<\/p>\n<p>&nbsp;<\/p>\n<p>&nbsp;<\/p>\n<p>&nbsp;<\/p>\n<p>[\/et_pb_fullwidth_header][\/et_pb_section][et_pb_section fb_built=\u00a0\u00bb1&Prime; specialty=\u00a0\u00bbon\u00a0\u00bb _builder_version=\u00a0\u00bb4.16&Prime; custom_padding=\u00a0\u00bb0px|0px|0px|0px\u00a0\u00bb global_colors_info=\u00a0\u00bb{}\u00a0\u00bb][et_pb_column type=\u00a0\u00bb3_4&Prime; specialty_columns=\u00a0\u00bb3&Prime; _builder_version=\u00a0\u00bb4.16&Prime; custom_padding=\u00a0\u00bb|||\u00a0\u00bb global_colors_info=\u00a0\u00bb{}\u00a0\u00bb custom_padding__hover=\u00a0\u00bb|||\u00a0\u00bb][et_pb_row_inner column_structure=\u00a0\u00bbundefined\u00a0\u00bb admin_label=\u00a0\u00bbRow\u00a0\u00bb _builder_version=\u00a0\u00bb4.16&Prime; custom_padding=\u00a0\u00bb0px|0px|28.1562px|0px\u00a0\u00bb global_colors_info=\u00a0\u00bb{}\u00a0\u00bb][et_pb_column_inner type=\u00a0\u00bbundefined\u00a0\u00bb saved_specialty_column_type=\u00a0\u00bb3_4&Prime; _builder_version=\u00a0\u00bb4.16&Prime; custom_padding=\u00a0\u00bb|||\u00a0\u00bb global_colors_info=\u00a0\u00bb{}\u00a0\u00bb parallax__hover=\u00a0\u00bboff\u00a0\u00bb parallax_method__hover=\u00a0\u00bbon\u00a0\u00bb custom_padding__hover=\u00a0\u00bb|||\u00a0\u00bb][et_pb_text _builder_version=\u00a0\u00bb4.16&Prime; global_colors_info=\u00a0\u00bb{}\u00a0\u00bb]<\/p>\n<h2 style=\"text-align: left;\"><\/h2>\n<h2 style=\"text-align: left;\">Nos v\u00e9los<\/h2>\n<p style=\"text-align: left;\"><img loading=\"lazy\" decoding=\"async\" class=\"size-full wp-image-211 alignleft\" src=\"..\/wp-content\/uploads\/sites\/4\/2018\/06\/Louer_ve\u0301lo_Barcelone.jpg\" alt=\"\" width=\"500\" height=\"332\" srcset=\"https:\/\/www.elciclobcn.com\/fr\/wp-content\/uploads\/sites\/4\/2018\/06\/Louer_ve\u0301lo_Barcelone.jpg 500w, https:\/\/www.elciclobcn.com\/fr\/wp-content\/uploads\/sites\/4\/2018\/06\/Louer_ve\u0301lo_Barcelone-300x199.jpg 300w\" sizes=\"(max-width: 500px) 100vw, 500px\" \/>Nous offrons des v\u00e9los hauts de gamme de marque Allemande Kalkhoff et Bergamont. Ces v\u00e9los sont id\u00e9ales pour passer une journ\u00e9e dans la ville, par exemple si vous souhaitez aller jusqu\u2019\u00e0 au parc Guell ou Camp nou vous pourrez y acc\u00e9der sans aucun probl\u00e8mes. Nous vous proposons des v\u00e9los de qualit\u00e9s avec des selles tr\u00e8s confortables. Nous disposons de v\u00e9los pour les enfants de tous ages ainsi que des si\u00e8ges enfants et un v\u00e9lo porteur &lsquo;bakfiets&rsquo;. Casques et cadenas sont incluent dans nos tarifs.<\/p>\n<p style=\"text-align: left;\">P<span>our les prix, voir ci-contre ou faire d\u00e9filer vers le bas.\u00a0<\/span>Nous sommes une petite structure de location de v\u00e9los, nous vous recommandons de<strong> <a href=\"..\/reserver\/\">r\u00e9server<\/a><\/strong> a l&rsquo;avance pour \u00eatre sur que vous puissiez disposer d&rsquo;un v\u00e9lo. 50\u20ac de caution vous serons demand\u00e9.<\/p>\n<h2 style=\"text-align: left;\">Tours guides priv\u00e9s<\/h2>\n<p style=\"text-align: left;\">El Ciclo propose des <a href=\"..\/tours-guides-prives\/\"><strong>tours guid\u00e9s privatifs<\/strong><\/a>. Nos guides vous feront decouvir les incontournables de Barcelone ainsi que de nombreux lieux cach\u00e9s de la ville. Nos guides parlent fran\u00e7ais ainsi que plusieurs autres langues.<\/p>\n<h2 style=\"text-align: left;\">Faire du v\u00e9lo a Barcelone<\/h2>\n<p style=\"text-align: left;\">Depuis plusieurs ann\u00e9es, Barcelone est en train de se transformer en la ville parfaite pour faire du v\u00e9lo, de nombreuses pistes cyclables ont \u00e9t\u00e9 cr\u00e9es, tous les mois le r\u00e9seau de pistes s&rsquo;agrandit. De plus son climat ensoleill\u00e9 et son hiver doux font de la capitale de la catalogne une ville id\u00e9ale a d\u00e9couvrir a v\u00e9lo.<\/p>\n<p>[\/et_pb_text][\/et_pb_column_inner][\/et_pb_row_inner][\/et_pb_column][et_pb_column type=\u00a0\u00bb1_4&Prime; _builder_version=\u00a0\u00bb4.16&Prime; custom_padding=\u00a0\u00bb|||\u00a0\u00bb global_colors_info=\u00a0\u00bb{}\u00a0\u00bb custom_padding__hover=\u00a0\u00bb|||\u00a0\u00bb][et_pb_text _builder_version=\u00a0\u00bb4.16&Prime; global_colors_info=\u00a0\u00bb{}\u00a0\u00bb]<\/p>\n<h2>Les prix<\/h2>\n<p>&nbsp;<\/p>\n<p>[\/et_pb_text][et_pb_image src=\u00a0\u00bbhttps:\/\/www.elciclobcn.com\/fr\/wp-content\/uploads\/sites\/4\/2018\/06\/Kalkhoff-luxe-bicycle.jpg\u00a0\u00bb align_tablet=\u00a0\u00bbcenter\u00a0\u00bb align_phone=\u00a0\u00bbcenter\u00a0\u00bb align_last_edited=\u00a0\u00bbon|desktop\u00a0\u00bb _builder_version=\u00a0\u00bb4.16&Prime; global_colors_info=\u00a0\u00bb{}\u00a0\u00bb]<br \/>\n[\/et_pb_image][et_pb_text _builder_version=\u00a0\u00bb4.19.4&Prime; global_colors_info=\u00a0\u00bb{}\u00a0\u00bb]<\/p>\n<h2>V\u00e9lo de ville<\/h2>\n<p>2 heures: \u20ac7<br \/>4 heures: \u20ac10<br \/>8 heures: \u20ac12,50<br \/>24 heures: \u20ac16<br \/>Journ\u00e9e suppl\u00e9mentaire \u20ac10<\/p>\n<p>[\/et_pb_text][et_pb_image src=\u00a0\u00bbhttps:\/\/www.elciclobcn.com\/fr\/wp-content\/uploads\/sites\/4\/2023\/01\/Ontwerp-zonder-titel-9.png\u00a0\u00bb title_text=\u00a0\u00bbOntwerp zonder titel (9)\u00a0\u00bb _builder_version=\u00a0\u00bb4.19.4&Prime; _module_preset=\u00a0\u00bbdefault\u00a0\u00bb vertical_offset_tablet=\u00a0\u00bb0&Prime; horizontal_offset_tablet=\u00a0\u00bb0&Prime; z_index_tablet=\u00a0\u00bb0&Prime; box_shadow_horizontal_tablet=\u00a0\u00bb0px\u00a0\u00bb box_shadow_vertical_tablet=\u00a0\u00bb0px\u00a0\u00bb box_shadow_blur_tablet=\u00a0\u00bb40px\u00a0\u00bb box_shadow_spread_tablet=\u00a0\u00bb0px\u00a0\u00bb global_colors_info=\u00a0\u00bb{}\u00a0\u00bb]<br \/>\n[\/et_pb_image][et_pb_text _builder_version=\u00a0\u00bb4.27.4&Prime; _module_preset=\u00a0\u00bbdefault\u00a0\u00bb vertical_offset_tablet=\u00a0\u00bb0&Prime; horizontal_offset_tablet=\u00a0\u00bb0&Prime; hover_enabled=\u00a0\u00bb0&Prime; z_index_tablet=\u00a0\u00bb0&Prime; text_text_shadow_horizontal_length_tablet=\u00a0\u00bb0px\u00a0\u00bb text_text_shadow_vertical_length_tablet=\u00a0\u00bb0px\u00a0\u00bb text_text_shadow_blur_strength_tablet=\u00a0\u00bb1px\u00a0\u00bb link_text_shadow_horizontal_length_tablet=\u00a0\u00bb0px\u00a0\u00bb link_text_shadow_vertical_length_tablet=\u00a0\u00bb0px\u00a0\u00bb link_text_shadow_blur_strength_tablet=\u00a0\u00bb1px\u00a0\u00bb ul_text_shadow_horizontal_length_tablet=\u00a0\u00bb0px\u00a0\u00bb ul_text_shadow_vertical_length_tablet=\u00a0\u00bb0px\u00a0\u00bb ul_text_shadow_blur_strength_tablet=\u00a0\u00bb1px\u00a0\u00bb ol_text_shadow_horizontal_length_tablet=\u00a0\u00bb0px\u00a0\u00bb ol_text_shadow_vertical_length_tablet=\u00a0\u00bb0px\u00a0\u00bb ol_text_shadow_blur_strength_tablet=\u00a0\u00bb1px\u00a0\u00bb quote_text_shadow_horizontal_length_tablet=\u00a0\u00bb0px\u00a0\u00bb quote_text_shadow_vertical_length_tablet=\u00a0\u00bb0px\u00a0\u00bb quote_text_shadow_blur_strength_tablet=\u00a0\u00bb1px\u00a0\u00bb header_text_shadow_horizontal_length_tablet=\u00a0\u00bb0px\u00a0\u00bb header_text_shadow_vertical_length_tablet=\u00a0\u00bb0px\u00a0\u00bb header_text_shadow_blur_strength_tablet=\u00a0\u00bb1px\u00a0\u00bb header_2_text_shadow_horizontal_length_tablet=\u00a0\u00bb0px\u00a0\u00bb header_2_text_shadow_vertical_length_tablet=\u00a0\u00bb0px\u00a0\u00bb header_2_text_shadow_blur_strength_tablet=\u00a0\u00bb1px\u00a0\u00bb header_3_text_shadow_horizontal_length_tablet=\u00a0\u00bb0px\u00a0\u00bb header_3_text_shadow_vertical_length_tablet=\u00a0\u00bb0px\u00a0\u00bb header_3_text_shadow_blur_strength_tablet=\u00a0\u00bb1px\u00a0\u00bb header_4_text_shadow_horizontal_length_tablet=\u00a0\u00bb0px\u00a0\u00bb header_4_text_shadow_vertical_length_tablet=\u00a0\u00bb0px\u00a0\u00bb header_4_text_shadow_blur_strength_tablet=\u00a0\u00bb1px\u00a0\u00bb header_5_text_shadow_horizontal_length_tablet=\u00a0\u00bb0px\u00a0\u00bb header_5_text_shadow_vertical_length_tablet=\u00a0\u00bb0px\u00a0\u00bb header_5_text_shadow_blur_strength_tablet=\u00a0\u00bb1px\u00a0\u00bb header_6_text_shadow_horizontal_length_tablet=\u00a0\u00bb0px\u00a0\u00bb header_6_text_shadow_vertical_length_tablet=\u00a0\u00bb0px\u00a0\u00bb header_6_text_shadow_blur_strength_tablet=\u00a0\u00bb1px\u00a0\u00bb box_shadow_horizontal_tablet=\u00a0\u00bb0px\u00a0\u00bb box_shadow_vertical_tablet=\u00a0\u00bb0px\u00a0\u00bb box_shadow_blur_tablet=\u00a0\u00bb40px\u00a0\u00bb box_shadow_spread_tablet=\u00a0\u00bb0px\u00a0\u00bb global_colors_info=\u00a0\u00bb{}\u00a0\u00bb sticky_enabled=\u00a0\u00bb0&Prime;]<\/p>\n<h3 class=\"tw-data-text tw-text-large XcVN5d tw-ta\" dir=\"ltr\" data-placeholder=\"Vertaling\"><span class=\"Y2IQFc\" lang=\"fr\">V\u00e9lo <\/span><span class=\"Y2IQFc\" lang=\"fr\">\u00c9<\/span><span class=\"Y2IQFc\" lang=\"fr\">lectrique<\/span><\/h3>\n<p><span class=\"Y2IQFc\" lang=\"fr\">2 heures: \u20ac20<br \/>4 heures: \u20ac25<br \/>8-10 heures: \u20ac30<br \/><\/span><\/p>\n<p><span class=\"Y2IQFc\" lang=\"fr\"><br \/>Des cadenas, un casque ou une corbeille sont inclus dans le prix, ainsi que les si\u00e8ges pour enfants.<br \/><\/span><\/p>\n<p>&nbsp;<\/p>\n<p>[\/et_pb_text][\/et_pb_column][\/et_pb_section]<\/p>\n","protected":false},"excerpt":{"rendered":"<p>&nbsp; &nbsp; &nbsp; &nbsp; &nbsp; Nos v\u00e9los Nous offrons des v\u00e9los hauts de gamme de marque Allemande Kalkhoff et Bergamont. Ces v\u00e9los sont id\u00e9ales pour passer une journ\u00e9e dans la ville, par exemple si vous souhaitez aller jusqu\u2019\u00e0 au parc Guell ou Camp nou vous pourrez y acc\u00e9der sans aucun probl\u00e8mes. Nous vous proposons des [&hellip;]<\/p>\n","protected":false},"author":1,"featured_media":0,"parent":0,"menu_order":0,"comment_status":"closed","ping_status":"closed","template":"","meta":{"_et_pb_use_builder":"on","_et_pb_old_content":"<h2 style=\"text-align: center;\"><strong>D\u00e9couvrez Barcelone a v\u00e9los!<\/strong><\/h2><p style=\"text-align: center;\">Barcelone est une ville parfaite pour la d\u00e9couvrir a v\u00e9lo. A El Ciclo nous louons des v\u00e9los. Nous offrons des v\u00e9los hauts de gamme de marque Allemande Kalkhoff et Bergamont. Ces v\u00e9los sont id\u00e9ales pour passer une journ\u00e9e dans la ville, par exemple si vous souhaitez aller jusqu\u2019\u00e0 au parc Guell ou Camp nou vous pourrez y acc\u00e9der sans aucun probl\u00e8mes. Nous vous proposons des v\u00e9los de qualit\u00e9s avec des selles tr\u00e8s confortables. Nous disposons de v\u00e9los pour les enfants de tous ages ainsi que des si\u00e8ges enfants. Un tandem et un v\u00e9lo porteur bakfiets sont \u00e9galement disponibles. Casques et cadenas sont incluent dans nos tarifs.<\/p><p style=\"text-align: center;\"><img class=\"alignleft wp-image-611 size-large\" src=\"http:\/\/www.elciclobcn.com\/fr\/wp-content\/uploads\/sites\/4\/2016\/08\/frances_precios-976x1024.png\" alt=\"frances_precios\" width=\"400\" height=\"420\" \/><\/p><p style=\"text-align: center;\"><strong>R\u00e9server votre v\u00e9lo<\/strong><\/p><p style=\"text-align: center;\">Souhaitez vous r\u00e9server votre v\u00e9lo? Merci de remplir notre formulaire de contact sur notre site ou par mail <strong><a href=\"mailto:tours@elciclobcn.com\">ramiro@elciclobcn.com<\/a><\/strong>. Nous sommes une petite structure de location de v\u00e9los, nous vous recommandons de r\u00e9server a l'avance pour \u00eatre sur que vous puissiez disposer d'un v\u00e9lo. 50\u20ac de caution vous serons demand\u00e9.<\/p><p style=\"text-align: center;\"><strong>Faire du v\u00e9lo a Barcelone<\/strong><\/p><p style=\"text-align: center;\">Depuis plusieurs ann\u00e9es, Barcelone est en train de se transformer en la ville parfaite pour faire du v\u00e9lo, de nombreuses pistes cyclables ont \u00e9t\u00e9 cr\u00e9es, tous les mois le r\u00e9seau de pistes s'agrandit. De plus son climat ensoleill\u00e9 et son hiver doux font de la capitale de la catalogne une ville id\u00e9ale a d\u00e9couvrir a v\u00e9lo.<\/p><p style=\"text-align: center;\"><strong>Tours guides priv\u00e9s <\/strong><\/p><p style=\"text-align: center;\">El Ciclo propose des tours guid\u00e9s privatifs avec des v\u00e9los en bambou ou avec des v\u00e9los classiques. Nos guides vous feront decouvir les incontournables de Barcelone ainsi que de nombreux lieux cach\u00e9s de la ville. Nos guides parlent fran\u00e7ais ainsi que plusieurs autres langues.<\/p><p>\u00a0<\/p>","_et_gb_content_width":"","_monsterinsights_skip_tracking":false,"_monsterinsights_sitenote_active":false,"_monsterinsights_sitenote_note":"","_monsterinsights_sitenote_category":0,"footnotes":""},"class_list":["post-80","page","type-page","status-publish","hentry"],"yoast_head":"<!-- This site is optimized with the Yoast SEO plugin v23.2 - https:\/\/yoast.com\/wordpress\/plugins\/seo\/ -->\n<title>Louer un velo - El Ciclo Barcelona<\/title>\n<meta name=\"robots\" content=\"index, follow, max-snippet:-1, max-image-preview:large, max-video-preview:-1\" \/>\n<link rel=\"canonical\" href=\"https:\/\/www.elciclobcn.com\/fr\/louer-un-velo\/\" \/>\n<meta property=\"og:locale\" content=\"fr_FR\" \/>\n<meta property=\"og:type\" content=\"article\" \/>\n<meta property=\"og:title\" content=\"Louer un velo - El Ciclo Barcelona\" \/>\n<meta property=\"og:description\" content=\"&nbsp; &nbsp; &nbsp; &nbsp; &nbsp; Nos v\u00e9los Nous offrons des v\u00e9los hauts de gamme de marque Allemande Kalkhoff et Bergamont. Ces v\u00e9los sont id\u00e9ales pour passer une journ\u00e9e dans la ville, par exemple si vous souhaitez aller jusqu\u2019\u00e0 au parc Guell ou Camp nou vous pourrez y acc\u00e9der sans aucun probl\u00e8mes. Nous vous proposons des [&hellip;]\" \/>\n<meta property=\"og:url\" content=\"https:\/\/www.elciclobcn.com\/fr\/louer-un-velo\/\" \/>\n<meta property=\"og:site_name\" content=\"El Ciclo Barcelona\" \/>\n<meta property=\"article:modified_time\" content=\"2025-03-25T07:22:28+00:00\" \/>\n<meta name=\"twitter:label1\" content=\"Dur\u00e9e de lecture estim\u00e9e\" \/>\n\t<meta name=\"twitter:data1\" content=\"5 minutes\" \/>\n<script type=\"application\/ld+json\" class=\"yoast-schema-graph\">{\"@context\":\"https:\/\/schema.org\",\"@graph\":[{\"@type\":\"WebPage\",\"@id\":\"https:\/\/www.elciclobcn.com\/fr\/louer-un-velo\/\",\"url\":\"https:\/\/www.elciclobcn.com\/fr\/louer-un-velo\/\",\"name\":\"Louer un velo - El Ciclo Barcelona\",\"isPartOf\":{\"@id\":\"https:\/\/www.elciclobcn.com\/fr\/#website\"},\"datePublished\":\"2016-08-08T09:38:25+00:00\",\"dateModified\":\"2025-03-25T07:22:28+00:00\",\"inLanguage\":\"fr-FR\",\"potentialAction\":[{\"@type\":\"ReadAction\",\"target\":[\"https:\/\/www.elciclobcn.com\/fr\/louer-un-velo\/\"]}]},{\"@type\":\"WebSite\",\"@id\":\"https:\/\/www.elciclobcn.com\/fr\/#website\",\"url\":\"https:\/\/www.elciclobcn.com\/fr\/\",\"name\":\"El Ciclo Barcelona\",\"description\":\"Location de v\u00e9los, tours &amp; concept store\",\"potentialAction\":[{\"@type\":\"SearchAction\",\"target\":{\"@type\":\"EntryPoint\",\"urlTemplate\":\"https:\/\/www.elciclobcn.com\/fr\/?s={search_term_string}\"},\"query-input\":\"required name=search_term_string\"}],\"inLanguage\":\"fr-FR\"}]}<\/script>\n<!-- \/ Yoast SEO plugin. -->","yoast_head_json":{"title":"Louer un velo - El Ciclo Barcelona","robots":{"index":"index","follow":"follow","max-snippet":"max-snippet:-1","max-image-preview":"max-image-preview:large","max-video-preview":"max-video-preview:-1"},"canonical":"https:\/\/www.elciclobcn.com\/fr\/louer-un-velo\/","og_locale":"fr_FR","og_type":"article","og_title":"Louer un velo - El Ciclo Barcelona","og_description":"&nbsp; &nbsp; &nbsp; &nbsp; &nbsp; Nos v\u00e9los Nous offrons des v\u00e9los hauts de gamme de marque Allemande Kalkhoff et Bergamont. Ces v\u00e9los sont id\u00e9ales pour passer une journ\u00e9e dans la ville, par exemple si vous souhaitez aller jusqu\u2019\u00e0 au parc Guell ou Camp nou vous pourrez y acc\u00e9der sans aucun probl\u00e8mes. Nous vous proposons des [&hellip;]","og_url":"https:\/\/www.elciclobcn.com\/fr\/louer-un-velo\/","og_site_name":"El Ciclo Barcelona","article_modified_time":"2025-03-25T07:22:28+00:00","twitter_misc":{"Dur\u00e9e de lecture estim\u00e9e":"5 minutes"},"schema":{"@context":"https:\/\/schema.org","@graph":[{"@type":"WebPage","@id":"https:\/\/www.elciclobcn.com\/fr\/louer-un-velo\/","url":"https:\/\/www.elciclobcn.com\/fr\/louer-un-velo\/","name":"Louer un velo - El Ciclo Barcelona","isPartOf":{"@id":"https:\/\/www.elciclobcn.com\/fr\/#website"},"datePublished":"2016-08-08T09:38:25+00:00","dateModified":"2025-03-25T07:22:28+00:00","inLanguage":"fr-FR","potentialAction":[{"@type":"ReadAction","target":["https:\/\/www.elciclobcn.com\/fr\/louer-un-velo\/"]}]},{"@type":"WebSite","@id":"https:\/\/www.elciclobcn.com\/fr\/#website","url":"https:\/\/www.elciclobcn.com\/fr\/","name":"El Ciclo Barcelona","description":"Location de v\u00e9los, tours &amp; concept store","potentialAction":[{"@type":"SearchAction","target":{"@type":"EntryPoint","urlTemplate":"https:\/\/www.elciclobcn.com\/fr\/?s={search_term_string}"},"query-input":"required name=search_term_string"}],"inLanguage":"fr-FR"}]}},"_links":{"self":[{"href":"https:\/\/www.elciclobcn.com\/fr\/wp-json\/wp\/v2\/pages\/80","targetHints":{"allow":["GET"]}}],"collection":[{"href":"https:\/\/www.elciclobcn.com\/fr\/wp-json\/wp\/v2\/pages"}],"about":[{"href":"https:\/\/www.elciclobcn.com\/fr\/wp-json\/wp\/v2\/types\/page"}],"author":[{"embeddable":true,"href":"https:\/\/www.elciclobcn.com\/fr\/wp-json\/wp\/v2\/users\/1"}],"replies":[{"embeddable":true,"href":"https:\/\/www.elciclobcn.com\/fr\/wp-json\/wp\/v2\/comments?post=80"}],"version-history":[{"count":1,"href":"https:\/\/www.elciclobcn.com\/fr\/wp-json\/wp\/v2\/pages\/80\/revisions"}],"predecessor-version":[{"id":312,"href":"https:\/\/www.elciclobcn.com\/fr\/wp-json\/wp\/v2\/pages\/80\/revisions\/312"}],"wp:attachment":[{"href":"https:\/\/www.elciclobcn.com\/fr\/wp-json\/wp\/v2\/media?parent=80"}],"curies":[{"name":"wp","href":"https:\/\/api.w.org\/{rel}","templated":true}]}}