{"id":82,"date":"2016-08-08T11:43:48","date_gmt":"2016-08-08T09:43:48","guid":{"rendered":"http:\/\/www.elciclobcn.com\/fr\/?page_id=82"},"modified":"2023-04-14T12:43:16","modified_gmt":"2023-04-14T10:43:16","slug":"tours-guides-prives","status":"publish","type":"page","link":"https:\/\/www.elciclobcn.com\/fr\/tours-guides-prives\/","title":{"rendered":"Tours guides prives"},"content":{"rendered":"<p>[et_pb_section bb_built=\u00a0\u00bb1&Prime; fullwidth=\u00a0\u00bbon\u00a0\u00bb _builder_version=\u00a0\u00bb4.16&Prime; global_colors_info=\u00a0\u00bb{}\u00a0\u00bb next_background_color=\u00a0\u00bb#000000&Prime;][et_pb_fullwidth_header title=\u00a0\u00bbD\u00e9couvrez Barcelone avec un guide priv\u00e9e\u00a0\u00bb text_orientation=\u00a0\u00bbcenter\u00a0\u00bb button_one_text=\u00a0\u00bbR\u00e9servez maintenant!\u00a0\u00bb button_one_url=\u00a0\u00bbhttps:\/\/www.elciclobcn.com\/fr\/reserver\/\u00a0\u00bb _builder_version=\u00a0\u00bb4.16&Prime; title_font=\u00a0\u00bb|800||on|||||\u00a0\u00bb title_text_align=\u00a0\u00bbcenter\u00a0\u00bb title_font_size=\u00a0\u00bb40px\u00a0\u00bb background_image=\u00a0\u00bbhttps:\/\/www.elciclobcn.com\/fr\/wp-content\/uploads\/sites\/4\/2019\/03\/tour-vel\u00f3-priv\u00e9-barcelona.jpg\u00a0\u00bb custom_button_one=\u00a0\u00bbon\u00a0\u00bb button_one_text_color=\u00a0\u00bb#000000&Prime; button_one_icon_placement=\u00a0\u00bbleft\u00a0\u00bb global_colors_info=\u00a0\u00bb{}\u00a0\u00bb]<\/p>\n<p>\n&nbsp;<\/p>\n<p>&nbsp;<\/p>\n<p>&nbsp;<\/p>\n<p>&nbsp;<\/p>\n<p>&nbsp;<\/p>\n<p>[\/et_pb_fullwidth_header][\/et_pb_section][et_pb_section bb_built=\u00a0\u00bb1&Prime; _builder_version=\u00a0\u00bb4.16&Prime; global_colors_info=\u00a0\u00bb{}\u00a0\u00bb prev_background_color=\u00a0\u00bb#000000&Prime;][et_pb_row _builder_version=\u00a0\u00bb4.16&Prime; background_size=\u00a0\u00bbinitial\u00a0\u00bb background_position=\u00a0\u00bbtop_left\u00a0\u00bb background_repeat=\u00a0\u00bbrepeat\u00a0\u00bb global_colors_info=\u00a0\u00bb{}\u00a0\u00bb][et_pb_column type=\u00a0\u00bb4_4&Prime; _builder_version=\u00a0\u00bb4.16&Prime; custom_padding=\u00a0\u00bb|||\u00a0\u00bb global_colors_info=\u00a0\u00bb{}\u00a0\u00bb custom_padding__hover=\u00a0\u00bb|||\u00a0\u00bb][et_pb_text _builder_version=\u00a0\u00bb4.20.2&Prime; vertical_offset_tablet=\u00a0\u00bb0&Prime; horizontal_offset_tablet=\u00a0\u00bb0&Prime; hover_enabled=\u00a0\u00bb0&Prime; z_index_tablet=\u00a0\u00bb0&Prime; text_text_shadow_horizontal_length_tablet=\u00a0\u00bb0px\u00a0\u00bb text_text_shadow_vertical_length_tablet=\u00a0\u00bb0px\u00a0\u00bb text_text_shadow_blur_strength_tablet=\u00a0\u00bb1px\u00a0\u00bb link_text_shadow_horizontal_length_tablet=\u00a0\u00bb0px\u00a0\u00bb link_text_shadow_vertical_length_tablet=\u00a0\u00bb0px\u00a0\u00bb link_text_shadow_blur_strength_tablet=\u00a0\u00bb1px\u00a0\u00bb ul_text_shadow_horizontal_length_tablet=\u00a0\u00bb0px\u00a0\u00bb ul_text_shadow_vertical_length_tablet=\u00a0\u00bb0px\u00a0\u00bb ul_text_shadow_blur_strength_tablet=\u00a0\u00bb1px\u00a0\u00bb ol_text_shadow_horizontal_length_tablet=\u00a0\u00bb0px\u00a0\u00bb ol_text_shadow_vertical_length_tablet=\u00a0\u00bb0px\u00a0\u00bb ol_text_shadow_blur_strength_tablet=\u00a0\u00bb1px\u00a0\u00bb quote_text_shadow_horizontal_length_tablet=\u00a0\u00bb0px\u00a0\u00bb quote_text_shadow_vertical_length_tablet=\u00a0\u00bb0px\u00a0\u00bb quote_text_shadow_blur_strength_tablet=\u00a0\u00bb1px\u00a0\u00bb header_text_shadow_horizontal_length_tablet=\u00a0\u00bb0px\u00a0\u00bb header_text_shadow_vertical_length_tablet=\u00a0\u00bb0px\u00a0\u00bb header_text_shadow_blur_strength_tablet=\u00a0\u00bb1px\u00a0\u00bb header_2_text_shadow_horizontal_length_tablet=\u00a0\u00bb0px\u00a0\u00bb header_2_text_shadow_vertical_length_tablet=\u00a0\u00bb0px\u00a0\u00bb header_2_text_shadow_blur_strength_tablet=\u00a0\u00bb1px\u00a0\u00bb header_3_text_shadow_horizontal_length_tablet=\u00a0\u00bb0px\u00a0\u00bb header_3_text_shadow_vertical_length_tablet=\u00a0\u00bb0px\u00a0\u00bb header_3_text_shadow_blur_strength_tablet=\u00a0\u00bb1px\u00a0\u00bb header_4_text_shadow_horizontal_length_tablet=\u00a0\u00bb0px\u00a0\u00bb header_4_text_shadow_vertical_length_tablet=\u00a0\u00bb0px\u00a0\u00bb header_4_text_shadow_blur_strength_tablet=\u00a0\u00bb1px\u00a0\u00bb header_5_text_shadow_horizontal_length_tablet=\u00a0\u00bb0px\u00a0\u00bb header_5_text_shadow_vertical_length_tablet=\u00a0\u00bb0px\u00a0\u00bb header_5_text_shadow_blur_strength_tablet=\u00a0\u00bb1px\u00a0\u00bb header_6_text_shadow_horizontal_length_tablet=\u00a0\u00bb0px\u00a0\u00bb header_6_text_shadow_vertical_length_tablet=\u00a0\u00bb0px\u00a0\u00bb header_6_text_shadow_blur_strength_tablet=\u00a0\u00bb1px\u00a0\u00bb box_shadow_horizontal_tablet=\u00a0\u00bb0px\u00a0\u00bb box_shadow_vertical_tablet=\u00a0\u00bb0px\u00a0\u00bb box_shadow_blur_tablet=\u00a0\u00bb40px\u00a0\u00bb box_shadow_spread_tablet=\u00a0\u00bb0px\u00a0\u00bb global_colors_info=\u00a0\u00bb{}\u00a0\u00bb sticky_enabled=\u00a0\u00bb0&Prime; background_pattern_color=\u00a0\u00bbrgba(0,0,0,0.2)\u00a0\u00bb background_mask_color=\u00a0\u00bb#ffffff\u00a0\u00bb text_text_shadow_horizontal_length=\u00a0\u00bbtext_text_shadow_style,%91object Object%93&Prime; text_text_shadow_vertical_length=\u00a0\u00bbtext_text_shadow_style,%91object Object%93&Prime; text_text_shadow_blur_strength=\u00a0\u00bbtext_text_shadow_style,%91object Object%93&Prime; link_text_shadow_horizontal_length=\u00a0\u00bblink_text_shadow_style,%91object Object%93&Prime; link_text_shadow_vertical_length=\u00a0\u00bblink_text_shadow_style,%91object Object%93&Prime; link_text_shadow_blur_strength=\u00a0\u00bblink_text_shadow_style,%91object Object%93&Prime; ul_text_shadow_horizontal_length=\u00a0\u00bbul_text_shadow_style,%91object Object%93&Prime; ul_text_shadow_vertical_length=\u00a0\u00bbul_text_shadow_style,%91object Object%93&Prime; ul_text_shadow_blur_strength=\u00a0\u00bbul_text_shadow_style,%91object Object%93&Prime; ol_text_shadow_horizontal_length=\u00a0\u00bbol_text_shadow_style,%91object Object%93&Prime; ol_text_shadow_vertical_length=\u00a0\u00bbol_text_shadow_style,%91object Object%93&Prime; ol_text_shadow_blur_strength=\u00a0\u00bbol_text_shadow_style,%91object Object%93&Prime; quote_text_shadow_horizontal_length=\u00a0\u00bbquote_text_shadow_style,%91object Object%93&Prime; quote_text_shadow_vertical_length=\u00a0\u00bbquote_text_shadow_style,%91object Object%93&Prime; quote_text_shadow_blur_strength=\u00a0\u00bbquote_text_shadow_style,%91object Object%93&Prime; header_text_shadow_horizontal_length=\u00a0\u00bbheader_text_shadow_style,%91object Object%93&Prime; header_text_shadow_vertical_length=\u00a0\u00bbheader_text_shadow_style,%91object Object%93&Prime; header_text_shadow_blur_strength=\u00a0\u00bbheader_text_shadow_style,%91object Object%93&Prime; header_2_text_shadow_horizontal_length=\u00a0\u00bbheader_2_text_shadow_style,%91object Object%93&Prime; header_2_text_shadow_vertical_length=\u00a0\u00bbheader_2_text_shadow_style,%91object Object%93&Prime; header_2_text_shadow_blur_strength=\u00a0\u00bbheader_2_text_shadow_style,%91object Object%93&Prime; header_3_text_shadow_horizontal_length=\u00a0\u00bbheader_3_text_shadow_style,%91object Object%93&Prime; header_3_text_shadow_vertical_length=\u00a0\u00bbheader_3_text_shadow_style,%91object Object%93&Prime; header_3_text_shadow_blur_strength=\u00a0\u00bbheader_3_text_shadow_style,%91object Object%93&Prime; header_4_text_shadow_horizontal_length=\u00a0\u00bbheader_4_text_shadow_style,%91object Object%93&Prime; header_4_text_shadow_vertical_length=\u00a0\u00bbheader_4_text_shadow_style,%91object Object%93&Prime; header_4_text_shadow_blur_strength=\u00a0\u00bbheader_4_text_shadow_style,%91object Object%93&Prime; header_5_text_shadow_horizontal_length=\u00a0\u00bbheader_5_text_shadow_style,%91object Object%93&Prime; header_5_text_shadow_vertical_length=\u00a0\u00bbheader_5_text_shadow_style,%91object Object%93&Prime; header_5_text_shadow_blur_strength=\u00a0\u00bbheader_5_text_shadow_style,%91object Object%93&Prime; header_6_text_shadow_horizontal_length=\u00a0\u00bbheader_6_text_shadow_style,%91object Object%93&Prime; header_6_text_shadow_vertical_length=\u00a0\u00bbheader_6_text_shadow_style,%91object Object%93&Prime; header_6_text_shadow_blur_strength=\u00a0\u00bbheader_6_text_shadow_style,%91object Object%93&Prime;]<\/p>\n<p>\u00a0<\/p>\n<p>El Ciclo propose des circuits \u00e0 v\u00e9lo avec un guide personnel, francophone et\/ou n\u00e9erlandophone. Notre guide vous emm\u00e8ne vers les points forts, mais vous montrera \u00e9galement les endroits bien cach\u00e9s hors des sentiers battus que vous pourriez ne pas avoir d\u00e9couverts vous-m\u00eame. Bien s\u00fbr, ils partagent \u00e9galement avec vous leurs conseils et leurs favoris personnels, ce qui rendra votre s\u00e9jour \u00e0 Barcelone encore plus agr\u00e9able. Chaque balade \u00e0 v\u00e9lo est faite sur mesure.<\/p>\n<ul>\n<li>Visite personnelle \u00e0 v\u00e9lo avec guide priv\u00e9 !!!<\/li>\n<li>Enti\u00e8rement adapt\u00e9 \u00e0 votre groupe (merci d&rsquo;indiquer vos souhaits \u00e0 l&rsquo;avance)<\/li>\n<li>Nos guides sont des locaux (au moins 2 ans \u00e0 Barcelone)<\/li>\n<li>Langue fran\u00e7aise<\/li>\n<li>V\u00e9los de qualit\u00e9, v\u00e9los \u00e9lectriques d\u00e9sormais aussi possibles!<\/li>\n<li>Panier \/ casque gratuit<\/li>\n<li>Point de d\u00e9part au centre ville<\/li>\n<li>Meilleur rapport qualit\u00e9 \/ prix<\/li>\n<\/ul>\n<p><strong><a href=\"https:\/\/www.elciclobcn.com\/fr\/reserver\/\">Cliquez ici pour r\u00e9server imm\u00e9diatement<\/a><\/strong><\/p>\n<h2>Faire du v\u00e9lo \u00e0 Barcelone: sur mesure<\/h2>\n<p>Avant de monter sur votre v\u00e9lo, notre guide discutera d&rsquo;abord avec vous de vos souhaits. Faites-lui savoir ce que vous avez vu dans la ville et o\u00f9 vous aimeriez aller. Avez-vous d\u00e9j\u00e0 vu la Sagrada Familia ou figure-t-elle sur votre programme pour plus tard ? Alors, nous vous emm\u00e8nerons dans d&rsquo;autres endroits. De cette fa\u00e7on, vous tirez le meilleur parti de votre voyage en ville.Vous pouvez aussi signaler des souhaits sp\u00e9cifiques au moment de la r\u00e9servation. Y a-t-il des sujets qui vous int\u00e9ressent sp\u00e9cialement ? Gaud\u00ed, l&rsquo;histoire, les adresses culinaires, des boutiques sp\u00e9ciales ou une visite adapt\u00e9e aux jeunes enfants? Alors signalez-le d\u00e9j\u00e0 lors de la r\u00e9servation!Toutes les visites sont ajust\u00e9es au groupe. Nos guides sont habitu\u00e9s \u00e0 travailler avec des couples, des familles avec enfants, des adolescents, des groupes d&rsquo;amis ou des groupes de coll\u00e8gues, et \u00e0 personnaliser la visite. Ce n&rsquo;est pas pour rien qu&rsquo;il y a des clients qui ont d\u00e9j\u00e0 fait plusieurs tours avec nous!<\/p>\n<h2>Visite \u00e0 v\u00e9lo de Barcelone avec un guide francophone<\/h2>\n<p>Nos guides sont des habitants francophones qui vivent en permanence \u00e0 Barcelone, ont de l&rsquo;exp\u00e9rience, parlent la langue, sont int\u00e9gr\u00e9s et savent exactement o\u00f9 ils doivent vous amener. Cela am\u00e9liore la qualit\u00e9 de nos circuits. Nous ne travaillons pas avec des guides qui ne vivent dans la ville que depuis quelques mois ou temporairement, car nous savons par exp\u00e9rience que l&rsquo;on ne conna\u00eet vraiment une ville et ses habitants qu&rsquo;apr\u00e8s une p\u00e9riode relativement longue.<\/p>\n<h2>Les prix<\/h2>\n<p>Compagnie de 2 personnes: 52,50 \u20ac par personne *<br \/>Compagnie de 3 personnes: 44 \u20ac par personne *<br \/>Compagnie de 4-5 personnes: 40 \u20ac par personne<br \/>Compagnie de 6-7 personnes: 35 \u20ac par personne<br \/>Compagnie de 8-10 personnes:\u00a0 31,50 \u20ac par personne<\/p>\n<p>Pour les groupes de plus de 10 personnes: demandez un devis!<\/p>\n<p>*Nombre minimum de participants: 2 personnes<\/p>\n<p>Enfants jusqu&rsquo;\u00e1 12 ans inclus: 22,50 \u20ac (avec un minimum de 2 adultes)<br \/>Enfants jusqu&rsquo;\u00e0 6 ans qui ne font pas de v\u00e9lo eux-m\u00eames, mais vont dans un si\u00e8ge enfant: gratuit.<\/p>\n<p>Veuillez noter: il y a un maximum de 10 personnes par groupe. La raison en est que la population locale n\u2019appr\u00e9cie pas les groupes plus importants \u00e0 v\u00e9lo et pour nous, une forme durable de vivre ensemble avec les habitants est primordiale. Il est \u00e9galement plus s\u00fbr de sortir en petit groupe, on gagne du temps et le guide pourra s\u2019occuper mieux de vous.<\/p>\n<p>Les visites sont \u00e9galement propos\u00e9es avec des v\u00e9los \u00e9lectriques. Un suppl\u00e9ment de 12 \u20ac sera factur\u00e9 pour cela. Il est possible de prendre un v\u00e9lo \u00e9lectrique pour tout le groupe, mais aussi pour 1 personne. Nous ne proposons pas de v\u00e9los \u00e9lectriques pour les enfants.<\/p>\n<p><a href=\"https:\/\/www.elciclobcn.com\/fr\/reserver\/\">Cliquez ici pour r\u00e9server votre visite tout de suite<\/a><\/p>\n<h2>R\u00e9servez un tour priv\u00e9 \u00e0 v\u00e9lo<\/h2>\n<p>Voulez-vous r\u00e9server une visite? Nous vous prions d\u2019utiliser le formulaire de contact sur notre site Web ou d\u2019envoyer un e-mail \u00e0 ramiro@elciclobcn.com. El Ciclo est une petite entreprise avec un nombre limit\u00e9 de v\u00e9los (et guides). Assurez-vous de r\u00e9server \u00e0 temps si vous voulez \u00eatre s\u00fbr d&rsquo;une visite \u00e0 v\u00e9lo avec El Ciclo.<\/p>\n<p>Pour un tour, vous aurez toujours un v\u00e9lo de grand confort avec trois vitesses et une bonne selle confortable. Si vous d\u00e9sirez un panier c\u2019est possible. Si vous le souhaitez, vous pouvez r\u00e9server le v\u00e9lo cargo pour votre visite.<\/p>\n<p>Veuillez noter que les visites doivent \u00eatre r\u00e9serv\u00e9es au moins 24 heures \u00e0 l&rsquo;avance et doivent toujours \u00eatre confirm\u00e9es par nous. Est-ce un d\u00e9lai trop court? Envoyez un message Whatsapp au 0034 607824860. Nous vous informerons s&rsquo;il reste de la disponibilit\u00e9.<\/p>\n<p>Apr\u00e8s avoir re\u00e7u votre r\u00e9servation, nous enverrons toujours un e-mail pour confirmer la visite.<\/p>\n<h2>Informations pratiques<\/h2>\n<ul>\n<li>Nos visites commencent et se terminent \u00e0 El Ciclo dans le Quartier Gothique<\/li>\n<li>Heures de d\u00e9part: tous les jours \u00e0 10h, 10h30 et 15h<\/li>\n<li>Dur\u00e9e: environ 3 heures<\/li>\n<li>V\u00e9los pour enfants disponibles \u00e0 partir de 6 ans<\/li>\n<li>Si\u00e8ges enfants (avant et arri\u00e8re) disponibles<\/li>\n<li>En cas de pluie il y a consultation avec le client<\/li>\n<li>Toilette pr\u00e9sente dans la boutique<\/li>\n<li>Possibilit\u00e9 de laisser valises \/ sacs dans la boutique<\/li>\n<li>Les participants \u00e0 un tour \u00e0 v\u00e9lo b\u00e9n\u00e9ficient d&rsquo;une r\u00e9duction sur la location de v\u00e9los<\/li>\n<\/ul>\n<p>[\/et_pb_text][\/et_pb_column][\/et_pb_row][\/et_pb_section]<\/p>\n","protected":false},"excerpt":{"rendered":"<p>&nbsp; &nbsp; &nbsp; &nbsp; &nbsp; \u00a0El Ciclo propose des circuits \u00e0 v\u00e9lo avec un guide personnel, francophone et\/ou n\u00e9erlandophone. Notre guide vous emm\u00e8ne vers les points forts, mais vous montrera \u00e9galement les endroits bien cach\u00e9s hors des sentiers battus que vous pourriez ne pas avoir d\u00e9couverts vous-m\u00eame. Bien s\u00fbr, ils partagent \u00e9galement avec vous leurs [&hellip;]<\/p>\n","protected":false},"author":1,"featured_media":0,"parent":0,"menu_order":0,"comment_status":"closed","ping_status":"closed","template":"","meta":{"_et_pb_use_builder":"on","_et_pb_old_content":"<h2 style=\"text-align: center;\"><strong>D\u00e9couvrez Barcelone avec un guide priv\u00e9e<\/strong><\/h2>\r\n<p style=\"text-align: center;\">Souhaiteriez vous d\u00e9couvrir Barcelone pendant une visite guid\u00e9e a v\u00e9los? El Ciclo vous propose des tours privatifs avec votre propre guide. Nos guides sont locaux ou vivent depuis de nombreuses ann\u00e9es dans la capitale catalane. Ils vous enmeneront d\u00e9couvrir les incontournables de Barcelone ainsi que de nombreux lieux cach\u00e9s de la ville. De plus, ils vous feront partager leur exp\u00e9rience et recommandations de leurs endroits pr\u00e9f\u00e9r\u00e9s de la ville.Nos guides parlent fran\u00e7ais ainsi que plusieurs autres langues.<\/p>\r\n<p style=\"text-align: center;\"><b>Tarifs<\/b><\/p>\r\n<p style=\"text-align: center;\">2-3 personnes: 42 \u20ac par personne*\r\n4-5 personnes: \u20ac 37 par personne\r\n6-7 personnes: \u20ac 33 par personne\r\n8-10 personnes: 30 \u20ac par personne<\/p>\r\n<p style=\"text-align: center;\">*Un minimum de 2 personnes\r\nEnfants jusqu\u2019\u00e0 12 ans: moiti\u00e9 du prix ( avec un minimum de 2 adultes )\r\nLes enfants qui participent en si\u00e8ge enfant: gratuit<\/p>\r\n<p style=\"text-align: center;\"><b>R\u00e9server votre tour<\/b><\/p>\r\n<p style=\"text-align: center;\">Souhaitez vous r\u00e9server votre tour? Merci de remplir notre formulaire de contact sur notre site ou par mail <a href=\"mailto:ramiro@elciclobcn.com\">ramiro@elciclobcn.com<\/a>. Chacun de nous tours se font sur r\u00e9servation et doivent \u00eatre confirm\u00e9s. Merci de venir a l'heure pr\u00e9vue pour votre tour afin d\u2019\u00eatre sur de pouvoir le faire.Nous recommandons de r\u00e9server votre tour a l'avance.<\/p>\r\n<p style=\"text-align: center;\">Apr\u00e8s avoir re\u00e7u votre r\u00e9servation nous vous renverrons un mail de confirmation.<\/p>","_et_gb_content_width":"","_monsterinsights_skip_tracking":false,"_monsterinsights_sitenote_active":false,"_monsterinsights_sitenote_note":"","_monsterinsights_sitenote_category":0,"footnotes":""},"class_list":["post-82","page","type-page","status-publish","hentry"],"yoast_head":"<!-- This site is optimized with the Yoast SEO plugin v23.2 - https:\/\/yoast.com\/wordpress\/plugins\/seo\/ -->\n<title>Tours guides prives - El Ciclo Barcelona<\/title>\n<meta name=\"robots\" content=\"index, follow, max-snippet:-1, max-image-preview:large, max-video-preview:-1\" \/>\n<link rel=\"canonical\" href=\"https:\/\/www.elciclobcn.com\/fr\/tours-guides-prives\/\" \/>\n<meta property=\"og:locale\" content=\"fr_FR\" \/>\n<meta property=\"og:type\" content=\"article\" \/>\n<meta property=\"og:title\" content=\"Tours guides prives - El Ciclo Barcelona\" \/>\n<meta property=\"og:description\" content=\"&nbsp; &nbsp; &nbsp; &nbsp; &nbsp; \u00a0El Ciclo propose des circuits \u00e0 v\u00e9lo avec un guide personnel, francophone et\/ou n\u00e9erlandophone. Notre guide vous emm\u00e8ne vers les points forts, mais vous montrera \u00e9galement les endroits bien cach\u00e9s hors des sentiers battus que vous pourriez ne pas avoir d\u00e9couverts vous-m\u00eame. Bien s\u00fbr, ils partagent \u00e9galement avec vous leurs [&hellip;]\" \/>\n<meta property=\"og:url\" content=\"https:\/\/www.elciclobcn.com\/fr\/tours-guides-prives\/\" \/>\n<meta property=\"og:site_name\" content=\"El Ciclo Barcelona\" \/>\n<meta property=\"article:modified_time\" content=\"2023-04-14T10:43:16+00:00\" \/>\n<meta name=\"twitter:label1\" content=\"Dur\u00e9e de lecture estim\u00e9e\" \/>\n\t<meta name=\"twitter:data1\" content=\"8 minutes\" \/>\n<script type=\"application\/ld+json\" class=\"yoast-schema-graph\">{\"@context\":\"https:\/\/schema.org\",\"@graph\":[{\"@type\":\"WebPage\",\"@id\":\"https:\/\/www.elciclobcn.com\/fr\/tours-guides-prives\/\",\"url\":\"https:\/\/www.elciclobcn.com\/fr\/tours-guides-prives\/\",\"name\":\"Tours guides prives - El Ciclo Barcelona\",\"isPartOf\":{\"@id\":\"https:\/\/www.elciclobcn.com\/fr\/#website\"},\"datePublished\":\"2016-08-08T09:43:48+00:00\",\"dateModified\":\"2023-04-14T10:43:16+00:00\",\"inLanguage\":\"fr-FR\",\"potentialAction\":[{\"@type\":\"ReadAction\",\"target\":[\"https:\/\/www.elciclobcn.com\/fr\/tours-guides-prives\/\"]}]},{\"@type\":\"WebSite\",\"@id\":\"https:\/\/www.elciclobcn.com\/fr\/#website\",\"url\":\"https:\/\/www.elciclobcn.com\/fr\/\",\"name\":\"El Ciclo Barcelona\",\"description\":\"Location de v\u00e9los, tours &amp; concept store\",\"potentialAction\":[{\"@type\":\"SearchAction\",\"target\":{\"@type\":\"EntryPoint\",\"urlTemplate\":\"https:\/\/www.elciclobcn.com\/fr\/?s={search_term_string}\"},\"query-input\":\"required name=search_term_string\"}],\"inLanguage\":\"fr-FR\"}]}<\/script>\n<!-- \/ Yoast SEO plugin. -->","yoast_head_json":{"title":"Tours guides prives - El Ciclo Barcelona","robots":{"index":"index","follow":"follow","max-snippet":"max-snippet:-1","max-image-preview":"max-image-preview:large","max-video-preview":"max-video-preview:-1"},"canonical":"https:\/\/www.elciclobcn.com\/fr\/tours-guides-prives\/","og_locale":"fr_FR","og_type":"article","og_title":"Tours guides prives - El Ciclo Barcelona","og_description":"&nbsp; &nbsp; &nbsp; &nbsp; &nbsp; \u00a0El Ciclo propose des circuits \u00e0 v\u00e9lo avec un guide personnel, francophone et\/ou n\u00e9erlandophone. Notre guide vous emm\u00e8ne vers les points forts, mais vous montrera \u00e9galement les endroits bien cach\u00e9s hors des sentiers battus que vous pourriez ne pas avoir d\u00e9couverts vous-m\u00eame. Bien s\u00fbr, ils partagent \u00e9galement avec vous leurs [&hellip;]","og_url":"https:\/\/www.elciclobcn.com\/fr\/tours-guides-prives\/","og_site_name":"El Ciclo Barcelona","article_modified_time":"2023-04-14T10:43:16+00:00","twitter_misc":{"Dur\u00e9e de lecture estim\u00e9e":"8 minutes"},"schema":{"@context":"https:\/\/schema.org","@graph":[{"@type":"WebPage","@id":"https:\/\/www.elciclobcn.com\/fr\/tours-guides-prives\/","url":"https:\/\/www.elciclobcn.com\/fr\/tours-guides-prives\/","name":"Tours guides prives - El Ciclo Barcelona","isPartOf":{"@id":"https:\/\/www.elciclobcn.com\/fr\/#website"},"datePublished":"2016-08-08T09:43:48+00:00","dateModified":"2023-04-14T10:43:16+00:00","inLanguage":"fr-FR","potentialAction":[{"@type":"ReadAction","target":["https:\/\/www.elciclobcn.com\/fr\/tours-guides-prives\/"]}]},{"@type":"WebSite","@id":"https:\/\/www.elciclobcn.com\/fr\/#website","url":"https:\/\/www.elciclobcn.com\/fr\/","name":"El Ciclo Barcelona","description":"Location de v\u00e9los, tours &amp; concept store","potentialAction":[{"@type":"SearchAction","target":{"@type":"EntryPoint","urlTemplate":"https:\/\/www.elciclobcn.com\/fr\/?s={search_term_string}"},"query-input":"required name=search_term_string"}],"inLanguage":"fr-FR"}]}},"_links":{"self":[{"href":"https:\/\/www.elciclobcn.com\/fr\/wp-json\/wp\/v2\/pages\/82","targetHints":{"allow":["GET"]}}],"collection":[{"href":"https:\/\/www.elciclobcn.com\/fr\/wp-json\/wp\/v2\/pages"}],"about":[{"href":"https:\/\/www.elciclobcn.com\/fr\/wp-json\/wp\/v2\/types\/page"}],"author":[{"embeddable":true,"href":"https:\/\/www.elciclobcn.com\/fr\/wp-json\/wp\/v2\/users\/1"}],"replies":[{"embeddable":true,"href":"https:\/\/www.elciclobcn.com\/fr\/wp-json\/wp\/v2\/comments?post=82"}],"version-history":[{"count":1,"href":"https:\/\/www.elciclobcn.com\/fr\/wp-json\/wp\/v2\/pages\/82\/revisions"}],"predecessor-version":[{"id":314,"href":"https:\/\/www.elciclobcn.com\/fr\/wp-json\/wp\/v2\/pages\/82\/revisions\/314"}],"wp:attachment":[{"href":"https:\/\/www.elciclobcn.com\/fr\/wp-json\/wp\/v2\/media?parent=82"}],"curies":[{"name":"wp","href":"https:\/\/api.w.org\/{rel}","templated":true}]}}